{"id":20344,"date":"2025-07-22T18:45:34","date_gmt":"2025-07-22T16:45:34","guid":{"rendered":"https:\/\/uj.adatbank.ro\/lexikon\/termek\/simen-gyorgyne-sardi-ozv\/"},"modified":"2025-07-22T18:45:34","modified_gmt":"2025-07-22T16:45:34","slug":"simen-gyorgyne-sardi-ozv","status":"publish","type":"product","link":"https:\/\/uj.adatbank.ro\/lexikon\/termek\/simen-gyorgyne-sardi-ozv\/","title":{"rendered":"SIM\u00c9N Gy\u00f6rgyn\u00e9, s\u00e1rdi, \u00f6zv."},"content":{"rendered":"<p>\u2192THOROCZKAY Kl\u00e1ra, torock\u00f3szentgy\u00f6rgyi<\/p>\n","protected":false},"excerpt":{"rendered":"<p>\u2192THOROCZKAY Kl\u00e1ra, torock\u00f3szentgy\u00f6rgyi<\/p>\n","protected":false},"featured_media":0,"comment_status":"open","ping_status":"closed","template":"","meta":[],"product_brand":[],"product_cat":[137],"product_tag":[],"class_list":{"0":"post-20344","1":"product","2":"type-product","3":"status-publish","5":"product_cat-maros-megyei-eletrajzi-lexikon","7":"first","8":"instock","9":"shipping-taxable","10":"product-type-simple"},"_links":{"self":[{"href":"https:\/\/uj.adatbank.ro\/lexikon\/wp-json\/wp\/v2\/product\/20344","targetHints":{"allow":["GET"]}}],"collection":[{"href":"https:\/\/uj.adatbank.ro\/lexikon\/wp-json\/wp\/v2\/product"}],"about":[{"href":"https:\/\/uj.adatbank.ro\/lexikon\/wp-json\/wp\/v2\/types\/product"}],"replies":[{"embeddable":true,"href":"https:\/\/uj.adatbank.ro\/lexikon\/wp-json\/wp\/v2\/comments?post=20344"}],"wp:attachment":[{"href":"https:\/\/uj.adatbank.ro\/lexikon\/wp-json\/wp\/v2\/media?parent=20344"}],"wp:term":[{"taxonomy":"product_brand","embeddable":true,"href":"https:\/\/uj.adatbank.ro\/lexikon\/wp-json\/wp\/v2\/product_brand?post=20344"},{"taxonomy":"product_cat","embeddable":true,"href":"https:\/\/uj.adatbank.ro\/lexikon\/wp-json\/wp\/v2\/product_cat?post=20344"},{"taxonomy":"product_tag","embeddable":true,"href":"https:\/\/uj.adatbank.ro\/lexikon\/wp-json\/wp\/v2\/product_tag?post=20344"}],"curies":[{"name":"wp","href":"https:\/\/api.w.org\/{rel}","templated":true}]}}