{"id":20345,"date":"2025-07-22T18:45:36","date_gmt":"2025-07-22T16:45:36","guid":{"rendered":"https:\/\/uj.adatbank.ro\/lexikon\/termek\/simen-istvan-simeny-semien\/"},"modified":"2025-07-22T18:45:36","modified_gmt":"2025-07-22T16:45:36","slug":"simen-istvan-simeny-semien","status":"publish","type":"product","link":"https:\/\/uj.adatbank.ro\/lexikon\/termek\/simen-istvan-simeny-semien\/","title":{"rendered":"SIM\u00c9N Istv\u00e1n; Sim\u00e9ny; Semien"},"content":{"rendered":"<p>? \u2020?: Marossz\u00e9k sz\u00f3sz\u00f3l\u00f3ja (1409). \u2013 Gergely fia. A legr\u00e9gebbi a csal\u00e1dban, akir\u0151l eml\u00e9keink vannak. \u0150 maradt S\u00e1rdon, t\u0151le sz\u00e1rmazik a kelementelki \u00e1g. Fia G\u00e1bor. <br \/><strong>Irod.:<\/strong> Nagy Iv\u00e1n.<\/br><\/p>\n","protected":false},"excerpt":{"rendered":"<p>? \u2020?: Marossz\u00e9k sz\u00f3sz\u00f3l\u00f3ja (1409). \u2013 Gergely fia. A legr\u00e9gebbi a csal\u00e1dban, akir\u0151l eml\u00e9keink vannak. \u0150 maradt S\u00e1rdon, t\u0151le sz\u00e1rmazik a kelementelki \u00e1g. Fia G\u00e1bor. Irod.: Nagy Iv\u00e1n.<\/p>\n","protected":false},"featured_media":0,"comment_status":"open","ping_status":"closed","template":"","meta":[],"product_brand":[],"product_cat":[137],"product_tag":[],"class_list":{"0":"post-20345","1":"product","2":"type-product","3":"status-publish","5":"product_cat-maros-megyei-eletrajzi-lexikon","7":"first","8":"instock","9":"shipping-taxable","10":"product-type-simple"},"_links":{"self":[{"href":"https:\/\/uj.adatbank.ro\/lexikon\/wp-json\/wp\/v2\/product\/20345","targetHints":{"allow":["GET"]}}],"collection":[{"href":"https:\/\/uj.adatbank.ro\/lexikon\/wp-json\/wp\/v2\/product"}],"about":[{"href":"https:\/\/uj.adatbank.ro\/lexikon\/wp-json\/wp\/v2\/types\/product"}],"replies":[{"embeddable":true,"href":"https:\/\/uj.adatbank.ro\/lexikon\/wp-json\/wp\/v2\/comments?post=20345"}],"wp:attachment":[{"href":"https:\/\/uj.adatbank.ro\/lexikon\/wp-json\/wp\/v2\/media?parent=20345"}],"wp:term":[{"taxonomy":"product_brand","embeddable":true,"href":"https:\/\/uj.adatbank.ro\/lexikon\/wp-json\/wp\/v2\/product_brand?post=20345"},{"taxonomy":"product_cat","embeddable":true,"href":"https:\/\/uj.adatbank.ro\/lexikon\/wp-json\/wp\/v2\/product_cat?post=20345"},{"taxonomy":"product_tag","embeddable":true,"href":"https:\/\/uj.adatbank.ro\/lexikon\/wp-json\/wp\/v2\/product_tag?post=20345"}],"curies":[{"name":"wp","href":"https:\/\/api.w.org\/{rel}","templated":true}]}}