{"id":20348,"date":"2025-07-22T18:45:42","date_gmt":"2025-07-22T16:45:42","guid":{"rendered":"https:\/\/uj.adatbank.ro\/lexikon\/termek\/simen-klara-simenfalvi-iktari-gr-bethlen-samuelne\/"},"modified":"2025-07-22T18:45:42","modified_gmt":"2025-07-22T16:45:42","slug":"simen-klara-simenfalvi-iktari-gr-bethlen-samuelne","status":"publish","type":"product","link":"https:\/\/uj.adatbank.ro\/lexikon\/termek\/simen-klara-simenfalvi-iktari-gr-bethlen-samuelne\/","title":{"rendered":"SIM\u00c9N Kl\u00e1ra, sim\u00e9nfalvi; ikt\u00e1ri gr. Bethlen S\u00e1mueln\u00e9"},"content":{"rendered":"<p>1781., \u2020 Kv., 1845., a kv.-i H\u00e1zsong\u00e1rdi Bethlen kript\u00e1ban nyugszik: f\u00f6ldbirtokos. \u2013 III. Gy\u00f6rgy \u00e9s Thoroczkay Kl\u00e1ra l\u00e1nya. F\u00e9rje ikt\u00e1ri gr. Bethlen S\u00e1muel. Gyermekeik: Bethlen Domokos (1810. m\u00e1rc. 15. \u2013 1866) \u00e9s Katalin \u2013 B\u00e1nffy Mikl\u00f3sn\u00e9 (1814. m\u00e1rc. 12. \u2013 1871). \u00d6zvegyk\u00e9nt H\u00e9derf\u00e1j\u00e1n lakott, maga kezelte a j\u00f3sz\u00e1g\u00e1t, j\u00f3 gazdaasszony, j\u00f3 rokon \u00e9s j\u00f3 unit\u00e1rius volt. <br \/><strong>Irod.:<\/strong> Ga\u00e1l: Kv. vonz\u00e1s\u00e1ban; H\u00e1zsong\u00e1rd; K\u0151v\u00e1ry L\u00e1szl\u00f3 1899.<\/br><\/p>\n","protected":false},"excerpt":{"rendered":"<p>1781., \u2020 Kv., 1845., a kv.-i H\u00e1zsong\u00e1rdi Bethlen kript\u00e1ban nyugszik: f\u00f6ldbirtokos. \u2013 III. Gy\u00f6rgy \u00e9s Thoroczkay Kl\u00e1ra l\u00e1nya. F\u00e9rje ikt\u00e1ri gr. Bethlen S\u00e1muel. Gyermekeik: Bethlen Domokos (1810. m\u00e1rc. 15. \u2013 1866) \u00e9s Katalin \u2013 B\u00e1nffy Mikl\u00f3sn\u00e9 (1814. m\u00e1rc. 12. \u2013 1871). \u00d6zvegyk\u00e9nt H\u00e9derf\u00e1j\u00e1n lakott, maga kezelte a j\u00f3sz\u00e1g\u00e1t, j\u00f3 gazdaasszony, j\u00f3 rokon \u00e9s j\u00f3 unit\u00e1rius [&hellip;]<\/p>\n","protected":false},"featured_media":0,"comment_status":"open","ping_status":"closed","template":"","meta":[],"product_brand":[],"product_cat":[137],"product_tag":[],"class_list":{"0":"post-20348","1":"product","2":"type-product","3":"status-publish","5":"product_cat-maros-megyei-eletrajzi-lexikon","7":"first","8":"instock","9":"shipping-taxable","10":"product-type-simple"},"_links":{"self":[{"href":"https:\/\/uj.adatbank.ro\/lexikon\/wp-json\/wp\/v2\/product\/20348","targetHints":{"allow":["GET"]}}],"collection":[{"href":"https:\/\/uj.adatbank.ro\/lexikon\/wp-json\/wp\/v2\/product"}],"about":[{"href":"https:\/\/uj.adatbank.ro\/lexikon\/wp-json\/wp\/v2\/types\/product"}],"replies":[{"embeddable":true,"href":"https:\/\/uj.adatbank.ro\/lexikon\/wp-json\/wp\/v2\/comments?post=20348"}],"wp:attachment":[{"href":"https:\/\/uj.adatbank.ro\/lexikon\/wp-json\/wp\/v2\/media?parent=20348"}],"wp:term":[{"taxonomy":"product_brand","embeddable":true,"href":"https:\/\/uj.adatbank.ro\/lexikon\/wp-json\/wp\/v2\/product_brand?post=20348"},{"taxonomy":"product_cat","embeddable":true,"href":"https:\/\/uj.adatbank.ro\/lexikon\/wp-json\/wp\/v2\/product_cat?post=20348"},{"taxonomy":"product_tag","embeddable":true,"href":"https:\/\/uj.adatbank.ro\/lexikon\/wp-json\/wp\/v2\/product_tag?post=20348"}],"curies":[{"name":"wp","href":"https:\/\/api.w.org\/{rel}","templated":true}]}}