{"id":2035,"date":"2025-06-28T12:01:40","date_gmt":"2025-06-28T10:01:40","guid":{"rendered":"https:\/\/uj.adatbank.ro\/lexikon\/termek\/balint-vilmos\/"},"modified":"2025-06-28T12:01:40","modified_gmt":"2025-06-28T10:01:40","slug":"balint-vilmos","status":"publish","type":"product","link":"https:\/\/uj.adatbank.ro\/lexikon\/termek\/balint-vilmos\/","title":{"rendered":"B\u00c1LINT Vilmos"},"content":{"rendered":"<p>Brass\u00f3, 1877. szept. 11., \u2020\u00a0Kozm\u00e1s, 1949. jan. 30.: r. k. pap. \u2013 Tanult Cs\u00edksomly\u00f3n, K\u00e9zdiv\u00e1s\u00e1rhelyen, \u00e9s Gyulafeh\u00e9rv\u00e1ron, ahol a teol\u00f3giai tanulm\u00e1nyait is v\u00e9gezte. Papp\u00e1 szentelt\u00e9k (1900. jan. 21.). K\u00e1pl\u00e1n volt Tord\u00e1n (1900\u2013), Kv.-on (1902\u2013). Pl\u00e9b\u00e1nos \u00c1kosfalv\u00e1n (1904\u201321), Cs\u00edkszenttam\u00e1son (1921\u2013), Kozm\u00e1son (1945\u201349). <br \/><strong>Irod.:<\/strong> Ferenczi S\u00e1ndor 2009<\/br><\/p>\n","protected":false},"excerpt":{"rendered":"<p>Brass\u00f3, 1877. szept. 11., \u2020\u00a0Kozm\u00e1s, 1949. jan. 30.: r. k. pap. \u2013 Tanult Cs\u00edksomly\u00f3n, K\u00e9zdiv\u00e1s\u00e1rhelyen, \u00e9s Gyulafeh\u00e9rv\u00e1ron, ahol a teol\u00f3giai tanulm\u00e1nyait is v\u00e9gezte. Papp\u00e1 szentelt\u00e9k (1900. jan. 21.). K\u00e1pl\u00e1n volt Tord\u00e1n (1900\u2013), Kv.-on (1902\u2013). Pl\u00e9b\u00e1nos \u00c1kosfalv\u00e1n (1904\u201321), Cs\u00edkszenttam\u00e1son (1921\u2013), Kozm\u00e1son (1945\u201349). Irod.: Ferenczi S\u00e1ndor 2009<\/p>\n","protected":false},"featured_media":0,"comment_status":"open","ping_status":"closed","template":"","meta":[],"product_brand":[],"product_cat":[137],"product_tag":[],"class_list":{"0":"post-2035","1":"product","2":"type-product","3":"status-publish","5":"product_cat-maros-megyei-eletrajzi-lexikon","7":"first","8":"instock","9":"shipping-taxable","10":"product-type-simple"},"_links":{"self":[{"href":"https:\/\/uj.adatbank.ro\/lexikon\/wp-json\/wp\/v2\/product\/2035","targetHints":{"allow":["GET"]}}],"collection":[{"href":"https:\/\/uj.adatbank.ro\/lexikon\/wp-json\/wp\/v2\/product"}],"about":[{"href":"https:\/\/uj.adatbank.ro\/lexikon\/wp-json\/wp\/v2\/types\/product"}],"replies":[{"embeddable":true,"href":"https:\/\/uj.adatbank.ro\/lexikon\/wp-json\/wp\/v2\/comments?post=2035"}],"wp:attachment":[{"href":"https:\/\/uj.adatbank.ro\/lexikon\/wp-json\/wp\/v2\/media?parent=2035"}],"wp:term":[{"taxonomy":"product_brand","embeddable":true,"href":"https:\/\/uj.adatbank.ro\/lexikon\/wp-json\/wp\/v2\/product_brand?post=2035"},{"taxonomy":"product_cat","embeddable":true,"href":"https:\/\/uj.adatbank.ro\/lexikon\/wp-json\/wp\/v2\/product_cat?post=2035"},{"taxonomy":"product_tag","embeddable":true,"href":"https:\/\/uj.adatbank.ro\/lexikon\/wp-json\/wp\/v2\/product_tag?post=2035"}],"curies":[{"name":"wp","href":"https:\/\/api.w.org\/{rel}","templated":true}]}}