{"id":20350,"date":"2025-07-22T18:45:45","date_gmt":"2025-07-22T16:45:45","guid":{"rendered":"https:\/\/uj.adatbank.ro\/lexikon\/termek\/simen-pal\/"},"modified":"2025-07-22T18:45:45","modified_gmt":"2025-07-22T16:45:45","slug":"simen-pal","status":"publish","type":"product","link":"https:\/\/uj.adatbank.ro\/lexikon\/termek\/simen-pal\/","title":{"rendered":"SIM\u00c9N P\u00e1l"},"content":{"rendered":"<p>? \u2020?: f\u00f6ldbirtokos Sz\u00e9plakon. \u2013 Gergely fia, aki S\u00e1rdon telepedett le. Elvette k\u00f6vesdi Nagy Ann\u00e1t, akivel megkapta a sz\u00e9plaki r\u00e9szbirtokot, amelyet a Horv\u00e1th csal\u00e1ddal osztottak el (1609). Fiai Tam\u00e1s, J\u00e1nos, Istv\u00e1n terjesztette a sz\u00e9plaki \u00e1gat, de val\u00f3sz\u00edn\u0171, hogy t\u0151l\u00fck sz\u00e1rmazott a solymosi \u00e1g is, mert a sz\u00e9plaki \u00e1g magvaszakadt\u00e1val a solymosi \u00e1g \u00f6r\u00f6k\u00f6lte a sz\u00e9plaki j\u00f3sz\u00e1got is. <br \/><strong>Irod.:<\/strong> K\u0151v\u00e1ry L\u00e1szl\u00f3 1899; Nagy Iv\u00e1n.<\/br><\/p>\n","protected":false},"excerpt":{"rendered":"<p>? \u2020?: f\u00f6ldbirtokos Sz\u00e9plakon. \u2013 Gergely fia, aki S\u00e1rdon telepedett le. Elvette k\u00f6vesdi Nagy Ann\u00e1t, akivel megkapta a sz\u00e9plaki r\u00e9szbirtokot, amelyet a Horv\u00e1th csal\u00e1ddal osztottak el (1609). Fiai Tam\u00e1s, J\u00e1nos, Istv\u00e1n terjesztette a sz\u00e9plaki \u00e1gat, de val\u00f3sz\u00edn\u0171, hogy t\u0151l\u00fck sz\u00e1rmazott a solymosi \u00e1g is, mert a sz\u00e9plaki \u00e1g magvaszakadt\u00e1val a solymosi \u00e1g \u00f6r\u00f6k\u00f6lte a sz\u00e9plaki [&hellip;]<\/p>\n","protected":false},"featured_media":0,"comment_status":"open","ping_status":"closed","template":"","meta":[],"product_brand":[],"product_cat":[137],"product_tag":[],"class_list":{"0":"post-20350","1":"product","2":"type-product","3":"status-publish","5":"product_cat-maros-megyei-eletrajzi-lexikon","7":"first","8":"instock","9":"shipping-taxable","10":"product-type-simple"},"_links":{"self":[{"href":"https:\/\/uj.adatbank.ro\/lexikon\/wp-json\/wp\/v2\/product\/20350","targetHints":{"allow":["GET"]}}],"collection":[{"href":"https:\/\/uj.adatbank.ro\/lexikon\/wp-json\/wp\/v2\/product"}],"about":[{"href":"https:\/\/uj.adatbank.ro\/lexikon\/wp-json\/wp\/v2\/types\/product"}],"replies":[{"embeddable":true,"href":"https:\/\/uj.adatbank.ro\/lexikon\/wp-json\/wp\/v2\/comments?post=20350"}],"wp:attachment":[{"href":"https:\/\/uj.adatbank.ro\/lexikon\/wp-json\/wp\/v2\/media?parent=20350"}],"wp:term":[{"taxonomy":"product_brand","embeddable":true,"href":"https:\/\/uj.adatbank.ro\/lexikon\/wp-json\/wp\/v2\/product_brand?post=20350"},{"taxonomy":"product_cat","embeddable":true,"href":"https:\/\/uj.adatbank.ro\/lexikon\/wp-json\/wp\/v2\/product_cat?post=20350"},{"taxonomy":"product_tag","embeddable":true,"href":"https:\/\/uj.adatbank.ro\/lexikon\/wp-json\/wp\/v2\/product_tag?post=20350"}],"curies":[{"name":"wp","href":"https:\/\/api.w.org\/{rel}","templated":true}]}}