{"id":20357,"date":"2025-07-22T18:46:02","date_gmt":"2025-07-22T16:46:02","guid":{"rendered":"https:\/\/uj.adatbank.ro\/lexikon\/termek\/simionescu-alexandru\/"},"modified":"2025-07-22T18:46:02","modified_gmt":"2025-07-22T16:46:02","slug":"simionescu-alexandru","status":"publish","type":"product","link":"https:\/\/uj.adatbank.ro\/lexikon\/termek\/simionescu-alexandru\/","title":{"rendered":"SIMIONESCU, Alexandru"},"content":{"rendered":"<p>Ny\u00e1r\u00e1db\u00e1lintfalva, 1924. okt. 2., \u2020 Ny\u00e1r\u00e1db\u00e1lintfalva, 1944. szept. 28.: \u00f6nk\u00e9ntes. \u2013 Apja r\u00e9szt vett a gyulafeh\u00e9rv\u00e1ri nagygy\u0171l\u00e9sen (1918. dec. 1.). Sz\u00fcl\u0151faluj\u00e1ban tanult, majd a mv.-i Mihai Viteazul Katonai L\u00edc.-ban (1938\u201340), nem menek\u00fclt el a L\u00edceummal Temesv\u00e1rra (1940), hanem sz\u00fcl\u0151faluj\u00e1ba t\u00e9rt vissza. A marosh\u00e9vizi k\u00e9nyszermunkat\u00e1borb\u00f3l megsz\u00f6k\u00f6tt (1944. aug. 23.), \u00f6nk\u00e9ntesk\u00e9nt \u00e1llt a rom\u00e1n felder\u00edt\u0151 hadoszt\u00e1lyba, kalauzolta a vad\u00e1szz\u00e1szl\u00f3aljat, elesett a Mv. felszabad\u00edt\u00e1s\u00e1\u00e9rt v\u00edvott harcokban. <br \/><strong>Irod.:<\/strong> MMK; Vasile T. Suciu: A felder\u00edt\u0151k \u00e9l\u00e9n (V. Z., 1989. szept. 10.).<\/br><\/p>\n","protected":false},"excerpt":{"rendered":"<p>Ny\u00e1r\u00e1db\u00e1lintfalva, 1924. okt. 2., \u2020 Ny\u00e1r\u00e1db\u00e1lintfalva, 1944. szept. 28.: \u00f6nk\u00e9ntes. \u2013 Apja r\u00e9szt vett a gyulafeh\u00e9rv\u00e1ri nagygy\u0171l\u00e9sen (1918. dec. 1.). Sz\u00fcl\u0151faluj\u00e1ban tanult, majd a mv.-i Mihai Viteazul Katonai L\u00edc.-ban (1938\u201340), nem menek\u00fclt el a L\u00edceummal Temesv\u00e1rra (1940), hanem sz\u00fcl\u0151faluj\u00e1ba t\u00e9rt vissza. A marosh\u00e9vizi k\u00e9nyszermunkat\u00e1borb\u00f3l megsz\u00f6k\u00f6tt (1944. aug. 23.), \u00f6nk\u00e9ntesk\u00e9nt \u00e1llt a rom\u00e1n felder\u00edt\u0151 hadoszt\u00e1lyba, kalauzolta [&hellip;]<\/p>\n","protected":false},"featured_media":0,"comment_status":"open","ping_status":"closed","template":"","meta":[],"product_brand":[],"product_cat":[137],"product_tag":[],"class_list":{"0":"post-20357","1":"product","2":"type-product","3":"status-publish","5":"product_cat-maros-megyei-eletrajzi-lexikon","7":"first","8":"instock","9":"shipping-taxable","10":"product-type-simple"},"_links":{"self":[{"href":"https:\/\/uj.adatbank.ro\/lexikon\/wp-json\/wp\/v2\/product\/20357","targetHints":{"allow":["GET"]}}],"collection":[{"href":"https:\/\/uj.adatbank.ro\/lexikon\/wp-json\/wp\/v2\/product"}],"about":[{"href":"https:\/\/uj.adatbank.ro\/lexikon\/wp-json\/wp\/v2\/types\/product"}],"replies":[{"embeddable":true,"href":"https:\/\/uj.adatbank.ro\/lexikon\/wp-json\/wp\/v2\/comments?post=20357"}],"wp:attachment":[{"href":"https:\/\/uj.adatbank.ro\/lexikon\/wp-json\/wp\/v2\/media?parent=20357"}],"wp:term":[{"taxonomy":"product_brand","embeddable":true,"href":"https:\/\/uj.adatbank.ro\/lexikon\/wp-json\/wp\/v2\/product_brand?post=20357"},{"taxonomy":"product_cat","embeddable":true,"href":"https:\/\/uj.adatbank.ro\/lexikon\/wp-json\/wp\/v2\/product_cat?post=20357"},{"taxonomy":"product_tag","embeddable":true,"href":"https:\/\/uj.adatbank.ro\/lexikon\/wp-json\/wp\/v2\/product_tag?post=20357"}],"curies":[{"name":"wp","href":"https:\/\/api.w.org\/{rel}","templated":true}]}}