{"id":20358,"date":"2025-07-22T18:46:05","date_gmt":"2025-07-22T16:46:05","guid":{"rendered":"https:\/\/uj.adatbank.ro\/lexikon\/termek\/simionescu-florea\/"},"modified":"2025-07-22T18:46:05","modified_gmt":"2025-07-22T16:46:05","slug":"simionescu-florea","status":"publish","type":"product","link":"https:\/\/uj.adatbank.ro\/lexikon\/termek\/simionescu-florea\/","title":{"rendered":"SIMIONESCU, Florea"},"content":{"rendered":"<p>1913. okt. 27., \u2020?: \u0151rmester. \u2013 R\u00e9geni lakos. Mv.-en a 39. t\u00fcz\u00e9rezredben szolg\u00e1lt. R\u00e9szt vett a rom\u00e1n hadsereg k\u00f6tel\u00e9k\u00e9ben a keleti hadj\u00e1ratban (1944. \u00e1pr. 7. \u2013), \u00e9s a nyugati hadj\u00e1ratban (1944. nov. 16-ig). Kit\u00fcntet\u00e9se: B\u0103rb\u0103\u0163ie \u015fi credin\u0163\u0103, cl. a II-a \u015fi a III-a. <br \/><strong>Irod.:<\/strong> Reghin, militari.<\/br><\/p>\n","protected":false},"excerpt":{"rendered":"<p>1913. okt. 27., \u2020?: \u0151rmester. \u2013 R\u00e9geni lakos. Mv.-en a 39. t\u00fcz\u00e9rezredben szolg\u00e1lt. R\u00e9szt vett a rom\u00e1n hadsereg k\u00f6tel\u00e9k\u00e9ben a keleti hadj\u00e1ratban (1944. \u00e1pr. 7. \u2013), \u00e9s a nyugati hadj\u00e1ratban (1944. nov. 16-ig). Kit\u00fcntet\u00e9se: B\u0103rb\u0103\u0163ie \u015fi credin\u0163\u0103, cl. a II-a \u015fi a III-a. Irod.: Reghin, militari.<\/p>\n","protected":false},"featured_media":0,"comment_status":"open","ping_status":"closed","template":"","meta":[],"product_brand":[],"product_cat":[137],"product_tag":[],"class_list":{"0":"post-20358","1":"product","2":"type-product","3":"status-publish","5":"product_cat-maros-megyei-eletrajzi-lexikon","7":"first","8":"instock","9":"shipping-taxable","10":"product-type-simple"},"_links":{"self":[{"href":"https:\/\/uj.adatbank.ro\/lexikon\/wp-json\/wp\/v2\/product\/20358","targetHints":{"allow":["GET"]}}],"collection":[{"href":"https:\/\/uj.adatbank.ro\/lexikon\/wp-json\/wp\/v2\/product"}],"about":[{"href":"https:\/\/uj.adatbank.ro\/lexikon\/wp-json\/wp\/v2\/types\/product"}],"replies":[{"embeddable":true,"href":"https:\/\/uj.adatbank.ro\/lexikon\/wp-json\/wp\/v2\/comments?post=20358"}],"wp:attachment":[{"href":"https:\/\/uj.adatbank.ro\/lexikon\/wp-json\/wp\/v2\/media?parent=20358"}],"wp:term":[{"taxonomy":"product_brand","embeddable":true,"href":"https:\/\/uj.adatbank.ro\/lexikon\/wp-json\/wp\/v2\/product_brand?post=20358"},{"taxonomy":"product_cat","embeddable":true,"href":"https:\/\/uj.adatbank.ro\/lexikon\/wp-json\/wp\/v2\/product_cat?post=20358"},{"taxonomy":"product_tag","embeddable":true,"href":"https:\/\/uj.adatbank.ro\/lexikon\/wp-json\/wp\/v2\/product_tag?post=20358"}],"curies":[{"name":"wp","href":"https:\/\/api.w.org\/{rel}","templated":true}]}}