{"id":20359,"date":"2025-07-22T18:46:06","date_gmt":"2025-07-22T16:46:06","guid":{"rendered":"https:\/\/uj.adatbank.ro\/lexikon\/termek\/simionescu-virgil\/"},"modified":"2025-07-22T18:46:06","modified_gmt":"2025-07-22T16:46:06","slug":"simionescu-virgil","status":"publish","type":"product","link":"https:\/\/uj.adatbank.ro\/lexikon\/termek\/simionescu-virgil\/","title":{"rendered":"SIMIONESCU, Virgil"},"content":{"rendered":"<p>? \u2020?: templomfest\u0151. \u2013 A mv.-i nagy ortodox katedr\u00e1lis fresk\u00f3it a buk.-i D. Br\u0103escu, ikonoszt\u00e1z\u00e1t a lugosi Virgil Simionescu fest\u0151 alkotta (1934). A g. kat templom fest\u00e9s\u00e9t is \u0151 k\u00e9sz\u00edtette (1935). <br \/><strong>Irod.:<\/strong> Id\u0151t\u00e1r 3; Man, 3.; Mv. m\u0171v. v\u00e1r; Petreanu, Coriolan: L\u2019Art roumain de Transylvanie (Buc, 1938).<\/br><\/p>\n","protected":false},"excerpt":{"rendered":"<p>? \u2020?: templomfest\u0151. \u2013 A mv.-i nagy ortodox katedr\u00e1lis fresk\u00f3it a buk.-i D. Br\u0103escu, ikonoszt\u00e1z\u00e1t a lugosi Virgil Simionescu fest\u0151 alkotta (1934). A g. kat templom fest\u00e9s\u00e9t is \u0151 k\u00e9sz\u00edtette (1935). Irod.: Id\u0151t\u00e1r 3; Man, 3.; Mv. m\u0171v. v\u00e1r; Petreanu, Coriolan: L\u2019Art roumain de Transylvanie (Buc, 1938).<\/p>\n","protected":false},"featured_media":0,"comment_status":"open","ping_status":"closed","template":"","meta":[],"product_brand":[],"product_cat":[137],"product_tag":[],"class_list":{"0":"post-20359","1":"product","2":"type-product","3":"status-publish","5":"product_cat-maros-megyei-eletrajzi-lexikon","7":"first","8":"instock","9":"shipping-taxable","10":"product-type-simple"},"_links":{"self":[{"href":"https:\/\/uj.adatbank.ro\/lexikon\/wp-json\/wp\/v2\/product\/20359","targetHints":{"allow":["GET"]}}],"collection":[{"href":"https:\/\/uj.adatbank.ro\/lexikon\/wp-json\/wp\/v2\/product"}],"about":[{"href":"https:\/\/uj.adatbank.ro\/lexikon\/wp-json\/wp\/v2\/types\/product"}],"replies":[{"embeddable":true,"href":"https:\/\/uj.adatbank.ro\/lexikon\/wp-json\/wp\/v2\/comments?post=20359"}],"wp:attachment":[{"href":"https:\/\/uj.adatbank.ro\/lexikon\/wp-json\/wp\/v2\/media?parent=20359"}],"wp:term":[{"taxonomy":"product_brand","embeddable":true,"href":"https:\/\/uj.adatbank.ro\/lexikon\/wp-json\/wp\/v2\/product_brand?post=20359"},{"taxonomy":"product_cat","embeddable":true,"href":"https:\/\/uj.adatbank.ro\/lexikon\/wp-json\/wp\/v2\/product_cat?post=20359"},{"taxonomy":"product_tag","embeddable":true,"href":"https:\/\/uj.adatbank.ro\/lexikon\/wp-json\/wp\/v2\/product_tag?post=20359"}],"curies":[{"name":"wp","href":"https:\/\/api.w.org\/{rel}","templated":true}]}}