{"id":20363,"date":"2025-07-22T18:46:14","date_gmt":"2025-07-22T16:46:14","guid":{"rendered":"https:\/\/uj.adatbank.ro\/lexikon\/termek\/simo-attila-%c2%a7\/"},"modified":"2025-07-22T18:46:14","modified_gmt":"2025-07-22T16:46:14","slug":"simo-attila-%c2%a7","status":"publish","type":"product","link":"https:\/\/uj.adatbank.ro\/lexikon\/termek\/simo-attila-%c2%a7\/","title":{"rendered":"SIM\u00d3 Attila, \u00a7"},"content":{"rendered":"<p>Iszl\u00f3, 1916. j\u00fan. 2., \u2020\u00a0Sz\u00e1szr\u00e9gen, 1995. szept. 19: unit. lelk\u00e9sz. \u2013 Mv.-en \u00e9retts\u00e9gizett a Ref. Koll.-ban (1936); Kv.-on egyetemista a term\u00e9szetrajz-f\u00f6ldrajz szakon (1936\u201338), majd az Unit. Teol\u00f3giai Akad.-\u00e1n szerzett lelk\u00e9szi oklevelet (1943). Balatonlell\u00e9n n\u00e9pnevel\u00e9si vezet\u0151k\u00e9pz\u0151 (1940), Kv.-on \u00e9s Kass\u00e1n t\u00e1bori lelk\u00e9sz (1941\u201342), Kocsordon lelk\u00e9sz (1943\u201344); Kv.-on, ill. a szovjet harcvonalon t\u00e1bori lelk\u00e9sz (1944\u201345); szovjet hadifogs\u00e1gba esett (1945); a ny\u00e1r\u00e1dszentm\u00e1rtoni egyh\u00e1zk\u00f6zs\u00e9g lelk\u00e9sze (1946\u201383). Szeidl Ferenc \u00e9s Mesnyi J\u00e1nos mesterekkel megjav\u00edttatta a sz\u00e9tl\u0151tt orgon\u00e1t (1948). Sok jav\u00edt\u00e1st v\u00e9geztek a templomon \u00e9s k\u00f6r\u00fcl\u00f6tte, \u00faj harangot \u00f6ntettek bevezett\u00e9k a g\u00e1zt (1949\u201374). Beszolg\u00e1lt B\u00fazah\u00e1z\u00e1ban is, \u00e9s itt a templom mell\u00e9 tornyot \u00e9p\u00edttetett (a II. vh. ut\u00e1n). Ny\u00e1r\u00e1dszentm\u00e1rtonban megalak\u00edtotta a fogyaszt\u00e1si sz\u00f6vetkezetet (1948), amelynek els\u0151 eln\u00f6ke is volt. Javaslat\u00e1ra megalakult a Cs\u00edkfalvi Unit. T\u00e1rsegyh\u00e1zk\u00f6zs\u00e9g 1949). A templom \u00e9s az egyh\u00e1z t\u00f6rt\u00e9net\u00e9t hagyta az ut\u00f3dokra. <strong>Cikkei:<\/strong> Unit\u00e1rius K\u00f6zlem\u00e9nyek. \u2013 <strong><strong>F. m.<\/strong><\/strong>: <strong>szerk.:<\/strong> Kov\u00e1cs Lajos: Imak\u00f6nyv (Kv., 1963). <br \/><strong>Irod.:<\/strong> Bodolai Gy\u00f6ngyi: 725 \u00e9v a j\u00f6v\u0151\u00e9rt (N\u00fa., 1996. nov. 12.); Cs\u00edkfalva; Kelemen; Kelemen Imre; KKACs; [Nekrol\u00f3g] (N\u00fa., 1995. szept. 21.).<\/br><\/p>\n","protected":false},"excerpt":{"rendered":"<p>Iszl\u00f3, 1916. j\u00fan. 2., \u2020\u00a0Sz\u00e1szr\u00e9gen, 1995. szept. 19: unit. lelk\u00e9sz. \u2013 Mv.-en \u00e9retts\u00e9gizett a Ref. Koll.-ban (1936); Kv.-on egyetemista a term\u00e9szetrajz-f\u00f6ldrajz szakon (1936\u201338), majd az Unit. Teol\u00f3giai Akad.-\u00e1n szerzett lelk\u00e9szi oklevelet (1943). Balatonlell\u00e9n n\u00e9pnevel\u00e9si vezet\u0151k\u00e9pz\u0151 (1940), Kv.-on \u00e9s Kass\u00e1n t\u00e1bori lelk\u00e9sz (1941\u201342), Kocsordon lelk\u00e9sz (1943\u201344); Kv.-on, ill. a szovjet harcvonalon t\u00e1bori lelk\u00e9sz (1944\u201345); szovjet hadifogs\u00e1gba [&hellip;]<\/p>\n","protected":false},"featured_media":0,"comment_status":"open","ping_status":"closed","template":"","meta":[],"product_brand":[],"product_cat":[137],"product_tag":[],"class_list":{"0":"post-20363","1":"product","2":"type-product","3":"status-publish","5":"product_cat-maros-megyei-eletrajzi-lexikon","7":"first","8":"instock","9":"shipping-taxable","10":"product-type-simple"},"_links":{"self":[{"href":"https:\/\/uj.adatbank.ro\/lexikon\/wp-json\/wp\/v2\/product\/20363","targetHints":{"allow":["GET"]}}],"collection":[{"href":"https:\/\/uj.adatbank.ro\/lexikon\/wp-json\/wp\/v2\/product"}],"about":[{"href":"https:\/\/uj.adatbank.ro\/lexikon\/wp-json\/wp\/v2\/types\/product"}],"replies":[{"embeddable":true,"href":"https:\/\/uj.adatbank.ro\/lexikon\/wp-json\/wp\/v2\/comments?post=20363"}],"wp:attachment":[{"href":"https:\/\/uj.adatbank.ro\/lexikon\/wp-json\/wp\/v2\/media?parent=20363"}],"wp:term":[{"taxonomy":"product_brand","embeddable":true,"href":"https:\/\/uj.adatbank.ro\/lexikon\/wp-json\/wp\/v2\/product_brand?post=20363"},{"taxonomy":"product_cat","embeddable":true,"href":"https:\/\/uj.adatbank.ro\/lexikon\/wp-json\/wp\/v2\/product_cat?post=20363"},{"taxonomy":"product_tag","embeddable":true,"href":"https:\/\/uj.adatbank.ro\/lexikon\/wp-json\/wp\/v2\/product_tag?post=20363"}],"curies":[{"name":"wp","href":"https:\/\/api.w.org\/{rel}","templated":true}]}}