{"id":20364,"date":"2025-07-22T18:46:16","date_gmt":"2025-07-22T16:46:16","guid":{"rendered":"https:\/\/uj.adatbank.ro\/lexikon\/termek\/simo-donca-%c2%a7\/"},"modified":"2025-07-22T18:46:16","modified_gmt":"2025-07-22T16:46:16","slug":"simo-donca-%c2%a7","status":"publish","type":"product","link":"https:\/\/uj.adatbank.ro\/lexikon\/termek\/simo-donca-%c2%a7\/","title":{"rendered":"SIM\u00d3 Donca, \u00a7"},"content":{"rendered":"<p>1910. okt. 17., \u2020 Buk., 1937. j\u00fan. 8.: a RKP harcosa. \u2013 Bolg\u00e1r sz\u00e1rmaz\u00e1s\u00fa, az illegalit\u00e1sban ismerkedett meg Sim\u00f3 G\u00e9za egyik fi\u00e1val, Gyul\u00e1val, a konstancai b\u00f6rt\u00f6nben sz\u00fclte fi\u00e1t S. Vilmost. \u2013 A dobrudzsai Bazarcic-b\u00f3l ker\u00fclt Buk.-be, ahol egy sz\u00f6v\u0151d\u00e9ben dolgozott. Bekapcsol\u00f3dott a KISZ illeg\u00e1lis munk\u00e1j\u00e1ba (1927\u2013). A b\u00f6rt\u00f6nb\u0151l szabadulva gyermek\u00e9vel Mv.-en, a Sim\u00f3 csal\u00e1dban \u00e9ltek (1934\u2013). Tanul\u00e1ssal t\u00f6lt\u00f6tte az id\u0151t. A KISZ KB. Buk.-be rendelte, ahol \u00fajabb p\u00e1rtfeladattal b\u00edzt\u00e1k meg, a Sc\u00e2nteia illeg\u00e1lis nyomd\u00e1j\u00e1ban dolgozott, lebukott, 10 \u00e9vi b\u00f6rt\u00f6nre \u00edt\u00e9lik, a v\u0103c\u0103re\u015fti b\u00f6rt\u00f6nben raboskodott, megbetegedett, k\u00e9s\u0151n sz\u00e1ll\u00edtott\u00e1k k\u00f3rh\u00e1zba. <br \/><strong>Irod.:<\/strong> E. M.: S. D. (Szabad Sz\u00f3, 1946. j\u00fan. 13.); Gr\u00fcn Magda: S. D. eml\u00e9k\u00e9re (V. Z., 1970. okt. 17.); Katona Szab\u00f3; Marosi Ildik\u00f3: H\u00e1rom marosv\u00e1s\u00e1rhelyi portr\u00e9 (A H\u00e9t \u00e9vk., 1979).<\/br><\/p>\n","protected":false},"excerpt":{"rendered":"<p>1910. okt. 17., \u2020 Buk., 1937. j\u00fan. 8.: a RKP harcosa. \u2013 Bolg\u00e1r sz\u00e1rmaz\u00e1s\u00fa, az illegalit\u00e1sban ismerkedett meg Sim\u00f3 G\u00e9za egyik fi\u00e1val, Gyul\u00e1val, a konstancai b\u00f6rt\u00f6nben sz\u00fclte fi\u00e1t S. Vilmost. \u2013 A dobrudzsai Bazarcic-b\u00f3l ker\u00fclt Buk.-be, ahol egy sz\u00f6v\u0151d\u00e9ben dolgozott. Bekapcsol\u00f3dott a KISZ illeg\u00e1lis munk\u00e1j\u00e1ba (1927\u2013). A b\u00f6rt\u00f6nb\u0151l szabadulva gyermek\u00e9vel Mv.-en, a Sim\u00f3 csal\u00e1dban \u00e9ltek [&hellip;]<\/p>\n","protected":false},"featured_media":0,"comment_status":"open","ping_status":"closed","template":"","meta":[],"product_brand":[],"product_cat":[137],"product_tag":[],"class_list":{"0":"post-20364","1":"product","2":"type-product","3":"status-publish","5":"product_cat-maros-megyei-eletrajzi-lexikon","7":"first","8":"instock","9":"shipping-taxable","10":"product-type-simple"},"_links":{"self":[{"href":"https:\/\/uj.adatbank.ro\/lexikon\/wp-json\/wp\/v2\/product\/20364","targetHints":{"allow":["GET"]}}],"collection":[{"href":"https:\/\/uj.adatbank.ro\/lexikon\/wp-json\/wp\/v2\/product"}],"about":[{"href":"https:\/\/uj.adatbank.ro\/lexikon\/wp-json\/wp\/v2\/types\/product"}],"replies":[{"embeddable":true,"href":"https:\/\/uj.adatbank.ro\/lexikon\/wp-json\/wp\/v2\/comments?post=20364"}],"wp:attachment":[{"href":"https:\/\/uj.adatbank.ro\/lexikon\/wp-json\/wp\/v2\/media?parent=20364"}],"wp:term":[{"taxonomy":"product_brand","embeddable":true,"href":"https:\/\/uj.adatbank.ro\/lexikon\/wp-json\/wp\/v2\/product_brand?post=20364"},{"taxonomy":"product_cat","embeddable":true,"href":"https:\/\/uj.adatbank.ro\/lexikon\/wp-json\/wp\/v2\/product_cat?post=20364"},{"taxonomy":"product_tag","embeddable":true,"href":"https:\/\/uj.adatbank.ro\/lexikon\/wp-json\/wp\/v2\/product_tag?post=20364"}],"curies":[{"name":"wp","href":"https:\/\/api.w.org\/{rel}","templated":true}]}}