{"id":20369,"date":"2025-07-22T18:46:29","date_gmt":"2025-07-22T16:46:29","guid":{"rendered":"https:\/\/uj.adatbank.ro\/lexikon\/termek\/simo-gabor-kissolymosi-2\/"},"modified":"2025-07-22T18:46:29","modified_gmt":"2025-07-22T16:46:29","slug":"simo-gabor-kissolymosi-2","status":"publish","type":"product","link":"https:\/\/uj.adatbank.ro\/lexikon\/termek\/simo-gabor-kissolymosi-2\/","title":{"rendered":"SIM\u00d3 G\u00e1bor, kissolymosi"},"content":{"rendered":"<p>? \u2020\u00a0Mv., 1939. m\u00e1j. 6.: tan\u00edt\u00f3, hangszerk\u00e9sz\u00edt\u0151. \u2013 A Ref. Koll.-ban tan\u00edtott. Sz\u00e9kely ezermester, heged\u0171k\u00e9sz\u00edt\u0151 volt. A v\u00e1rosban csak a sz\u00e9kely Stradivarius n\u00e9ven emlegett\u00e9k. A Dorohoi-i Ap\u0103teanu Alexandrut tan\u00edtotta meg a heged\u0171k\u00e9sz\u00edt\u00e9s mesters\u00e9g\u00e9re, aki tud\u00e1s\u00e1t \u00e1tadta a k\u00e9s\u0151bbi neves Boianciuc Roman sz\u00e1szr\u00e9geni hangszerk\u00e9sz\u00edt\u0151nek. <br \/><strong>Irod.:<\/strong> Id\u0151t\u00e1r 3; L\u0103z\u0103roiu.<\/br><\/p>\n","protected":false},"excerpt":{"rendered":"<p>? \u2020\u00a0Mv., 1939. m\u00e1j. 6.: tan\u00edt\u00f3, hangszerk\u00e9sz\u00edt\u0151. \u2013 A Ref. Koll.-ban tan\u00edtott. Sz\u00e9kely ezermester, heged\u0171k\u00e9sz\u00edt\u0151 volt. A v\u00e1rosban csak a sz\u00e9kely Stradivarius n\u00e9ven emlegett\u00e9k. A Dorohoi-i Ap\u0103teanu Alexandrut tan\u00edtotta meg a heged\u0171k\u00e9sz\u00edt\u00e9s mesters\u00e9g\u00e9re, aki tud\u00e1s\u00e1t \u00e1tadta a k\u00e9s\u0151bbi neves Boianciuc Roman sz\u00e1szr\u00e9geni hangszerk\u00e9sz\u00edt\u0151nek. Irod.: Id\u0151t\u00e1r 3; L\u0103z\u0103roiu.<\/p>\n","protected":false},"featured_media":0,"comment_status":"open","ping_status":"closed","template":"","meta":[],"product_brand":[],"product_cat":[137],"product_tag":[],"class_list":{"0":"post-20369","1":"product","2":"type-product","3":"status-publish","5":"product_cat-maros-megyei-eletrajzi-lexikon","7":"first","8":"instock","9":"shipping-taxable","10":"product-type-simple"},"_links":{"self":[{"href":"https:\/\/uj.adatbank.ro\/lexikon\/wp-json\/wp\/v2\/product\/20369","targetHints":{"allow":["GET"]}}],"collection":[{"href":"https:\/\/uj.adatbank.ro\/lexikon\/wp-json\/wp\/v2\/product"}],"about":[{"href":"https:\/\/uj.adatbank.ro\/lexikon\/wp-json\/wp\/v2\/types\/product"}],"replies":[{"embeddable":true,"href":"https:\/\/uj.adatbank.ro\/lexikon\/wp-json\/wp\/v2\/comments?post=20369"}],"wp:attachment":[{"href":"https:\/\/uj.adatbank.ro\/lexikon\/wp-json\/wp\/v2\/media?parent=20369"}],"wp:term":[{"taxonomy":"product_brand","embeddable":true,"href":"https:\/\/uj.adatbank.ro\/lexikon\/wp-json\/wp\/v2\/product_brand?post=20369"},{"taxonomy":"product_cat","embeddable":true,"href":"https:\/\/uj.adatbank.ro\/lexikon\/wp-json\/wp\/v2\/product_cat?post=20369"},{"taxonomy":"product_tag","embeddable":true,"href":"https:\/\/uj.adatbank.ro\/lexikon\/wp-json\/wp\/v2\/product_tag?post=20369"}],"curies":[{"name":"wp","href":"https:\/\/api.w.org\/{rel}","templated":true}]}}