{"id":20371,"date":"2025-07-22T18:46:32","date_gmt":"2025-07-22T16:46:32","guid":{"rendered":"https:\/\/uj.adatbank.ro\/lexikon\/termek\/simo-geza-%c2%a7\/"},"modified":"2025-07-22T18:46:32","modified_gmt":"2025-07-22T16:46:32","slug":"simo-geza-%c2%a7","status":"publish","type":"product","link":"https:\/\/uj.adatbank.ro\/lexikon\/termek\/simo-geza-%c2%a7\/","title":{"rendered":"SIM\u00d3 G\u00e9za, \u00a7"},"content":{"rendered":"<p>Et\u00e9d, 1870. m\u00e1rc. 7., \u2020\u00a0Mv., 1946. febr. 26.: tan\u00e1r, szerkeszt\u0151, szakszervezeti titk\u00e1r, munk\u00e1smozgalmi harcos. \u2013 Apja ref. lelk\u00e9sz Mez\u0151b\u00e1ndon. \u2013 Elemi iskol\u00e1t a sz\u00fcl\u0151faluj\u00e1ban v\u00e9gzett, tan\u00edt\u00f3 diplom\u00e1t a nagyenyedi Bethlen Koll.-ban, filol\u00f3giai tan\u00e1ri k\u00e9pes\u00edt\u00e9st Bp.-en szerzett. Tanulm\u00e1nyai elv\u00e9gz\u00e9se ut\u00e1n tan\u00edt\u00f3 volt (1905\u201306) a szlov\u00e1k Igl\u00f3ra, majd a B\u00e1csk\u00e1ban Titelre kapott kinevez\u00e9st, Titel \u00e9s vid\u00e9ke c. lap szerkeszt\u0151je volt. B\u00fcntet\u00e9sb\u0151l, mert t\u00f6bbsz\u00f6r felemelte szav\u00e1t a nemzeti kisebbs\u00e9gek elnyom\u00e1sa ellen, Mv.-re helyezt\u00e9k (1912\u2013). Mv. el\u0151bb tan\u00edt\u00f3, majd a m. nyelv\u0171 polg\u00e1ri k\u00f6z\u00e9piskola tan\u00e1ra. Keser\u0171en tapasztalta a lakoss\u00e1g \u00edr\u00e1studatlans\u00e1g\u00e1t, ez\u00e9rt els\u0151k\u00e9nt szervezett analfab\u00e9t\u00e1k sz\u00e1m\u00e1ra tanfolyamot \u00e9s m\u0171vel\u0151d\u00e9si rendezv\u00e9nyeket. Bekapcsol\u00f3dott a munk\u00e1smozgalomba, a baloldali mozgalom f\u0151 szervez\u0151je. Az \u201e\u0151szir\u00f3zs\u00e1s&#8221; forradalom gy\u0151zelme ut\u00e1n (1918) az Antalffy Endre szervezte mv.-i M. Nemzeti Tan\u00e1cs titk\u00e1ra lett. R\u00e9szt vett a rom\u00e1n KP megalap\u00edt\u00e1s\u00e1ban, amelynek (1921\u2013) marosv\u00f6lgyi titk\u00e1ra volt. K\u00f6zrem\u0171k\u00f6d\u00f6tt a rom\u00e1niai \u00e1ltal\u00e1nos sztr\u00e1jk (1920. szept. 5.) megszervez\u00e9s\u00e9ben, ez\u00e9rt tan\u00e1ri \u00e1ll\u00e1s\u00e1b\u00f3l elbocs\u00e1tott\u00e1k, nyugd\u00edjjogosults\u00e1g\u00e1t csak k\u00e9s\u0151bb (1929) ismert\u00e9k el. A RKP betilt\u00e1sa ut\u00e1n a kommunista ir\u00e1nyzat\u00fa Egys\u00e9ges Szakszervezet marosv\u00f6lgyi ter\u00fcleti titk\u00e1ra, de ezt a szakszervezeti t\u00f6m\u00f6r\u00fcl\u00e9st is betiltott\u00e1k (1930). Az erd\u00e9lyi munk\u00e1smozgalom egyik vez\u00e9regy\u00e9nis\u00e9ge volt. Sztr\u00e1jkokat szervezett: a mv.-i K\u00f6zm\u0171ves\u00edt\u00e9si V\u00e1llalatn\u00e1l, a faipari munk\u00e1sok\u00e9t (1923\u201324). Szerkesztette, ir\u00e1ny\u00edtotta \u00e9s \u00edrta a mv.-i szocialista munk\u00e1ss\u00e1g lapjait: Marosv\u00f6lgyi Munk\u00e1s (1920\u201321), El\u0151re (1921\u201323), ezeket betiltott\u00e1k, majd az \u00c9p\u00edt\u0151ipari Munk\u00e1s c. lapot szerkesztette (1925\u201329). A mv.-i Munk\u00e1s Szabadiskola megszervez\u0151je, igazgat\u00f3ja volt (1920\u2013), ahol a m\u0171vel\u0151dni v\u00e1gy\u00f3 polg\u00e1roknak \u00e9s munk\u00e1soknak el\u0151ad\u00e1sokat tartottak: t\u00f6bbek k\u00f6z\u00f6tt dr. Antalffy Endre, dr. Turnowsky S\u00e1ndor, Aradi Viktor, Molter K\u00e1roly, az orvosok: Kah\u00e1na Ern\u0151, Blatt Ern\u0151, K\u00e1llai B\u00e9la. Neki k\u00f6sz\u00f6nhet\u0151 a mv.-i munk\u00e1sk\u00f6nyvt\u00e1r gyarap\u00edt\u00e1sa, mozg\u00f3k\u00f6nyvt\u00e1rak l\u00e9tes\u00edt\u00e9se a Maros v\u00f6lgy\u00e9ben. T\u00f6bbsz\u00f6r letart\u00f3ztatt\u00e1k (1925. \u00e1pr. \u2013 m\u00e1j.; 1928). A helyi Munk\u00e1s Otthont val\u00f3s\u00e1gos kult\u00fark\u00f6zpontt\u00e1 fejlesztette. A V\u00e1rosi Tan\u00e1cs \u00e1lland\u00f3 tagj\u00e1nak v\u00e1lasztott\u00e1k, az \u00e1ltala vezetett Dolgoz\u00f3k Blokkj\u00e1nak 9 tan\u00e1csosi hely jutott a v\u00e1rosi tan\u00e1csban (1930. j\u00fal.). Mint a Maros v\u00f6lgyi munk\u00e1smozgalom harcosa, eml\u00e9k\u00e9re volt tan\u00edtv\u00e1nya, Izs\u00e1k M\u00e1rton mint\u00e1zott szobrot, amelyet a mv.-i Ref. temet\u0151ben s\u00edrj\u00e1n\u00e1l \u00e1ll\u00edtottak fel (1947. szept. 28.), \u201eB\u201d kateg\u00f3ri\u00e1ba tartoz\u00f3 m\u0171eml\u00e9k. A szocializmus \u00e9veiben a mv.-i b\u00fatorgy\u00e1r viselte a nev\u00e9t (1949\u201360 \u00e9v elej\u00e9ig), utols\u00f3 lakhely\u00e9n eml\u00e9kt\u00e1bla \u0151rzi nev\u00e9t. Utc\u00e1t neveztek el r\u00f3la Mv.-en. \u2013 <strong>F. m.<\/strong>: Az \u00f3lom \u00e9s a vas: Mese (Kv., 1946). \u2013 antol\u00f3gi\u00e1ban: R\u00e9szv\u00e9t album a kv.-i \u00e9s mv.-i \u00e1rvah\u00e1zak jav\u00e1ra (Kv., 1872). <br \/><strong>Irod.:<\/strong> Aranykorszak; Bern\u00e1dy; Bottoni; Csekme; Fuchs Simon: A kommunista P\u00e1rthoz vezet\u0151 \u00faton (Korunk, 1957, 10. sz.); Fuchs Simon: S. G. [Nekrol\u00f3g] (Szabad Sz\u00f3, 1946. febr. 28.); Fuchs Simon: S. G. (V. Z., 1957. m\u00e1rc. 7.); Fuchs Simon: Sz\u00e1z \u00e9ve sz\u00fcletett S. G. (V. Z., 1970. m\u00e1rc. 8.); Fuchs Simon: Munk\u00e1smozgalom a Maros v\u00f6lgy\u00e9ben (Buk., 1975); Ga\u00e1l Korn\u00e9lia: Maros megyei munk\u00e1smozgalmi harcosok, akik nem \u00fcnnepelhettek vel\u00fcnk (V. Z., 1971. m\u00e1j. 9.); Id\u0151t\u00e1r 2; Id\u0151t\u00e1r 3, K\u00e1d\u00e1r Zsombor: \u00c9lete c\u00e9lj\u00e1ul a tan\u00edt\u00e1st \u00e9s a nevel\u00e9st v\u00e1lasztotta = K\u00e1d\u00e1r Zsombor: Sz\u00e9kelyf\u00f6ldi erd\u00e9szeti arck\u00e9pcsarnok (Bp., 1999); Katona Szab\u00f3: Leleplezt\u00e9k a nagy tan\u00edt\u00f3mester szobr\u00e1t (Szabad Sz\u00f3, 1947. okt. 1.); M\u00e1ln\u00e1si; Marosi Ildik\u00f3: H\u00e1rom mv.-i portr\u00e9 (A H\u00e9t \u00e9vk., 1979); M\u00e1th\u00e9 Levente 2009; Meghalt S. G., a demokr\u00e1cia nagy harcosa (Szabad Sz\u00f3, 1946. febr. 28.); M\u00c9L; Molter 1., 2.; Osv\u00e1th; Popt\u0103ma\u015f\u2013M\u00f3zes; Profiluri mure\u015fene. 2.; S. G. temet\u00e9se (Szabad Sz\u00f3, 1946. m\u00e1rc. 1.); A S. G. gy\u00e1r&#8230; (N\u00e9p\u00fajs\u00e1g, 1949. szept. 10.); Sz\u00e9pr\u00e9ti Lilla: \u201eTan\u00edtott\u201d \u2013 Sim\u00f3 G\u00e9za eml\u00e9k\u00e9re (\u00daj \u00c9let, 1976, 6. sz.); Todea 2013; Turzai M\u00e1ria: S. G. (1870\u20131946) (V. Z., 1971. febr. 28.); \u00daM\u00c9L; Valori mure\u015fene de patrimoniu.<\/br><\/p>\n","protected":false},"excerpt":{"rendered":"<p>Et\u00e9d, 1870. m\u00e1rc. 7., \u2020\u00a0Mv., 1946. febr. 26.: tan\u00e1r, szerkeszt\u0151, szakszervezeti titk\u00e1r, munk\u00e1smozgalmi harcos. \u2013 Apja ref. lelk\u00e9sz Mez\u0151b\u00e1ndon. \u2013 Elemi iskol\u00e1t a sz\u00fcl\u0151faluj\u00e1ban v\u00e9gzett, tan\u00edt\u00f3 diplom\u00e1t a nagyenyedi Bethlen Koll.-ban, filol\u00f3giai tan\u00e1ri k\u00e9pes\u00edt\u00e9st Bp.-en szerzett. Tanulm\u00e1nyai elv\u00e9gz\u00e9se ut\u00e1n tan\u00edt\u00f3 volt (1905\u201306) a szlov\u00e1k Igl\u00f3ra, majd a B\u00e1csk\u00e1ban Titelre kapott kinevez\u00e9st, Titel \u00e9s vid\u00e9ke c. [&hellip;]<\/p>\n","protected":false},"featured_media":0,"comment_status":"open","ping_status":"closed","template":"","meta":[],"product_brand":[],"product_cat":[137],"product_tag":[],"class_list":{"0":"post-20371","1":"product","2":"type-product","3":"status-publish","5":"product_cat-maros-megyei-eletrajzi-lexikon","7":"first","8":"instock","9":"shipping-taxable","10":"product-type-simple"},"_links":{"self":[{"href":"https:\/\/uj.adatbank.ro\/lexikon\/wp-json\/wp\/v2\/product\/20371","targetHints":{"allow":["GET"]}}],"collection":[{"href":"https:\/\/uj.adatbank.ro\/lexikon\/wp-json\/wp\/v2\/product"}],"about":[{"href":"https:\/\/uj.adatbank.ro\/lexikon\/wp-json\/wp\/v2\/types\/product"}],"replies":[{"embeddable":true,"href":"https:\/\/uj.adatbank.ro\/lexikon\/wp-json\/wp\/v2\/comments?post=20371"}],"wp:attachment":[{"href":"https:\/\/uj.adatbank.ro\/lexikon\/wp-json\/wp\/v2\/media?parent=20371"}],"wp:term":[{"taxonomy":"product_brand","embeddable":true,"href":"https:\/\/uj.adatbank.ro\/lexikon\/wp-json\/wp\/v2\/product_brand?post=20371"},{"taxonomy":"product_cat","embeddable":true,"href":"https:\/\/uj.adatbank.ro\/lexikon\/wp-json\/wp\/v2\/product_cat?post=20371"},{"taxonomy":"product_tag","embeddable":true,"href":"https:\/\/uj.adatbank.ro\/lexikon\/wp-json\/wp\/v2\/product_tag?post=20371"}],"curies":[{"name":"wp","href":"https:\/\/api.w.org\/{rel}","templated":true}]}}