{"id":20372,"date":"2025-07-22T18:46:34","date_gmt":"2025-07-22T16:46:34","guid":{"rendered":"https:\/\/uj.adatbank.ro\/lexikon\/termek\/simo-gyula\/"},"modified":"2025-07-22T18:46:34","modified_gmt":"2025-07-22T16:46:34","slug":"simo-gyula","status":"publish","type":"product","link":"https:\/\/uj.adatbank.ro\/lexikon\/termek\/simo-gyula\/","title":{"rendered":"SIM\u00d3 Gyula"},"content":{"rendered":"<p>? \u2020?: munk\u00e1smozgalmi harcos. \u2013 Sim\u00f3 G\u00e9za fia. Feles\u00e9ge a bolg\u00e1r sz\u00e1rmaz\u00e1s\u00fa Donca. Fi\u00fak: Vilmos. \u2013 Szerkesztette a Mv.-en megjelen\u0151 Ifj\u00fa Harcos c. kommunista ir\u00e1ny\u00edt\u00e1s alatt \u00e1ll\u00f3 ifj\u00fas\u00e1gi lapot (1929). A MADOSZ mv.-i nagy gy\u0171l\u00e9s\u00e9n javasolta egy \u00f6n\u00e1ll\u00f3, a szovjet hadsereg \u00e9s a sz\u00f6vets\u00e9gesek oldal\u00e1n harcol\u00f3 erd\u00e9lyi m. hadoszt\u00e1ly, a G\u00e1bor \u00c1ron \u2013 div\u00edzi\u00f3 fel\u00e1ll\u00edt\u00e1s\u00e1t, a h\u00e1bor\u00fa miel\u0151bbi befejez\u00e9se \u00e9rdek\u00e9ben (1944). Arra azonban sosem der\u00fclt f\u00e9ny, h. ezt a javaslatot ki g\u00e1ncsolta el, ki f\u00e9lt a magyars\u00e1g egys\u00e9gesen szervezett katonai fell\u00e9p\u00e9s\u00e9t\u0151l. T\u00f6bb alkalommal felemelte szav\u00e1t a nemzeti kisebbs\u00e9gek jogainak \u00e9rdek\u00e9ben. A munk\u00e1ss\u00e1g k\u00f6r\u00e9ben kifejtett agit\u00e1ci\u00f3s munk\u00e1j\u00e1\u00e9rt, antifasiszta propagand\u00e1ja miatt letart\u00f3ztatt\u00e1k, \u00e9s majdnem nyolc \u00e9vi b\u00f6rt\u00f6nre \u00edt\u00e9lt\u00e9k (szabadult: 1941. j\u00fan.). Folytatta tev\u00e9kenys\u00e9g\u00e9t, a Marosi RKP p\u00e1rtbizotts\u00e1g\u00e1nak tagja volt. <br \/><strong>Irod.:<\/strong> Id\u0151t\u00e1r 3; Katona Szab\u00f3.<\/br><\/p>\n","protected":false},"excerpt":{"rendered":"<p>? \u2020?: munk\u00e1smozgalmi harcos. \u2013 Sim\u00f3 G\u00e9za fia. Feles\u00e9ge a bolg\u00e1r sz\u00e1rmaz\u00e1s\u00fa Donca. Fi\u00fak: Vilmos. \u2013 Szerkesztette a Mv.-en megjelen\u0151 Ifj\u00fa Harcos c. kommunista ir\u00e1ny\u00edt\u00e1s alatt \u00e1ll\u00f3 ifj\u00fas\u00e1gi lapot (1929). A MADOSZ mv.-i nagy gy\u0171l\u00e9s\u00e9n javasolta egy \u00f6n\u00e1ll\u00f3, a szovjet hadsereg \u00e9s a sz\u00f6vets\u00e9gesek oldal\u00e1n harcol\u00f3 erd\u00e9lyi m. hadoszt\u00e1ly, a G\u00e1bor \u00c1ron \u2013 div\u00edzi\u00f3 fel\u00e1ll\u00edt\u00e1s\u00e1t, [&hellip;]<\/p>\n","protected":false},"featured_media":0,"comment_status":"open","ping_status":"closed","template":"","meta":[],"product_brand":[],"product_cat":[137],"product_tag":[],"class_list":{"0":"post-20372","1":"product","2":"type-product","3":"status-publish","5":"product_cat-maros-megyei-eletrajzi-lexikon","7":"first","8":"instock","9":"shipping-taxable","10":"product-type-simple"},"_links":{"self":[{"href":"https:\/\/uj.adatbank.ro\/lexikon\/wp-json\/wp\/v2\/product\/20372","targetHints":{"allow":["GET"]}}],"collection":[{"href":"https:\/\/uj.adatbank.ro\/lexikon\/wp-json\/wp\/v2\/product"}],"about":[{"href":"https:\/\/uj.adatbank.ro\/lexikon\/wp-json\/wp\/v2\/types\/product"}],"replies":[{"embeddable":true,"href":"https:\/\/uj.adatbank.ro\/lexikon\/wp-json\/wp\/v2\/comments?post=20372"}],"wp:attachment":[{"href":"https:\/\/uj.adatbank.ro\/lexikon\/wp-json\/wp\/v2\/media?parent=20372"}],"wp:term":[{"taxonomy":"product_brand","embeddable":true,"href":"https:\/\/uj.adatbank.ro\/lexikon\/wp-json\/wp\/v2\/product_brand?post=20372"},{"taxonomy":"product_cat","embeddable":true,"href":"https:\/\/uj.adatbank.ro\/lexikon\/wp-json\/wp\/v2\/product_cat?post=20372"},{"taxonomy":"product_tag","embeddable":true,"href":"https:\/\/uj.adatbank.ro\/lexikon\/wp-json\/wp\/v2\/product_tag?post=20372"}],"curies":[{"name":"wp","href":"https:\/\/api.w.org\/{rel}","templated":true}]}}