{"id":20373,"date":"2025-07-22T18:46:37","date_gmt":"2025-07-22T16:46:37","guid":{"rendered":"https:\/\/uj.adatbank.ro\/lexikon\/termek\/simo-istvan-solymosi\/"},"modified":"2025-07-22T18:46:37","modified_gmt":"2025-07-22T16:46:37","slug":"simo-istvan-solymosi","status":"publish","type":"product","link":"https:\/\/uj.adatbank.ro\/lexikon\/termek\/simo-istvan-solymosi\/","title":{"rendered":"SIM\u00d3 Istv\u00e1n, solymosi"},"content":{"rendered":"<p>? \u2020?: unit. pap. \u2013 Kereszt\u00fark\u00f6ri jegyz\u0151, szent\u00e1brah\u00e1mi pap (1774. k.). <br \/><strong>Irod.:<\/strong> K\u00e9nosi\u2013Uzoni 1.<\/br><\/p>\n","protected":false},"excerpt":{"rendered":"<p>? \u2020?: unit. pap. \u2013 Kereszt\u00fark\u00f6ri jegyz\u0151, szent\u00e1brah\u00e1mi pap (1774. k.). Irod.: K\u00e9nosi\u2013Uzoni 1.<\/p>\n","protected":false},"featured_media":0,"comment_status":"open","ping_status":"closed","template":"","meta":[],"product_brand":[],"product_cat":[137],"product_tag":[],"class_list":{"0":"post-20373","1":"product","2":"type-product","3":"status-publish","5":"product_cat-maros-megyei-eletrajzi-lexikon","7":"first","8":"instock","9":"shipping-taxable","10":"product-type-simple"},"_links":{"self":[{"href":"https:\/\/uj.adatbank.ro\/lexikon\/wp-json\/wp\/v2\/product\/20373","targetHints":{"allow":["GET"]}}],"collection":[{"href":"https:\/\/uj.adatbank.ro\/lexikon\/wp-json\/wp\/v2\/product"}],"about":[{"href":"https:\/\/uj.adatbank.ro\/lexikon\/wp-json\/wp\/v2\/types\/product"}],"replies":[{"embeddable":true,"href":"https:\/\/uj.adatbank.ro\/lexikon\/wp-json\/wp\/v2\/comments?post=20373"}],"wp:attachment":[{"href":"https:\/\/uj.adatbank.ro\/lexikon\/wp-json\/wp\/v2\/media?parent=20373"}],"wp:term":[{"taxonomy":"product_brand","embeddable":true,"href":"https:\/\/uj.adatbank.ro\/lexikon\/wp-json\/wp\/v2\/product_brand?post=20373"},{"taxonomy":"product_cat","embeddable":true,"href":"https:\/\/uj.adatbank.ro\/lexikon\/wp-json\/wp\/v2\/product_cat?post=20373"},{"taxonomy":"product_tag","embeddable":true,"href":"https:\/\/uj.adatbank.ro\/lexikon\/wp-json\/wp\/v2\/product_tag?post=20373"}],"curies":[{"name":"wp","href":"https:\/\/api.w.org\/{rel}","templated":true}]}}