{"id":20374,"date":"2025-07-22T18:46:41","date_gmt":"2025-07-22T16:46:41","guid":{"rendered":"https:\/\/uj.adatbank.ro\/lexikon\/termek\/simo-jozsef\/"},"modified":"2025-07-22T18:46:41","modified_gmt":"2025-07-22T16:46:41","slug":"simo-jozsef","status":"publish","type":"product","link":"https:\/\/uj.adatbank.ro\/lexikon\/termek\/simo-jozsef\/","title":{"rendered":"SIM\u00d3 J\u00f3zsef"},"content":{"rendered":"<p>\u2020?: alszolgab\u00edr\u00f3, dull\u00f3biztos. \u2013 Maros megye K\u00fck\u00fcll\u0151i j\u00e1r\u00e1s\u00e1nak abodi szakasz\u00e1ban tev\u00e9kenykedett (1849. \u00e1pr.). Dull\u00f3biztosk\u00e9nt tett jelent\u00e9st a fintah\u00e1ziak megv\u00e9d\u00e9s\u00e9r\u0151l (1848. okt. 13.). <br \/><strong>Irod.:<\/strong> 1848\u20131849 Marossz\u00e9k; P\u00e1l-Antal.<\/br><\/p>\n","protected":false},"excerpt":{"rendered":"<p>\u2020?: alszolgab\u00edr\u00f3, dull\u00f3biztos. \u2013 Maros megye K\u00fck\u00fcll\u0151i j\u00e1r\u00e1s\u00e1nak abodi szakasz\u00e1ban tev\u00e9kenykedett (1849. \u00e1pr.). Dull\u00f3biztosk\u00e9nt tett jelent\u00e9st a fintah\u00e1ziak megv\u00e9d\u00e9s\u00e9r\u0151l (1848. okt. 13.). Irod.: 1848\u20131849 Marossz\u00e9k; P\u00e1l-Antal.<\/p>\n","protected":false},"featured_media":0,"comment_status":"open","ping_status":"closed","template":"","meta":[],"product_brand":[],"product_cat":[137],"product_tag":[],"class_list":{"0":"post-20374","1":"product","2":"type-product","3":"status-publish","5":"product_cat-maros-megyei-eletrajzi-lexikon","7":"first","8":"instock","9":"shipping-taxable","10":"product-type-simple"},"_links":{"self":[{"href":"https:\/\/uj.adatbank.ro\/lexikon\/wp-json\/wp\/v2\/product\/20374","targetHints":{"allow":["GET"]}}],"collection":[{"href":"https:\/\/uj.adatbank.ro\/lexikon\/wp-json\/wp\/v2\/product"}],"about":[{"href":"https:\/\/uj.adatbank.ro\/lexikon\/wp-json\/wp\/v2\/types\/product"}],"replies":[{"embeddable":true,"href":"https:\/\/uj.adatbank.ro\/lexikon\/wp-json\/wp\/v2\/comments?post=20374"}],"wp:attachment":[{"href":"https:\/\/uj.adatbank.ro\/lexikon\/wp-json\/wp\/v2\/media?parent=20374"}],"wp:term":[{"taxonomy":"product_brand","embeddable":true,"href":"https:\/\/uj.adatbank.ro\/lexikon\/wp-json\/wp\/v2\/product_brand?post=20374"},{"taxonomy":"product_cat","embeddable":true,"href":"https:\/\/uj.adatbank.ro\/lexikon\/wp-json\/wp\/v2\/product_cat?post=20374"},{"taxonomy":"product_tag","embeddable":true,"href":"https:\/\/uj.adatbank.ro\/lexikon\/wp-json\/wp\/v2\/product_tag?post=20374"}],"curies":[{"name":"wp","href":"https:\/\/api.w.org\/{rel}","templated":true}]}}