{"id":20375,"date":"2025-07-22T18:46:42","date_gmt":"2025-07-22T16:46:42","guid":{"rendered":"https:\/\/uj.adatbank.ro\/lexikon\/termek\/simo-jozsef-2\/"},"modified":"2025-07-22T18:46:42","modified_gmt":"2025-07-22T16:46:42","slug":"simo-jozsef-2","status":"publish","type":"product","link":"https:\/\/uj.adatbank.ro\/lexikon\/termek\/simo-jozsef-2\/","title":{"rendered":"SIM\u00d3 J\u00f3zsef"},"content":{"rendered":"<p>\u00c1kosfalva, 1919., \u2020?: tan\u00edt\u00f3. \u2013 Tanulm\u00e1nyait Mv.-en v\u00e9gezte, Havadon kezdte pedag\u00f3giai munk\u00e1ss\u00e1g\u00e1t (1939), majd Sz\u00e9kelys\u00e1rdon volt ig. tan\u00edt\u00f3 (1940\u2013). A kult\u00farint\u00e9zm\u00e9nyek munk\u00e1j\u00e1ban tev\u00e9keny r\u00e9szt vett. Nagyerny\u00e9ben Moln\u00e1r K\u00e1lm\u00e1n hely\u00e9be l\u00e9pett (1945\u2013). <br \/><strong>Irod.:<\/strong> Sz\u00e9kelyf\u00f6ld \u00ed. k.<\/br><\/p>\n","protected":false},"excerpt":{"rendered":"<p>\u00c1kosfalva, 1919., \u2020?: tan\u00edt\u00f3. \u2013 Tanulm\u00e1nyait Mv.-en v\u00e9gezte, Havadon kezdte pedag\u00f3giai munk\u00e1ss\u00e1g\u00e1t (1939), majd Sz\u00e9kelys\u00e1rdon volt ig. tan\u00edt\u00f3 (1940\u2013). A kult\u00farint\u00e9zm\u00e9nyek munk\u00e1j\u00e1ban tev\u00e9keny r\u00e9szt vett. Nagyerny\u00e9ben Moln\u00e1r K\u00e1lm\u00e1n hely\u00e9be l\u00e9pett (1945\u2013). Irod.: Sz\u00e9kelyf\u00f6ld \u00ed. k.<\/p>\n","protected":false},"featured_media":0,"comment_status":"open","ping_status":"closed","template":"","meta":[],"product_brand":[],"product_cat":[137],"product_tag":[],"class_list":{"0":"post-20375","1":"product","2":"type-product","3":"status-publish","5":"product_cat-maros-megyei-eletrajzi-lexikon","7":"first","8":"instock","9":"shipping-taxable","10":"product-type-simple"},"_links":{"self":[{"href":"https:\/\/uj.adatbank.ro\/lexikon\/wp-json\/wp\/v2\/product\/20375","targetHints":{"allow":["GET"]}}],"collection":[{"href":"https:\/\/uj.adatbank.ro\/lexikon\/wp-json\/wp\/v2\/product"}],"about":[{"href":"https:\/\/uj.adatbank.ro\/lexikon\/wp-json\/wp\/v2\/types\/product"}],"replies":[{"embeddable":true,"href":"https:\/\/uj.adatbank.ro\/lexikon\/wp-json\/wp\/v2\/comments?post=20375"}],"wp:attachment":[{"href":"https:\/\/uj.adatbank.ro\/lexikon\/wp-json\/wp\/v2\/media?parent=20375"}],"wp:term":[{"taxonomy":"product_brand","embeddable":true,"href":"https:\/\/uj.adatbank.ro\/lexikon\/wp-json\/wp\/v2\/product_brand?post=20375"},{"taxonomy":"product_cat","embeddable":true,"href":"https:\/\/uj.adatbank.ro\/lexikon\/wp-json\/wp\/v2\/product_cat?post=20375"},{"taxonomy":"product_tag","embeddable":true,"href":"https:\/\/uj.adatbank.ro\/lexikon\/wp-json\/wp\/v2\/product_tag?post=20375"}],"curies":[{"name":"wp","href":"https:\/\/api.w.org\/{rel}","templated":true}]}}