{"id":20376,"date":"2025-07-22T18:46:44","date_gmt":"2025-07-22T16:46:44","guid":{"rendered":"https:\/\/uj.adatbank.ro\/lexikon\/termek\/simo-jozsef-3\/"},"modified":"2025-07-22T18:46:44","modified_gmt":"2025-07-22T16:46:44","slug":"simo-jozsef-3","status":"publish","type":"product","link":"https:\/\/uj.adatbank.ro\/lexikon\/termek\/simo-jozsef-3\/","title":{"rendered":"SIM\u00d3 J\u00f3zsef"},"content":{"rendered":"<p>Mv., 1924. m\u00e1j. 2., \u2020 Bp., 1987. dec. 29.: keramikus, ipari vezet\u0151. \u2013 Az Iparm\u0171v. Tan\u00e1cs tagja. \u2013 Mv.-en j\u00e1rt isk.-ba, ezut\u00e1n k\u00f6t\u00e9lgy\u00e1ri munk\u00e1s volt. A Herendi Porcel\u00e1ngy\u00e1rban tanonc (1941\u201345), a gy\u00e1r \u00fczemi bizotts\u00e1g\u00e1nak eln\u00f6ke (1945\u2013), igazgat\u00f3ja (1948\u201349), a K\u0151b\u00e1nyai Porcel\u00e1ngy\u00e1r min\u0151s\u00e9g-ellen\u0151rz\u00e9si oszt\u00e1ly\u00e1nak vezet\u0151je (1949\u2013), az \u00c9p\u00edt\u0151anyagipari Min.-ban f\u0151el\u0151ad\u00f3 (1951\u201352), a Finomker\u00e1mia-ipari Igazgat\u00f3s\u00e1g vezet\u0151je (1953\u201363), a Bp.-i Porcel\u00e1ngy\u00e1r igazgat\u00f3ja (1963\u2013), m\u0171szaki-gazd. tan\u00e1csad\u00f3ja (1971\u201373). Az \u00e1ltala alap\u00edtott Finomker\u00e1mia-ipari M\u0171v. St\u00fadi\u00f3 vezet\u0151je (1973\u2013), amely sz\u00e1mos fiatal ipar- \u00e9s k\u00e9pz\u0151m\u0171v\u00e9sznek biztos\u00edtott ki\u00e1ll\u00edt\u00e1si lehet\u0151s\u00e9get. Jelent\u0151s \u00e9rdemeket szerzett a sz\u00ednvonalas ker\u00e1miaterm\u00e9kek t\u00f6meggy\u00e1rt\u00e1s\u00e1nak fejleszt\u00e9s\u00e9ben. <br \/><strong>Irod.:<\/strong> Losonci Mikl\u00f3s: Sim\u00f3 J\u00f3zsef \u00e9letm\u0171ve (Bp., 1988); M\u00c9L; \u00daM\u00c9L.<\/br><\/p>\n","protected":false},"excerpt":{"rendered":"<p>Mv., 1924. m\u00e1j. 2., \u2020 Bp., 1987. dec. 29.: keramikus, ipari vezet\u0151. \u2013 Az Iparm\u0171v. Tan\u00e1cs tagja. \u2013 Mv.-en j\u00e1rt isk.-ba, ezut\u00e1n k\u00f6t\u00e9lgy\u00e1ri munk\u00e1s volt. A Herendi Porcel\u00e1ngy\u00e1rban tanonc (1941\u201345), a gy\u00e1r \u00fczemi bizotts\u00e1g\u00e1nak eln\u00f6ke (1945\u2013), igazgat\u00f3ja (1948\u201349), a K\u0151b\u00e1nyai Porcel\u00e1ngy\u00e1r min\u0151s\u00e9g-ellen\u0151rz\u00e9si oszt\u00e1ly\u00e1nak vezet\u0151je (1949\u2013), az \u00c9p\u00edt\u0151anyagipari Min.-ban f\u0151el\u0151ad\u00f3 (1951\u201352), a Finomker\u00e1mia-ipari Igazgat\u00f3s\u00e1g vezet\u0151je (1953\u201363), [&hellip;]<\/p>\n","protected":false},"featured_media":0,"comment_status":"open","ping_status":"closed","template":"","meta":[],"product_brand":[],"product_cat":[137],"product_tag":[],"class_list":{"0":"post-20376","1":"product","2":"type-product","3":"status-publish","5":"product_cat-maros-megyei-eletrajzi-lexikon","7":"first","8":"instock","9":"shipping-taxable","10":"product-type-simple"},"_links":{"self":[{"href":"https:\/\/uj.adatbank.ro\/lexikon\/wp-json\/wp\/v2\/product\/20376","targetHints":{"allow":["GET"]}}],"collection":[{"href":"https:\/\/uj.adatbank.ro\/lexikon\/wp-json\/wp\/v2\/product"}],"about":[{"href":"https:\/\/uj.adatbank.ro\/lexikon\/wp-json\/wp\/v2\/types\/product"}],"replies":[{"embeddable":true,"href":"https:\/\/uj.adatbank.ro\/lexikon\/wp-json\/wp\/v2\/comments?post=20376"}],"wp:attachment":[{"href":"https:\/\/uj.adatbank.ro\/lexikon\/wp-json\/wp\/v2\/media?parent=20376"}],"wp:term":[{"taxonomy":"product_brand","embeddable":true,"href":"https:\/\/uj.adatbank.ro\/lexikon\/wp-json\/wp\/v2\/product_brand?post=20376"},{"taxonomy":"product_cat","embeddable":true,"href":"https:\/\/uj.adatbank.ro\/lexikon\/wp-json\/wp\/v2\/product_cat?post=20376"},{"taxonomy":"product_tag","embeddable":true,"href":"https:\/\/uj.adatbank.ro\/lexikon\/wp-json\/wp\/v2\/product_tag?post=20376"}],"curies":[{"name":"wp","href":"https:\/\/api.w.org\/{rel}","templated":true}]}}