{"id":20377,"date":"2025-07-22T18:46:47","date_gmt":"2025-07-22T16:46:47","guid":{"rendered":"https:\/\/uj.adatbank.ro\/lexikon\/termek\/simo-jozsef-kissolymosi\/"},"modified":"2025-07-22T18:46:47","modified_gmt":"2025-07-22T16:46:47","slug":"simo-jozsef-kissolymosi","status":"publish","type":"product","link":"https:\/\/uj.adatbank.ro\/lexikon\/termek\/simo-jozsef-kissolymosi\/","title":{"rendered":"SIM\u00d3 J\u00f3zsef, kissolymosi"},"content":{"rendered":"<p>1883., \u2020?: f\u00f6ldbirtokos. \u2013 Sz\u00e9kely nemesi csal\u00e1db\u00f3l sz\u00e1rmazott, Udvarhely megyei eredet\u0171. K\u00f6z\u00e9piskol\u00e1it Kv.-on v\u00e9gezte, majd a csal\u00e1d sz\u00f6v\u00e9rdi birtok\u00e1n gazd\u00e1lkodott, k\u00e9s\u0151bb a harasztkereki birtokot vezette (1917\u2013). A MP eln\u00f6ke volt, hadb\u00edr\u00f3s\u00e1g el\u00e9 \u00e1ll\u00edtott\u00e1k (1918\u2013). <br \/><strong>Irod.:<\/strong> Sz\u00e9kelyf\u00f6ld \u00ed. k.<\/br><\/p>\n","protected":false},"excerpt":{"rendered":"<p>1883., \u2020?: f\u00f6ldbirtokos. \u2013 Sz\u00e9kely nemesi csal\u00e1db\u00f3l sz\u00e1rmazott, Udvarhely megyei eredet\u0171. K\u00f6z\u00e9piskol\u00e1it Kv.-on v\u00e9gezte, majd a csal\u00e1d sz\u00f6v\u00e9rdi birtok\u00e1n gazd\u00e1lkodott, k\u00e9s\u0151bb a harasztkereki birtokot vezette (1917\u2013). A MP eln\u00f6ke volt, hadb\u00edr\u00f3s\u00e1g el\u00e9 \u00e1ll\u00edtott\u00e1k (1918\u2013). Irod.: Sz\u00e9kelyf\u00f6ld \u00ed. k.<\/p>\n","protected":false},"featured_media":0,"comment_status":"open","ping_status":"closed","template":"","meta":[],"product_brand":[],"product_cat":[137],"product_tag":[],"class_list":{"0":"post-20377","1":"product","2":"type-product","3":"status-publish","5":"product_cat-maros-megyei-eletrajzi-lexikon","7":"first","8":"instock","9":"shipping-taxable","10":"product-type-simple"},"_links":{"self":[{"href":"https:\/\/uj.adatbank.ro\/lexikon\/wp-json\/wp\/v2\/product\/20377","targetHints":{"allow":["GET"]}}],"collection":[{"href":"https:\/\/uj.adatbank.ro\/lexikon\/wp-json\/wp\/v2\/product"}],"about":[{"href":"https:\/\/uj.adatbank.ro\/lexikon\/wp-json\/wp\/v2\/types\/product"}],"replies":[{"embeddable":true,"href":"https:\/\/uj.adatbank.ro\/lexikon\/wp-json\/wp\/v2\/comments?post=20377"}],"wp:attachment":[{"href":"https:\/\/uj.adatbank.ro\/lexikon\/wp-json\/wp\/v2\/media?parent=20377"}],"wp:term":[{"taxonomy":"product_brand","embeddable":true,"href":"https:\/\/uj.adatbank.ro\/lexikon\/wp-json\/wp\/v2\/product_brand?post=20377"},{"taxonomy":"product_cat","embeddable":true,"href":"https:\/\/uj.adatbank.ro\/lexikon\/wp-json\/wp\/v2\/product_cat?post=20377"},{"taxonomy":"product_tag","embeddable":true,"href":"https:\/\/uj.adatbank.ro\/lexikon\/wp-json\/wp\/v2\/product_tag?post=20377"}],"curies":[{"name":"wp","href":"https:\/\/api.w.org\/{rel}","templated":true}]}}