{"id":20378,"date":"2025-07-22T18:46:49","date_gmt":"2025-07-22T16:46:49","guid":{"rendered":"https:\/\/uj.adatbank.ro\/lexikon\/termek\/simo-laszlo-ladislau\/"},"modified":"2025-07-22T18:46:49","modified_gmt":"2025-07-22T16:46:49","slug":"simo-laszlo-ladislau","status":"publish","type":"product","link":"https:\/\/uj.adatbank.ro\/lexikon\/termek\/simo-laszlo-ladislau\/","title":{"rendered":"SIM\u00d3 L\u00e1szl\u00f3; Ladislau"},"content":{"rendered":"<p>Sz\u00e9kelylengyelfalva (Har.), 1910. \u2020?: tan\u00edt\u00f3. \u2013 Tan\u00edtott a k\u00f3r\u00f3dszentm\u00e1rtoni \u00c1ltal\u00e1nos Iskol\u00e1ban (1952\u201371). <br \/><strong>Irod.:<\/strong> Omagiu.<\/br><\/p>\n","protected":false},"excerpt":{"rendered":"<p>Sz\u00e9kelylengyelfalva (Har.), 1910. \u2020?: tan\u00edt\u00f3. \u2013 Tan\u00edtott a k\u00f3r\u00f3dszentm\u00e1rtoni \u00c1ltal\u00e1nos Iskol\u00e1ban (1952\u201371). Irod.: Omagiu.<\/p>\n","protected":false},"featured_media":0,"comment_status":"open","ping_status":"closed","template":"","meta":[],"product_brand":[],"product_cat":[137],"product_tag":[],"class_list":{"0":"post-20378","1":"product","2":"type-product","3":"status-publish","5":"product_cat-maros-megyei-eletrajzi-lexikon","7":"first","8":"instock","9":"shipping-taxable","10":"product-type-simple"},"_links":{"self":[{"href":"https:\/\/uj.adatbank.ro\/lexikon\/wp-json\/wp\/v2\/product\/20378","targetHints":{"allow":["GET"]}}],"collection":[{"href":"https:\/\/uj.adatbank.ro\/lexikon\/wp-json\/wp\/v2\/product"}],"about":[{"href":"https:\/\/uj.adatbank.ro\/lexikon\/wp-json\/wp\/v2\/types\/product"}],"replies":[{"embeddable":true,"href":"https:\/\/uj.adatbank.ro\/lexikon\/wp-json\/wp\/v2\/comments?post=20378"}],"wp:attachment":[{"href":"https:\/\/uj.adatbank.ro\/lexikon\/wp-json\/wp\/v2\/media?parent=20378"}],"wp:term":[{"taxonomy":"product_brand","embeddable":true,"href":"https:\/\/uj.adatbank.ro\/lexikon\/wp-json\/wp\/v2\/product_brand?post=20378"},{"taxonomy":"product_cat","embeddable":true,"href":"https:\/\/uj.adatbank.ro\/lexikon\/wp-json\/wp\/v2\/product_cat?post=20378"},{"taxonomy":"product_tag","embeddable":true,"href":"https:\/\/uj.adatbank.ro\/lexikon\/wp-json\/wp\/v2\/product_tag?post=20378"}],"curies":[{"name":"wp","href":"https:\/\/api.w.org\/{rel}","templated":true}]}}