{"id":2038,"date":"2025-06-28T12:01:49","date_gmt":"2025-06-28T10:01:49","guid":{"rendered":"https:\/\/uj.adatbank.ro\/lexikon\/termek\/balintit-anna-maria\/"},"modified":"2025-06-28T12:01:49","modified_gmt":"2025-06-28T10:01:49","slug":"balintit-anna-maria","status":"publish","type":"product","link":"https:\/\/uj.adatbank.ro\/lexikon\/termek\/balintit-anna-maria\/","title":{"rendered":"B\u00c1LINTIT Anna-M\u00e1ria"},"content":{"rendered":"<p>? \u2020\u00a01803., gr. L\u00e1z\u00e1r K\u00e1roly feles\u00e9ge. <br \/><strong>Irod.:<\/strong> Mv.-i \u00f6rm\u00e9nyek<\/br><\/p>\n","protected":false},"excerpt":{"rendered":"<p>? \u2020\u00a01803., gr. L\u00e1z\u00e1r K\u00e1roly feles\u00e9ge. Irod.: Mv.-i \u00f6rm\u00e9nyek<\/p>\n","protected":false},"featured_media":0,"comment_status":"open","ping_status":"closed","template":"","meta":[],"product_brand":[],"product_cat":[137],"product_tag":[],"class_list":{"0":"post-2038","1":"product","2":"type-product","3":"status-publish","5":"product_cat-maros-megyei-eletrajzi-lexikon","7":"first","8":"instock","9":"shipping-taxable","10":"product-type-simple"},"_links":{"self":[{"href":"https:\/\/uj.adatbank.ro\/lexikon\/wp-json\/wp\/v2\/product\/2038","targetHints":{"allow":["GET"]}}],"collection":[{"href":"https:\/\/uj.adatbank.ro\/lexikon\/wp-json\/wp\/v2\/product"}],"about":[{"href":"https:\/\/uj.adatbank.ro\/lexikon\/wp-json\/wp\/v2\/types\/product"}],"replies":[{"embeddable":true,"href":"https:\/\/uj.adatbank.ro\/lexikon\/wp-json\/wp\/v2\/comments?post=2038"}],"wp:attachment":[{"href":"https:\/\/uj.adatbank.ro\/lexikon\/wp-json\/wp\/v2\/media?parent=2038"}],"wp:term":[{"taxonomy":"product_brand","embeddable":true,"href":"https:\/\/uj.adatbank.ro\/lexikon\/wp-json\/wp\/v2\/product_brand?post=2038"},{"taxonomy":"product_cat","embeddable":true,"href":"https:\/\/uj.adatbank.ro\/lexikon\/wp-json\/wp\/v2\/product_cat?post=2038"},{"taxonomy":"product_tag","embeddable":true,"href":"https:\/\/uj.adatbank.ro\/lexikon\/wp-json\/wp\/v2\/product_tag?post=2038"}],"curies":[{"name":"wp","href":"https:\/\/api.w.org\/{rel}","templated":true}]}}