{"id":20382,"date":"2025-07-22T18:46:56","date_gmt":"2025-07-22T16:46:56","guid":{"rendered":"https:\/\/uj.adatbank.ro\/lexikon\/termek\/simon-2\/"},"modified":"2025-07-22T18:46:56","modified_gmt":"2025-07-22T16:46:56","slug":"simon-2","status":"publish","type":"product","link":"https:\/\/uj.adatbank.ro\/lexikon\/termek\/simon-2\/","title":{"rendered":"SIMON"},"content":{"rendered":"<p>? \u2020?: r. k. pap. \u2013 Az als\u00f3idecsi pl\u00e9b\u00e1niatemplom papja, fizette a p\u00e1pai tizedet (1332). <br \/><strong>Irod.:<\/strong> Ferenczi S\u00e1ndor 2009; L\u00e9sty\u00e1n \u2013 templomok 1.<\/br><\/p>\n","protected":false},"excerpt":{"rendered":"<p>? \u2020?: r. k. pap. \u2013 Az als\u00f3idecsi pl\u00e9b\u00e1niatemplom papja, fizette a p\u00e1pai tizedet (1332). Irod.: Ferenczi S\u00e1ndor 2009; L\u00e9sty\u00e1n \u2013 templomok 1.<\/p>\n","protected":false},"featured_media":0,"comment_status":"open","ping_status":"closed","template":"","meta":[],"product_brand":[],"product_cat":[137],"product_tag":[],"class_list":{"0":"post-20382","1":"product","2":"type-product","3":"status-publish","5":"product_cat-maros-megyei-eletrajzi-lexikon","7":"first","8":"instock","9":"shipping-taxable","10":"product-type-simple"},"_links":{"self":[{"href":"https:\/\/uj.adatbank.ro\/lexikon\/wp-json\/wp\/v2\/product\/20382","targetHints":{"allow":["GET"]}}],"collection":[{"href":"https:\/\/uj.adatbank.ro\/lexikon\/wp-json\/wp\/v2\/product"}],"about":[{"href":"https:\/\/uj.adatbank.ro\/lexikon\/wp-json\/wp\/v2\/types\/product"}],"replies":[{"embeddable":true,"href":"https:\/\/uj.adatbank.ro\/lexikon\/wp-json\/wp\/v2\/comments?post=20382"}],"wp:attachment":[{"href":"https:\/\/uj.adatbank.ro\/lexikon\/wp-json\/wp\/v2\/media?parent=20382"}],"wp:term":[{"taxonomy":"product_brand","embeddable":true,"href":"https:\/\/uj.adatbank.ro\/lexikon\/wp-json\/wp\/v2\/product_brand?post=20382"},{"taxonomy":"product_cat","embeddable":true,"href":"https:\/\/uj.adatbank.ro\/lexikon\/wp-json\/wp\/v2\/product_cat?post=20382"},{"taxonomy":"product_tag","embeddable":true,"href":"https:\/\/uj.adatbank.ro\/lexikon\/wp-json\/wp\/v2\/product_tag?post=20382"}],"curies":[{"name":"wp","href":"https:\/\/api.w.org\/{rel}","templated":true}]}}