{"id":20384,"date":"2025-07-22T18:47:00","date_gmt":"2025-07-22T16:47:00","guid":{"rendered":"https:\/\/uj.adatbank.ro\/lexikon\/termek\/simon-dezsfalvi-csalad\/"},"modified":"2025-07-22T18:47:00","modified_gmt":"2025-07-22T16:47:00","slug":"simon-dezsfalvi-csalad","status":"publish","type":"product","link":"https:\/\/uj.adatbank.ro\/lexikon\/termek\/simon-dezsfalvi-csalad\/","title":{"rendered":"SIMON, d\u00e9zsfalvi csal\u00e1d"},"content":{"rendered":"<p>K\u00fck\u00fcll\u0151 v\u00e1rmegyei nemes csal\u00e1d, azon megy\u00e9ben fekszik D\u00e9zsfalva, hol val\u00f3sz\u00edn\u0171leg birtokoltak is. K\u00f6z\u00fcl\u00fck Mih\u00e1ly 1708-ban B\u00e9csben az erd\u00e9lyi udv. kancell\u00e1ria tan\u00e1csosa \u00e9s regisztr\u00e1tora volt. J\u00e1nos 1760-ban Dobok\u00e1ban birtokos, fia J\u00e1nos ott t\u00f6rv. sz\u00e9ki \u00fcln\u00f6k 1827-ben, neje gr. K\u00fan Zsuzsi, fia Elek szolgab\u00edr\u00f3 (1845.), kinek \u00f6zvegye Keczeli Juli\u00e1na. Krist\u00f3f 1794-ben az unit\u00e1ria egyh\u00e1z \u00fcln\u00f6ke, \u00e9s Dobok\u00e1ban kir. d\u00e9zsmaszed\u0151. J\u00f3zsef 1847-ben K\u00fck\u00fcll\u0151 megyei aljegyz\u0151. J\u00e1nos Bels\u0151 Szolnok v\u00e1rmegye alszolgab\u00edr\u00f3ja (1847). A csal\u00e1d c\u00edmere Mih\u00e1ly pecs\u00e9tje szerint a pajzs k\u00e9k udvar\u00e1ban k\u00f6ny\u00f6kbe meghajlott kar, kez\u00e9vel b\u00e1rdot tartva, melynek jobbfel\u00e9 n\u00e9z\u0151 hegyes fok\u00e1n lev\u00e1gott t\u00f6r\u00f6k fej v\u00e9rzik. C\u00edmerpecs\u00e9t a gr. Teleki-lev\u00e9lt\u00e1rban Mv. <br \/><strong>Irod.:<\/strong> Kempelen; Nagy Iv\u00e1n.<\/br><\/p>\n","protected":false},"excerpt":{"rendered":"<p>K\u00fck\u00fcll\u0151 v\u00e1rmegyei nemes csal\u00e1d, azon megy\u00e9ben fekszik D\u00e9zsfalva, hol val\u00f3sz\u00edn\u0171leg birtokoltak is. K\u00f6z\u00fcl\u00fck Mih\u00e1ly 1708-ban B\u00e9csben az erd\u00e9lyi udv. kancell\u00e1ria tan\u00e1csosa \u00e9s regisztr\u00e1tora volt. J\u00e1nos 1760-ban Dobok\u00e1ban birtokos, fia J\u00e1nos ott t\u00f6rv. sz\u00e9ki \u00fcln\u00f6k 1827-ben, neje gr. K\u00fan Zsuzsi, fia Elek szolgab\u00edr\u00f3 (1845.), kinek \u00f6zvegye Keczeli Juli\u00e1na. Krist\u00f3f 1794-ben az unit\u00e1ria egyh\u00e1z \u00fcln\u00f6ke, \u00e9s Dobok\u00e1ban [&hellip;]<\/p>\n","protected":false},"featured_media":0,"comment_status":"open","ping_status":"closed","template":"","meta":[],"product_brand":[],"product_cat":[137],"product_tag":[],"class_list":{"0":"post-20384","1":"product","2":"type-product","3":"status-publish","5":"product_cat-maros-megyei-eletrajzi-lexikon","7":"first","8":"instock","9":"shipping-taxable","10":"product-type-simple"},"_links":{"self":[{"href":"https:\/\/uj.adatbank.ro\/lexikon\/wp-json\/wp\/v2\/product\/20384","targetHints":{"allow":["GET"]}}],"collection":[{"href":"https:\/\/uj.adatbank.ro\/lexikon\/wp-json\/wp\/v2\/product"}],"about":[{"href":"https:\/\/uj.adatbank.ro\/lexikon\/wp-json\/wp\/v2\/types\/product"}],"replies":[{"embeddable":true,"href":"https:\/\/uj.adatbank.ro\/lexikon\/wp-json\/wp\/v2\/comments?post=20384"}],"wp:attachment":[{"href":"https:\/\/uj.adatbank.ro\/lexikon\/wp-json\/wp\/v2\/media?parent=20384"}],"wp:term":[{"taxonomy":"product_brand","embeddable":true,"href":"https:\/\/uj.adatbank.ro\/lexikon\/wp-json\/wp\/v2\/product_brand?post=20384"},{"taxonomy":"product_cat","embeddable":true,"href":"https:\/\/uj.adatbank.ro\/lexikon\/wp-json\/wp\/v2\/product_cat?post=20384"},{"taxonomy":"product_tag","embeddable":true,"href":"https:\/\/uj.adatbank.ro\/lexikon\/wp-json\/wp\/v2\/product_tag?post=20384"}],"curies":[{"name":"wp","href":"https:\/\/api.w.org\/{rel}","templated":true}]}}