{"id":20385,"date":"2025-07-22T18:47:04","date_gmt":"2025-07-22T16:47:04","guid":{"rendered":"https:\/\/uj.adatbank.ro\/lexikon\/termek\/simon-kisgorgenyi-csalad\/"},"modified":"2025-07-22T18:47:04","modified_gmt":"2025-07-22T16:47:04","slug":"simon-kisgorgenyi-csalad","status":"publish","type":"product","link":"https:\/\/uj.adatbank.ro\/lexikon\/termek\/simon-kisgorgenyi-csalad\/","title":{"rendered":"SIMON, kisg\u00f6rg\u00e9nyi csal\u00e1d"},"content":{"rendered":"<p>Erd\u00e9lyben is t\u00f6bb Simon nev\u0171 csal\u00e1d van, ilyen a k. g\u00f6rg\u00e9nyi el\u0151nev\u0171, melyb\u0151l P\u00e9ter 1794-ben Kolozs v\u00e1rmegye alszolgab\u00edr\u00f3ja volt. <br \/><strong>Irod.:<\/strong> Nagy Iv\u00e1n.<\/br><\/p>\n","protected":false},"excerpt":{"rendered":"<p>Erd\u00e9lyben is t\u00f6bb Simon nev\u0171 csal\u00e1d van, ilyen a k. g\u00f6rg\u00e9nyi el\u0151nev\u0171, melyb\u0151l P\u00e9ter 1794-ben Kolozs v\u00e1rmegye alszolgab\u00edr\u00f3ja volt. Irod.: Nagy Iv\u00e1n.<\/p>\n","protected":false},"featured_media":0,"comment_status":"open","ping_status":"closed","template":"","meta":[],"product_brand":[],"product_cat":[137],"product_tag":[],"class_list":{"0":"post-20385","1":"product","2":"type-product","3":"status-publish","5":"product_cat-maros-megyei-eletrajzi-lexikon","7":"first","8":"instock","9":"shipping-taxable","10":"product-type-simple"},"_links":{"self":[{"href":"https:\/\/uj.adatbank.ro\/lexikon\/wp-json\/wp\/v2\/product\/20385","targetHints":{"allow":["GET"]}}],"collection":[{"href":"https:\/\/uj.adatbank.ro\/lexikon\/wp-json\/wp\/v2\/product"}],"about":[{"href":"https:\/\/uj.adatbank.ro\/lexikon\/wp-json\/wp\/v2\/types\/product"}],"replies":[{"embeddable":true,"href":"https:\/\/uj.adatbank.ro\/lexikon\/wp-json\/wp\/v2\/comments?post=20385"}],"wp:attachment":[{"href":"https:\/\/uj.adatbank.ro\/lexikon\/wp-json\/wp\/v2\/media?parent=20385"}],"wp:term":[{"taxonomy":"product_brand","embeddable":true,"href":"https:\/\/uj.adatbank.ro\/lexikon\/wp-json\/wp\/v2\/product_brand?post=20385"},{"taxonomy":"product_cat","embeddable":true,"href":"https:\/\/uj.adatbank.ro\/lexikon\/wp-json\/wp\/v2\/product_cat?post=20385"},{"taxonomy":"product_tag","embeddable":true,"href":"https:\/\/uj.adatbank.ro\/lexikon\/wp-json\/wp\/v2\/product_tag?post=20385"}],"curies":[{"name":"wp","href":"https:\/\/api.w.org\/{rel}","templated":true}]}}