{"id":20389,"date":"2025-07-22T18:47:11","date_gmt":"2025-07-22T16:47:11","guid":{"rendered":"https:\/\/uj.adatbank.ro\/lexikon\/termek\/simon-agnes\/"},"modified":"2025-07-22T18:47:11","modified_gmt":"2025-07-22T16:47:11","slug":"simon-agnes","status":"publish","type":"product","link":"https:\/\/uj.adatbank.ro\/lexikon\/termek\/simon-agnes\/","title":{"rendered":"SIMON \u00c1gnes"},"content":{"rendered":"<p>Marosszentanna, 1924. aug. 6., \u2020?: munk\u00e1sn\u0151. \u2013 Mv.-en \u00e9lt. Fajgyal\u00e1z\u00e1ssal v\u00e1dolt\u00e1k. <br \/><strong>Irod.:<\/strong> 1956 Erd\u00e9lyben, Sz\u00e9kes.<\/br><\/p>\n","protected":false},"excerpt":{"rendered":"<p>Marosszentanna, 1924. aug. 6., \u2020?: munk\u00e1sn\u0151. \u2013 Mv.-en \u00e9lt. Fajgyal\u00e1z\u00e1ssal v\u00e1dolt\u00e1k. Irod.: 1956 Erd\u00e9lyben, Sz\u00e9kes.<\/p>\n","protected":false},"featured_media":0,"comment_status":"open","ping_status":"closed","template":"","meta":[],"product_brand":[],"product_cat":[137],"product_tag":[],"class_list":{"0":"post-20389","1":"product","2":"type-product","3":"status-publish","5":"product_cat-maros-megyei-eletrajzi-lexikon","7":"first","8":"instock","9":"shipping-taxable","10":"product-type-simple"},"_links":{"self":[{"href":"https:\/\/uj.adatbank.ro\/lexikon\/wp-json\/wp\/v2\/product\/20389","targetHints":{"allow":["GET"]}}],"collection":[{"href":"https:\/\/uj.adatbank.ro\/lexikon\/wp-json\/wp\/v2\/product"}],"about":[{"href":"https:\/\/uj.adatbank.ro\/lexikon\/wp-json\/wp\/v2\/types\/product"}],"replies":[{"embeddable":true,"href":"https:\/\/uj.adatbank.ro\/lexikon\/wp-json\/wp\/v2\/comments?post=20389"}],"wp:attachment":[{"href":"https:\/\/uj.adatbank.ro\/lexikon\/wp-json\/wp\/v2\/media?parent=20389"}],"wp:term":[{"taxonomy":"product_brand","embeddable":true,"href":"https:\/\/uj.adatbank.ro\/lexikon\/wp-json\/wp\/v2\/product_brand?post=20389"},{"taxonomy":"product_cat","embeddable":true,"href":"https:\/\/uj.adatbank.ro\/lexikon\/wp-json\/wp\/v2\/product_cat?post=20389"},{"taxonomy":"product_tag","embeddable":true,"href":"https:\/\/uj.adatbank.ro\/lexikon\/wp-json\/wp\/v2\/product_tag?post=20389"}],"curies":[{"name":"wp","href":"https:\/\/api.w.org\/{rel}","templated":true}]}}