{"id":20391,"date":"2025-07-22T18:47:16","date_gmt":"2025-07-22T16:47:16","guid":{"rendered":"https:\/\/uj.adatbank.ro\/lexikon\/termek\/simon-albert\/"},"modified":"2025-07-22T18:47:16","modified_gmt":"2025-07-22T16:47:16","slug":"simon-albert","status":"publish","type":"product","link":"https:\/\/uj.adatbank.ro\/lexikon\/termek\/simon-albert\/","title":{"rendered":"SIMON Albert"},"content":{"rendered":"<p>? \u2020?: j\u00e1r\u00e1sb\u00edr\u00f3. \u2013 Apja: d\u00e9zsfalvi S. J\u00f3zsef. Testv\u00e9re: S. Jozefa Benk\u0151 Farkasn\u00e9. Gyermekeik: Ferenc, M\u00e1risk\u00f3, Margit. \u2013 Segesv\u00e1ri kir. j\u00e1r\u00e1sb\u00edr\u00f3.. \u2013. Irod.: Gy\u00e1szjelent\u0151.<\/br><\/p>\n","protected":false},"excerpt":{"rendered":"<p>? \u2020?: j\u00e1r\u00e1sb\u00edr\u00f3. \u2013 Apja: d\u00e9zsfalvi S. J\u00f3zsef. Testv\u00e9re: S. Jozefa Benk\u0151 Farkasn\u00e9. Gyermekeik: Ferenc, M\u00e1risk\u00f3, Margit. \u2013 Segesv\u00e1ri kir. j\u00e1r\u00e1sb\u00edr\u00f3.. \u2013. Irod.: Gy\u00e1szjelent\u0151.<\/p>\n","protected":false},"featured_media":0,"comment_status":"open","ping_status":"closed","template":"","meta":[],"product_brand":[],"product_cat":[137],"product_tag":[],"class_list":{"0":"post-20391","1":"product","2":"type-product","3":"status-publish","5":"product_cat-maros-megyei-eletrajzi-lexikon","7":"first","8":"instock","9":"shipping-taxable","10":"product-type-simple"},"_links":{"self":[{"href":"https:\/\/uj.adatbank.ro\/lexikon\/wp-json\/wp\/v2\/product\/20391","targetHints":{"allow":["GET"]}}],"collection":[{"href":"https:\/\/uj.adatbank.ro\/lexikon\/wp-json\/wp\/v2\/product"}],"about":[{"href":"https:\/\/uj.adatbank.ro\/lexikon\/wp-json\/wp\/v2\/types\/product"}],"replies":[{"embeddable":true,"href":"https:\/\/uj.adatbank.ro\/lexikon\/wp-json\/wp\/v2\/comments?post=20391"}],"wp:attachment":[{"href":"https:\/\/uj.adatbank.ro\/lexikon\/wp-json\/wp\/v2\/media?parent=20391"}],"wp:term":[{"taxonomy":"product_brand","embeddable":true,"href":"https:\/\/uj.adatbank.ro\/lexikon\/wp-json\/wp\/v2\/product_brand?post=20391"},{"taxonomy":"product_cat","embeddable":true,"href":"https:\/\/uj.adatbank.ro\/lexikon\/wp-json\/wp\/v2\/product_cat?post=20391"},{"taxonomy":"product_tag","embeddable":true,"href":"https:\/\/uj.adatbank.ro\/lexikon\/wp-json\/wp\/v2\/product_tag?post=20391"}],"curies":[{"name":"wp","href":"https:\/\/api.w.org\/{rel}","templated":true}]}}