{"id":20396,"date":"2025-07-22T18:47:29","date_gmt":"2025-07-22T16:47:29","guid":{"rendered":"https:\/\/uj.adatbank.ro\/lexikon\/termek\/simon-andras-simon-endre-2\/"},"modified":"2025-07-22T18:47:29","modified_gmt":"2025-07-22T16:47:29","slug":"simon-andras-simon-endre-2","status":"publish","type":"product","link":"https:\/\/uj.adatbank.ro\/lexikon\/termek\/simon-andras-simon-endre-2\/","title":{"rendered":"SIMON Andr\u00e1s, Simon Endre"},"content":{"rendered":"<p>1837. nov. 30., \u2020\u00a01872. dec. 20.: r. k. pap. \u2013 Papp\u00e1 szentelt\u00e9k (1861. j\u00fal. 3.). K\u00e1pl\u00e1n Segesv\u00e1ron \u00e9s hittantan\u00e1r, Gyulafeh\u00e9rv\u00e1ron tan\u00e1r \u00e9s k\u00e1pl\u00e1n (1862), k\u00e1pl\u00e1n Kv.-on. Tan\u00e1r Mv.-en (1865\u201366), majd Sz\u00e9kelyudvarhelyen tan\u00e1r \u00e9s gimn\u00e1ziumi igazgat\u00f3. Sepsiszentgy\u00f6rgy\u00f6n pl\u00e9b\u00e1nos. <br \/><strong>Irod.:<\/strong> Ferenczi S\u00e1ndor 2009.<\/br><\/p>\n","protected":false},"excerpt":{"rendered":"<p>1837. nov. 30., \u2020\u00a01872. dec. 20.: r. k. pap. \u2013 Papp\u00e1 szentelt\u00e9k (1861. j\u00fal. 3.). K\u00e1pl\u00e1n Segesv\u00e1ron \u00e9s hittantan\u00e1r, Gyulafeh\u00e9rv\u00e1ron tan\u00e1r \u00e9s k\u00e1pl\u00e1n (1862), k\u00e1pl\u00e1n Kv.-on. Tan\u00e1r Mv.-en (1865\u201366), majd Sz\u00e9kelyudvarhelyen tan\u00e1r \u00e9s gimn\u00e1ziumi igazgat\u00f3. Sepsiszentgy\u00f6rgy\u00f6n pl\u00e9b\u00e1nos. Irod.: Ferenczi S\u00e1ndor 2009.<\/p>\n","protected":false},"featured_media":0,"comment_status":"open","ping_status":"closed","template":"","meta":[],"product_brand":[],"product_cat":[137],"product_tag":[],"class_list":{"0":"post-20396","1":"product","2":"type-product","3":"status-publish","5":"product_cat-maros-megyei-eletrajzi-lexikon","7":"first","8":"instock","9":"shipping-taxable","10":"product-type-simple"},"_links":{"self":[{"href":"https:\/\/uj.adatbank.ro\/lexikon\/wp-json\/wp\/v2\/product\/20396","targetHints":{"allow":["GET"]}}],"collection":[{"href":"https:\/\/uj.adatbank.ro\/lexikon\/wp-json\/wp\/v2\/product"}],"about":[{"href":"https:\/\/uj.adatbank.ro\/lexikon\/wp-json\/wp\/v2\/types\/product"}],"replies":[{"embeddable":true,"href":"https:\/\/uj.adatbank.ro\/lexikon\/wp-json\/wp\/v2\/comments?post=20396"}],"wp:attachment":[{"href":"https:\/\/uj.adatbank.ro\/lexikon\/wp-json\/wp\/v2\/media?parent=20396"}],"wp:term":[{"taxonomy":"product_brand","embeddable":true,"href":"https:\/\/uj.adatbank.ro\/lexikon\/wp-json\/wp\/v2\/product_brand?post=20396"},{"taxonomy":"product_cat","embeddable":true,"href":"https:\/\/uj.adatbank.ro\/lexikon\/wp-json\/wp\/v2\/product_cat?post=20396"},{"taxonomy":"product_tag","embeddable":true,"href":"https:\/\/uj.adatbank.ro\/lexikon\/wp-json\/wp\/v2\/product_tag?post=20396"}],"curies":[{"name":"wp","href":"https:\/\/api.w.org\/{rel}","templated":true}]}}