{"id":20397,"date":"2025-07-22T18:47:31","date_gmt":"2025-07-22T16:47:31","guid":{"rendered":"https:\/\/uj.adatbank.ro\/lexikon\/termek\/simon-elek\/"},"modified":"2025-07-22T18:47:31","modified_gmt":"2025-07-22T16:47:31","slug":"simon-elek","status":"publish","type":"product","link":"https:\/\/uj.adatbank.ro\/lexikon\/termek\/simon-elek\/","title":{"rendered":"SIMON Elek"},"content":{"rendered":"<p>? \u2020?: tan\u00edt\u00f3. \u2013 S\u00e1romberk\u00e9n volt tan\u00edt\u00f3 (1814\u201323). Ell\u00e1tta a \u00bbnot\u00e1riusi\u00ab teend\u0151ket is. <br \/><strong>Irod.:<\/strong> S\u00e1romberke.<\/br><\/p>\n","protected":false},"excerpt":{"rendered":"<p>? \u2020?: tan\u00edt\u00f3. \u2013 S\u00e1romberk\u00e9n volt tan\u00edt\u00f3 (1814\u201323). Ell\u00e1tta a \u00bbnot\u00e1riusi\u00ab teend\u0151ket is. Irod.: S\u00e1romberke.<\/p>\n","protected":false},"featured_media":0,"comment_status":"open","ping_status":"closed","template":"","meta":[],"product_brand":[],"product_cat":[137],"product_tag":[],"class_list":{"0":"post-20397","1":"product","2":"type-product","3":"status-publish","5":"product_cat-maros-megyei-eletrajzi-lexikon","7":"first","8":"instock","9":"shipping-taxable","10":"product-type-simple"},"_links":{"self":[{"href":"https:\/\/uj.adatbank.ro\/lexikon\/wp-json\/wp\/v2\/product\/20397","targetHints":{"allow":["GET"]}}],"collection":[{"href":"https:\/\/uj.adatbank.ro\/lexikon\/wp-json\/wp\/v2\/product"}],"about":[{"href":"https:\/\/uj.adatbank.ro\/lexikon\/wp-json\/wp\/v2\/types\/product"}],"replies":[{"embeddable":true,"href":"https:\/\/uj.adatbank.ro\/lexikon\/wp-json\/wp\/v2\/comments?post=20397"}],"wp:attachment":[{"href":"https:\/\/uj.adatbank.ro\/lexikon\/wp-json\/wp\/v2\/media?parent=20397"}],"wp:term":[{"taxonomy":"product_brand","embeddable":true,"href":"https:\/\/uj.adatbank.ro\/lexikon\/wp-json\/wp\/v2\/product_brand?post=20397"},{"taxonomy":"product_cat","embeddable":true,"href":"https:\/\/uj.adatbank.ro\/lexikon\/wp-json\/wp\/v2\/product_cat?post=20397"},{"taxonomy":"product_tag","embeddable":true,"href":"https:\/\/uj.adatbank.ro\/lexikon\/wp-json\/wp\/v2\/product_tag?post=20397"}],"curies":[{"name":"wp","href":"https:\/\/api.w.org\/{rel}","templated":true}]}}