{"id":20398,"date":"2025-07-22T18:47:33","date_gmt":"2025-07-22T16:47:33","guid":{"rendered":"https:\/\/uj.adatbank.ro\/lexikon\/termek\/simon-elek-2\/"},"modified":"2025-07-22T18:47:33","modified_gmt":"2025-07-22T16:47:33","slug":"simon-elek-2","status":"publish","type":"product","link":"https:\/\/uj.adatbank.ro\/lexikon\/termek\/simon-elek-2\/","title":{"rendered":"SIMON Elek"},"content":{"rendered":"<p>B\u00e1gyon?, \u2020 Vadasd, 1912. m\u00e1rc. 2.: ref. lelk\u00e9sz. \u2013 Unok\u00e1ja szerint Bem hadsereg\u00e9ben szolg\u00e1lt a szabads\u00e1gharc alatt, valami rangot is viselt, ez\u00e9rt B\u00e9cs\u00fajhelyen \u00fclt, \u00e9s k\u00e9s\u0151bb is \u00f6sszeesk\u00fcv\u00e9sekbe keveredett, ez\u00e9rt sokat zaklatt\u00e1k. Egyszer egy rend\u0151r el\u0151tt nyelte le t\u00e1rsai list\u00e1j\u00e1t. V\u00e9g\u00fcl a paps\u00e1gba menek\u00fclt. P\u00f3kakereszt\u00faron (1858\u201374), Kisf\u00fclp\u00f6s\u00f6n, majd Bed\u00e9ben, v\u00e9g\u00fcl Vadason szolg\u00e1lt 31 \u00e9vet (1881\u20131912). Templom- \u00e9s torony\u00e9p\u00edt\u0151 volt (1885\u20131900), \u00e9s m\u00e1s egyh\u00e1zi \u00e9p\u00fcletek \u00e9p\u00edt\u00e9s\u00e9t is megszervezte. Az egyh\u00e1z fontosabb esem\u00e9nyeit egy napl\u00f3ba vezette, pr\u00e9dik\u00e1ci\u00f3s k\u00f6nyve nyomtat\u00e1sban is megjelent. Hat\u00e1rozott, mark\u00e1ns egy\u00e9nis\u00e9g\u0171. <br \/><strong>Irod.:<\/strong> P\u00f3ka, Vadasdi kr\u00f3nika.<\/br><\/p>\n","protected":false},"excerpt":{"rendered":"<p>B\u00e1gyon?, \u2020 Vadasd, 1912. m\u00e1rc. 2.: ref. lelk\u00e9sz. \u2013 Unok\u00e1ja szerint Bem hadsereg\u00e9ben szolg\u00e1lt a szabads\u00e1gharc alatt, valami rangot is viselt, ez\u00e9rt B\u00e9cs\u00fajhelyen \u00fclt, \u00e9s k\u00e9s\u0151bb is \u00f6sszeesk\u00fcv\u00e9sekbe keveredett, ez\u00e9rt sokat zaklatt\u00e1k. Egyszer egy rend\u0151r el\u0151tt nyelte le t\u00e1rsai list\u00e1j\u00e1t. V\u00e9g\u00fcl a paps\u00e1gba menek\u00fclt. P\u00f3kakereszt\u00faron (1858\u201374), Kisf\u00fclp\u00f6s\u00f6n, majd Bed\u00e9ben, v\u00e9g\u00fcl Vadason szolg\u00e1lt 31 \u00e9vet (1881\u20131912). [&hellip;]<\/p>\n","protected":false},"featured_media":0,"comment_status":"open","ping_status":"closed","template":"","meta":[],"product_brand":[],"product_cat":[137],"product_tag":[],"class_list":{"0":"post-20398","1":"product","2":"type-product","3":"status-publish","5":"product_cat-maros-megyei-eletrajzi-lexikon","7":"first","8":"instock","9":"shipping-taxable","10":"product-type-simple"},"_links":{"self":[{"href":"https:\/\/uj.adatbank.ro\/lexikon\/wp-json\/wp\/v2\/product\/20398","targetHints":{"allow":["GET"]}}],"collection":[{"href":"https:\/\/uj.adatbank.ro\/lexikon\/wp-json\/wp\/v2\/product"}],"about":[{"href":"https:\/\/uj.adatbank.ro\/lexikon\/wp-json\/wp\/v2\/types\/product"}],"replies":[{"embeddable":true,"href":"https:\/\/uj.adatbank.ro\/lexikon\/wp-json\/wp\/v2\/comments?post=20398"}],"wp:attachment":[{"href":"https:\/\/uj.adatbank.ro\/lexikon\/wp-json\/wp\/v2\/media?parent=20398"}],"wp:term":[{"taxonomy":"product_brand","embeddable":true,"href":"https:\/\/uj.adatbank.ro\/lexikon\/wp-json\/wp\/v2\/product_brand?post=20398"},{"taxonomy":"product_cat","embeddable":true,"href":"https:\/\/uj.adatbank.ro\/lexikon\/wp-json\/wp\/v2\/product_cat?post=20398"},{"taxonomy":"product_tag","embeddable":true,"href":"https:\/\/uj.adatbank.ro\/lexikon\/wp-json\/wp\/v2\/product_tag?post=20398"}],"curies":[{"name":"wp","href":"https:\/\/api.w.org\/{rel}","templated":true}]}}