{"id":20399,"date":"2025-07-22T18:47:34","date_gmt":"2025-07-22T16:47:34","guid":{"rendered":"https:\/\/uj.adatbank.ro\/lexikon\/termek\/simon-elek-3\/"},"modified":"2025-07-22T18:47:34","modified_gmt":"2025-07-22T16:47:34","slug":"simon-elek-3","status":"publish","type":"product","link":"https:\/\/uj.adatbank.ro\/lexikon\/termek\/simon-elek-3\/","title":{"rendered":"SIMON Elek"},"content":{"rendered":"<p>? \u2020?: \u00fcgyv\u00e9d, mv.-i polg\u00e1r. \u2013 Fekete S\u00e1muel kir. udvari tan\u00e1csossal egy\u00fctt f\u00e1rads\u00e1got \u00e9s anyagi \u00e1ldozatot sem k\u00edm\u00e9lve kiadt\u00e1k Benk\u0151 K\u00e1roly Marossz\u00e9k le\u00edr\u00e1sa c. m\u0171v\u00e9t. \u2013 <strong>F. m.<\/strong>: kiad\u00f3: Benk\u0151 K\u00e1roly: Marossz\u00e9k ismertet\u00e9se (Kv., 1868). <br \/><strong>Irod.:<\/strong> F\u00fcl\u00f6p\u2013Ferencz; P\u00e1l-Antal 2003.<\/br><\/p>\n","protected":false},"excerpt":{"rendered":"<p>? \u2020?: \u00fcgyv\u00e9d, mv.-i polg\u00e1r. \u2013 Fekete S\u00e1muel kir. udvari tan\u00e1csossal egy\u00fctt f\u00e1rads\u00e1got \u00e9s anyagi \u00e1ldozatot sem k\u00edm\u00e9lve kiadt\u00e1k Benk\u0151 K\u00e1roly Marossz\u00e9k le\u00edr\u00e1sa c. m\u0171v\u00e9t. \u2013 F. m.: kiad\u00f3: Benk\u0151 K\u00e1roly: Marossz\u00e9k ismertet\u00e9se (Kv., 1868). Irod.: F\u00fcl\u00f6p\u2013Ferencz; P\u00e1l-Antal 2003.<\/p>\n","protected":false},"featured_media":0,"comment_status":"open","ping_status":"closed","template":"","meta":[],"product_brand":[],"product_cat":[137],"product_tag":[],"class_list":{"0":"post-20399","1":"product","2":"type-product","3":"status-publish","5":"product_cat-maros-megyei-eletrajzi-lexikon","7":"first","8":"instock","9":"shipping-taxable","10":"product-type-simple"},"_links":{"self":[{"href":"https:\/\/uj.adatbank.ro\/lexikon\/wp-json\/wp\/v2\/product\/20399","targetHints":{"allow":["GET"]}}],"collection":[{"href":"https:\/\/uj.adatbank.ro\/lexikon\/wp-json\/wp\/v2\/product"}],"about":[{"href":"https:\/\/uj.adatbank.ro\/lexikon\/wp-json\/wp\/v2\/types\/product"}],"replies":[{"embeddable":true,"href":"https:\/\/uj.adatbank.ro\/lexikon\/wp-json\/wp\/v2\/comments?post=20399"}],"wp:attachment":[{"href":"https:\/\/uj.adatbank.ro\/lexikon\/wp-json\/wp\/v2\/media?parent=20399"}],"wp:term":[{"taxonomy":"product_brand","embeddable":true,"href":"https:\/\/uj.adatbank.ro\/lexikon\/wp-json\/wp\/v2\/product_brand?post=20399"},{"taxonomy":"product_cat","embeddable":true,"href":"https:\/\/uj.adatbank.ro\/lexikon\/wp-json\/wp\/v2\/product_cat?post=20399"},{"taxonomy":"product_tag","embeddable":true,"href":"https:\/\/uj.adatbank.ro\/lexikon\/wp-json\/wp\/v2\/product_tag?post=20399"}],"curies":[{"name":"wp","href":"https:\/\/api.w.org\/{rel}","templated":true}]}}