{"id":20401,"date":"2025-07-22T18:47:38","date_gmt":"2025-07-22T16:47:38","guid":{"rendered":"https:\/\/uj.adatbank.ro\/lexikon\/termek\/simon-endre\/"},"modified":"2025-07-22T18:47:38","modified_gmt":"2025-07-22T16:47:38","slug":"simon-endre","status":"publish","type":"product","link":"https:\/\/uj.adatbank.ro\/lexikon\/termek\/simon-endre\/","title":{"rendered":"SIMON Endre"},"content":{"rendered":"<p>Bog\u00e1rfalva, 1816. m\u00e1rc. 10. \u2020 Kerel\u0151szentp\u00e1l (Maros), 1885. febr. 23.: r. kat. Lelk\u00e9sz. \u2013 T\u00f6lgyesen (Hargita) volt pl\u00e9b\u00e1nos. Az 1848-as forr.-i esem\u00e9nyek idej\u00e9n letart\u00f3ztatt\u00e1k \u00e9s a gyulafeh\u00e9rv\u00e1ri kazamat\u00e1ban fogva tartott\u00e1k (1849\u201351). Fogs\u00e1ga ut\u00e1n Korondon, Als\u00f3j\u00e1r\u00e1n, Sinfalv\u00e1n \u00e9s Kerel\u0151szentp\u00e1lon volt pl\u00e9b\u00e1nos, majd esperes. <br \/><strong>Irod.:<\/strong> P\u00e1l-Antal\u2013Szab\u00f3 2.<\/br><\/p>\n","protected":false},"excerpt":{"rendered":"<p>Bog\u00e1rfalva, 1816. m\u00e1rc. 10. \u2020 Kerel\u0151szentp\u00e1l (Maros), 1885. febr. 23.: r. kat. Lelk\u00e9sz. \u2013 T\u00f6lgyesen (Hargita) volt pl\u00e9b\u00e1nos. Az 1848-as forr.-i esem\u00e9nyek idej\u00e9n letart\u00f3ztatt\u00e1k \u00e9s a gyulafeh\u00e9rv\u00e1ri kazamat\u00e1ban fogva tartott\u00e1k (1849\u201351). Fogs\u00e1ga ut\u00e1n Korondon, Als\u00f3j\u00e1r\u00e1n, Sinfalv\u00e1n \u00e9s Kerel\u0151szentp\u00e1lon volt pl\u00e9b\u00e1nos, majd esperes. Irod.: P\u00e1l-Antal\u2013Szab\u00f3 2.<\/p>\n","protected":false},"featured_media":0,"comment_status":"open","ping_status":"closed","template":"","meta":[],"product_brand":[],"product_cat":[137],"product_tag":[],"class_list":{"0":"post-20401","1":"product","2":"type-product","3":"status-publish","5":"product_cat-maros-megyei-eletrajzi-lexikon","7":"first","8":"instock","9":"shipping-taxable","10":"product-type-simple"},"_links":{"self":[{"href":"https:\/\/uj.adatbank.ro\/lexikon\/wp-json\/wp\/v2\/product\/20401","targetHints":{"allow":["GET"]}}],"collection":[{"href":"https:\/\/uj.adatbank.ro\/lexikon\/wp-json\/wp\/v2\/product"}],"about":[{"href":"https:\/\/uj.adatbank.ro\/lexikon\/wp-json\/wp\/v2\/types\/product"}],"replies":[{"embeddable":true,"href":"https:\/\/uj.adatbank.ro\/lexikon\/wp-json\/wp\/v2\/comments?post=20401"}],"wp:attachment":[{"href":"https:\/\/uj.adatbank.ro\/lexikon\/wp-json\/wp\/v2\/media?parent=20401"}],"wp:term":[{"taxonomy":"product_brand","embeddable":true,"href":"https:\/\/uj.adatbank.ro\/lexikon\/wp-json\/wp\/v2\/product_brand?post=20401"},{"taxonomy":"product_cat","embeddable":true,"href":"https:\/\/uj.adatbank.ro\/lexikon\/wp-json\/wp\/v2\/product_cat?post=20401"},{"taxonomy":"product_tag","embeddable":true,"href":"https:\/\/uj.adatbank.ro\/lexikon\/wp-json\/wp\/v2\/product_tag?post=20401"}],"curies":[{"name":"wp","href":"https:\/\/api.w.org\/{rel}","templated":true}]}}