{"id":20402,"date":"2025-07-22T18:47:40","date_gmt":"2025-07-22T16:47:40","guid":{"rendered":"https:\/\/uj.adatbank.ro\/lexikon\/termek\/simon-endre-2\/"},"modified":"2025-07-22T18:47:40","modified_gmt":"2025-07-22T16:47:40","slug":"simon-endre-2","status":"publish","type":"product","link":"https:\/\/uj.adatbank.ro\/lexikon\/termek\/simon-endre-2\/","title":{"rendered":"SIMON Endre"},"content":{"rendered":"<p>Gyergy\u00f3szentmikl\u00f3s, 1837. nov. 30., \u2020?: r\u00f3m. kat. lelk\u00e9sz \u00e9s tan\u00e1r. \u2013 Az erd\u00e9lyi p\u00fcsp\u00f6kmegy\u00e9ben volt pap \u00e9s Mv.-en, K\u00e1rolyv\u00e1rt, Sz\u00e9kelyudvarhelyt (1867\u2013) f\u0151gimn\u00e1ziumi tan\u00e1r, hitelemz\u0151 \u00e9s v\u00e1rosi hitsz\u00f3nok. Levele: Pozsony b\u00f6jtm\u00e1s hava 22. az Id\u0151k Tanuj\u00e1ban (1860. 63. sz.). \u2013 <strong>F. m.<\/strong>: A kath. pap tisztelend\u0151: Egyh\u00e1zi sz. besz\u00e9d, melyet Tak\u00f3 B\u00e9la tan\u00e1rt\u00e1rs\u00e1nak a gyulafeh\u00e9rv\u00e1ri sz\u00e9kesegyh\u00e1zban 1863-ki nov. 15-\u00e9n tartott zsenge\u00e1ldozati \u00fcnnep\u00e9lye alkalm\u00e1b\u00f3l el\u0151adott (Kv., 1863); A szent kereszt diadala. Egyh\u00e1zi besz\u00e9d, melyet szent Andr\u00e1s apostol \u00fcnnep\u00e9n 1866-ban tartott. (Mv., 1867). <br \/><strong>Irod.:<\/strong> F\u00fcl\u00f6p\u2013Ferencz; Rugonfalvi Kiss; Szinnyei.<\/br><\/p>\n","protected":false},"excerpt":{"rendered":"<p>Gyergy\u00f3szentmikl\u00f3s, 1837. nov. 30., \u2020?: r\u00f3m. kat. lelk\u00e9sz \u00e9s tan\u00e1r. \u2013 Az erd\u00e9lyi p\u00fcsp\u00f6kmegy\u00e9ben volt pap \u00e9s Mv.-en, K\u00e1rolyv\u00e1rt, Sz\u00e9kelyudvarhelyt (1867\u2013) f\u0151gimn\u00e1ziumi tan\u00e1r, hitelemz\u0151 \u00e9s v\u00e1rosi hitsz\u00f3nok. Levele: Pozsony b\u00f6jtm\u00e1s hava 22. az Id\u0151k Tanuj\u00e1ban (1860. 63. sz.). \u2013 F. m.: A kath. pap tisztelend\u0151: Egyh\u00e1zi sz. besz\u00e9d, melyet Tak\u00f3 B\u00e9la tan\u00e1rt\u00e1rs\u00e1nak a gyulafeh\u00e9rv\u00e1ri sz\u00e9kesegyh\u00e1zban [&hellip;]<\/p>\n","protected":false},"featured_media":0,"comment_status":"open","ping_status":"closed","template":"","meta":[],"product_brand":[],"product_cat":[137],"product_tag":[],"class_list":{"0":"post-20402","1":"product","2":"type-product","3":"status-publish","5":"product_cat-maros-megyei-eletrajzi-lexikon","7":"first","8":"instock","9":"shipping-taxable","10":"product-type-simple"},"_links":{"self":[{"href":"https:\/\/uj.adatbank.ro\/lexikon\/wp-json\/wp\/v2\/product\/20402","targetHints":{"allow":["GET"]}}],"collection":[{"href":"https:\/\/uj.adatbank.ro\/lexikon\/wp-json\/wp\/v2\/product"}],"about":[{"href":"https:\/\/uj.adatbank.ro\/lexikon\/wp-json\/wp\/v2\/types\/product"}],"replies":[{"embeddable":true,"href":"https:\/\/uj.adatbank.ro\/lexikon\/wp-json\/wp\/v2\/comments?post=20402"}],"wp:attachment":[{"href":"https:\/\/uj.adatbank.ro\/lexikon\/wp-json\/wp\/v2\/media?parent=20402"}],"wp:term":[{"taxonomy":"product_brand","embeddable":true,"href":"https:\/\/uj.adatbank.ro\/lexikon\/wp-json\/wp\/v2\/product_brand?post=20402"},{"taxonomy":"product_cat","embeddable":true,"href":"https:\/\/uj.adatbank.ro\/lexikon\/wp-json\/wp\/v2\/product_cat?post=20402"},{"taxonomy":"product_tag","embeddable":true,"href":"https:\/\/uj.adatbank.ro\/lexikon\/wp-json\/wp\/v2\/product_tag?post=20402"}],"curies":[{"name":"wp","href":"https:\/\/api.w.org\/{rel}","templated":true}]}}