{"id":20403,"date":"2025-07-22T18:47:43","date_gmt":"2025-07-22T16:47:43","guid":{"rendered":"https:\/\/uj.adatbank.ro\/lexikon\/termek\/simon-endre-3\/"},"modified":"2025-07-22T18:47:43","modified_gmt":"2025-07-22T16:47:43","slug":"simon-endre-3","status":"publish","type":"product","link":"https:\/\/uj.adatbank.ro\/lexikon\/termek\/simon-endre-3\/","title":{"rendered":"SIMON Endre"},"content":{"rendered":"<p>Sz\u00e9kes, 1936. okt. 19. \u2020 Bp., 2022. j\u00fan. 7.: k\u00e9pz\u0151m\u0171v\u00e9sz. \u2013 A fia, Simon Zsolt, grafikusm\u0171v\u00e9sz. \u2013 A mv.-i K\u00e9pz\u0151m\u0171v. L\u00edc.-ban tanult \u00e9s \u00e9retts\u00e9gizett (1954). A kv.-i Ion Andreescu k\u00e9pz\u0151m\u0171v. f\u0151iskola hallgat\u00f3ja (1954\u201360). Az \u00e9vek sor\u00e1n tan\u00e1rai: Bordy Andr\u00e1s, Incze Istv\u00e1n, Piskolti G\u00e1bor, Petre Abrudan, Teodor Har\u0219ia, Mikl\u00f3ssy G\u00e1bor (1960\u20131967, 1972\u20131986). Mv.-en a Kult\u00farpalota K\u00e9pt\u00e1r muzeol\u00f3gusa. Bordy Andr\u00e1s, Gheorghe Olariu \u00e9s S\u00fck\u00f6sd Ferenc koll\u00e9g\u00e1ival (1986\u20131993) sz\u00e1mos ki\u00e1ll\u00edt\u00e1st szerveztek, katal\u00f3gust \u00e1ll\u00edtottak \u00f6ssze. Mint grafikus plak\u00e1tokat, rekl\u00e1mokat, illusztr\u00e1ci\u00f3kat k\u00e9sz\u00edtett. Az \u00daj \u00c9let, az Erd\u00e9lyi Figyel\u0151 foly\u00f3irat k\u00e9pz\u0151m\u0171v\u00e9szeti rovat\u00e1nak szerkeszt\u0151je \u00e9s t\u00f6rdel\u0151szerkeszt\u0151je. Jelent\u0151s muzeol\u00f3gusi tette: a XX. sz\u00e1zadi eleji magyar k\u00e9pz\u0151m\u0171v\u00e9szeti Bern\u00e1dy gy\u0171jtem\u00e9nyt vissza\u00e1ll\u00edtotta a Mv.-i k\u00e9pt\u00e1rban. A mv.-i orsz\u00e1gos lev\u00e9lt\u00e1r fal\u00e1ra a v\u00e1ros nagy mozaikj\u00e1t Gheorghe Olariuval k\u00f6z\u00f6sen k\u00e9sz\u00edtett\u00e9k el (1978\u20131982). Sz\u00e1mos erd\u00e9lyi, magyarorsz\u00e1gi \u00e9s nemzetk\u00f6zi gy\u0171jtem\u00e9nyes ki\u00e1ll\u00edt\u00e1st szervezett (t\u00f6bb mint 120-at). Alkot\u00f3t\u00e1borokban is dolgozott: \u00c1rkoson (1973), Sz\u00e1rhegyen (1974\u201391), a hortob\u00e1gyi m\u0171v\u00e9sztelepen (1992). A Barab\u00e1s Mikl\u00f3s C\u00e9h aleln\u00f6ke (1997\u20132002). Szolnay S\u00e1ndor-d\u00edjas. Csal\u00e1dj\u00e1val \u00e1ttelepedett a magyaro.-i T\u00f6r\u00f6kb\u00e1lintba (2002). A mv.-i r.k.temet\u0151ben nyugszik. \u2013 K\u00f6tetei: Nagy Mikl\u00f3s Kund: Simon Endre (Cs\u00edkszereda, 2002); Nagy Mikl\u00f3s Kund \u2013 Sz\u00fccs Gy\u00f6rgy: Simon Endre: m\u0171v\u00e9szi album (Bp., 2012). <br \/><strong>Irod.:<\/strong> 100 \u00e9v; Erd\u00e9lyi Lajos; Szab\u00f3\u2013K\u00e1llai; Nekrol\u00f3g (N\u00fa., 2022. j\u00fan. 14.); Most Simon Endr\u00e9t\u0151l b\u00facs\u00fazunk (N\u00fa., 2022. j\u00fan. 11.); Nagy M. K. M\u0171terem; Rockenbauer Zolt\u00e1n \u2013Simon Zsolt: Simon Endre 1936. 10. 19., Sz\u00e9kes \u2013 2022. 06. 07., Budapest; Szolnay S\u00e1ndor-d\u00edjas fest\u0151- \u00e9s grafikusm\u0171v\u00e9sz (N\u00fa., 2022. j\u00fan. 14; 2022. j\u00fan. 20.).<\/br><\/p>\n","protected":false},"excerpt":{"rendered":"<p>Sz\u00e9kes, 1936. okt. 19. \u2020 Bp., 2022. j\u00fan. 7.: k\u00e9pz\u0151m\u0171v\u00e9sz. \u2013 A fia, Simon Zsolt, grafikusm\u0171v\u00e9sz. \u2013 A mv.-i K\u00e9pz\u0151m\u0171v. L\u00edc.-ban tanult \u00e9s \u00e9retts\u00e9gizett (1954). A kv.-i Ion Andreescu k\u00e9pz\u0151m\u0171v. f\u0151iskola hallgat\u00f3ja (1954\u201360). Az \u00e9vek sor\u00e1n tan\u00e1rai: Bordy Andr\u00e1s, Incze Istv\u00e1n, Piskolti G\u00e1bor, Petre Abrudan, Teodor Har\u0219ia, Mikl\u00f3ssy G\u00e1bor (1960\u20131967, 1972\u20131986). Mv.-en a Kult\u00farpalota K\u00e9pt\u00e1r [&hellip;]<\/p>\n","protected":false},"featured_media":0,"comment_status":"open","ping_status":"closed","template":"","meta":[],"product_brand":[],"product_cat":[137],"product_tag":[],"class_list":{"0":"post-20403","1":"product","2":"type-product","3":"status-publish","5":"product_cat-maros-megyei-eletrajzi-lexikon","7":"first","8":"instock","9":"shipping-taxable","10":"product-type-simple"},"_links":{"self":[{"href":"https:\/\/uj.adatbank.ro\/lexikon\/wp-json\/wp\/v2\/product\/20403","targetHints":{"allow":["GET"]}}],"collection":[{"href":"https:\/\/uj.adatbank.ro\/lexikon\/wp-json\/wp\/v2\/product"}],"about":[{"href":"https:\/\/uj.adatbank.ro\/lexikon\/wp-json\/wp\/v2\/types\/product"}],"replies":[{"embeddable":true,"href":"https:\/\/uj.adatbank.ro\/lexikon\/wp-json\/wp\/v2\/comments?post=20403"}],"wp:attachment":[{"href":"https:\/\/uj.adatbank.ro\/lexikon\/wp-json\/wp\/v2\/media?parent=20403"}],"wp:term":[{"taxonomy":"product_brand","embeddable":true,"href":"https:\/\/uj.adatbank.ro\/lexikon\/wp-json\/wp\/v2\/product_brand?post=20403"},{"taxonomy":"product_cat","embeddable":true,"href":"https:\/\/uj.adatbank.ro\/lexikon\/wp-json\/wp\/v2\/product_cat?post=20403"},{"taxonomy":"product_tag","embeddable":true,"href":"https:\/\/uj.adatbank.ro\/lexikon\/wp-json\/wp\/v2\/product_tag?post=20403"}],"curies":[{"name":"wp","href":"https:\/\/api.w.org\/{rel}","templated":true}]}}