{"id":20404,"date":"2025-07-22T18:47:44","date_gmt":"2025-07-22T16:47:44","guid":{"rendered":"https:\/\/uj.adatbank.ro\/lexikon\/termek\/simon-endre-csekefalvi\/"},"modified":"2025-07-22T18:47:44","modified_gmt":"2025-07-22T16:47:44","slug":"simon-endre-csekefalvi","status":"publish","type":"product","link":"https:\/\/uj.adatbank.ro\/lexikon\/termek\/simon-endre-csekefalvi\/","title":{"rendered":"SIMON Endre, csekefalvi"},"content":{"rendered":"<p>Havad, 1895 \u2020\u00a01973: ref. lelk\u00e9sz. \u2013 Nagyapja Elek az 1848-as szabads\u00e1gharc vit\u00e9ze volt. Feles\u00e9ge: Hegyi Jol\u00e1n (1903\u20131958). Tanulm\u00e1nyait Mv.-en, Sz\u00e1szv\u00e1roson \u00e9s Kv.-on v\u00e9gezte. Az els\u0151 vil\u00e1gh\u00e1bor\u00faban az orosz \u00e9s rom\u00e1n fronton harcolt hadnagyi rangban, megsebes\u00fclt. A II. o. ez\u00fcst, bronz v. \u00e9rem \u00e9s a K\u00e1roly Csapatkereszt kit\u00fcntetettje volt. \u2013 Mint seg\u00e9dlelk\u00e9sz 2 \u00e9vig Dics\u0151szentm\u00e1rtonban tev\u00e9kenykedett, ahonnan Szentgeric\u00e9re ker\u00fclt (1925\u201333), ahol 8 \u00e9vig volt rendes lelk\u00e9sz, majd Ny\u00e1r\u00e1dszentimr\u00e9re ker\u00fclt (1933\u2013) Sz\u00e9kelyb\u0151ben szolg\u00e1lt (1943\u201350). A rendszerv\u00e1ltoz\u00e1s ut\u00e1n 2 \u00e9vi b\u00f6rt\u00f6nb\u00fcntet\u00e9sre \u00edt\u00e9lt\u00e9k, amib\u0151l 7 h\u00f3napot t\u00f6lt\u00f6tt le, majd 30 napig tartott\u00e1k fogs\u00e1gban m. z\u00e1szl\u00f3 miatt. Utols\u00f3 szolg\u00e1lati helye Bede-Szenth\u00e1roms\u00e1g (1949\u20131965) <br \/><strong>Irod.:<\/strong> Cs\u00e1ky; Papp\u2013Szente; Ref. egyetemes n\u00e9vt\u00e1r; Sz\u00e9kelyf\u00f6ld \u00ed. k.; Szentgerice.<\/br><\/p>\n","protected":false},"excerpt":{"rendered":"<p>Havad, 1895 \u2020\u00a01973: ref. lelk\u00e9sz. \u2013 Nagyapja Elek az 1848-as szabads\u00e1gharc vit\u00e9ze volt. Feles\u00e9ge: Hegyi Jol\u00e1n (1903\u20131958). Tanulm\u00e1nyait Mv.-en, Sz\u00e1szv\u00e1roson \u00e9s Kv.-on v\u00e9gezte. Az els\u0151 vil\u00e1gh\u00e1bor\u00faban az orosz \u00e9s rom\u00e1n fronton harcolt hadnagyi rangban, megsebes\u00fclt. A II. o. ez\u00fcst, bronz v. \u00e9rem \u00e9s a K\u00e1roly Csapatkereszt kit\u00fcntetettje volt. \u2013 Mint seg\u00e9dlelk\u00e9sz 2 \u00e9vig Dics\u0151szentm\u00e1rtonban tev\u00e9kenykedett, [&hellip;]<\/p>\n","protected":false},"featured_media":0,"comment_status":"open","ping_status":"closed","template":"","meta":[],"product_brand":[],"product_cat":[137],"product_tag":[],"class_list":{"0":"post-20404","1":"product","2":"type-product","3":"status-publish","5":"product_cat-maros-megyei-eletrajzi-lexikon","7":"first","8":"instock","9":"shipping-taxable","10":"product-type-simple"},"_links":{"self":[{"href":"https:\/\/uj.adatbank.ro\/lexikon\/wp-json\/wp\/v2\/product\/20404","targetHints":{"allow":["GET"]}}],"collection":[{"href":"https:\/\/uj.adatbank.ro\/lexikon\/wp-json\/wp\/v2\/product"}],"about":[{"href":"https:\/\/uj.adatbank.ro\/lexikon\/wp-json\/wp\/v2\/types\/product"}],"replies":[{"embeddable":true,"href":"https:\/\/uj.adatbank.ro\/lexikon\/wp-json\/wp\/v2\/comments?post=20404"}],"wp:attachment":[{"href":"https:\/\/uj.adatbank.ro\/lexikon\/wp-json\/wp\/v2\/media?parent=20404"}],"wp:term":[{"taxonomy":"product_brand","embeddable":true,"href":"https:\/\/uj.adatbank.ro\/lexikon\/wp-json\/wp\/v2\/product_brand?post=20404"},{"taxonomy":"product_cat","embeddable":true,"href":"https:\/\/uj.adatbank.ro\/lexikon\/wp-json\/wp\/v2\/product_cat?post=20404"},{"taxonomy":"product_tag","embeddable":true,"href":"https:\/\/uj.adatbank.ro\/lexikon\/wp-json\/wp\/v2\/product_tag?post=20404"}],"curies":[{"name":"wp","href":"https:\/\/api.w.org\/{rel}","templated":true}]}}