{"id":20405,"date":"2025-07-22T18:47:46","date_gmt":"2025-07-22T16:47:46","guid":{"rendered":"https:\/\/uj.adatbank.ro\/lexikon\/termek\/simon-ferenc\/"},"modified":"2025-07-22T18:47:46","modified_gmt":"2025-07-22T16:47:46","slug":"simon-ferenc","status":"publish","type":"product","link":"https:\/\/uj.adatbank.ro\/lexikon\/termek\/simon-ferenc\/","title":{"rendered":"SIMON Ferenc"},"content":{"rendered":"<p>? \u2020?: f\u00f6ldbirtokos. \u2013 Testv\u00e9reivel f\u00f6ldbirtokosok Egrest\u0151n, k\u00f6zel 300 hold f\u00f6lddel rendelkeztek. \u00d6nk\u00e9nt jelentkezett a dics\u0151i F\u00f6ldoszt\u00f3 Bizotts\u00e1gn\u00e1l, \u00e9s 100 hold sz\u00e1nt\u00f3t, 190 hold legel\u0151t a falu lakosainak adott ki \u00e1rend\u00e1ba, a fennmaradt 117 holdat saj\u00e1t r\u00e9sz\u00fckre tartotta meg (1921\u2013). A f\u00f6ldoszt\u00e1s alkalm\u00e1val birtokaib\u00f3l kisaj\u00e1t\u00edtottak 250 holdat: sz\u00e1nt\u00f3t, kasz\u00e1l\u00f3t, legel\u0151t \u00e9s erd\u0151t (1922), majd egy 800 n\u00e9gysz\u00f6g\u00f6les beltelket a g. kat. templom \u00e9s rom\u00e1n tannyelv\u0171 iskola \u00e9p\u00edt\u00e9s\u00e9re saj\u00e1t\u00edtottak ki (1926. nov. 12.). <br \/><strong>Irod.:<\/strong> Prozan.<\/br><\/p>\n","protected":false},"excerpt":{"rendered":"<p>? \u2020?: f\u00f6ldbirtokos. \u2013 Testv\u00e9reivel f\u00f6ldbirtokosok Egrest\u0151n, k\u00f6zel 300 hold f\u00f6lddel rendelkeztek. \u00d6nk\u00e9nt jelentkezett a dics\u0151i F\u00f6ldoszt\u00f3 Bizotts\u00e1gn\u00e1l, \u00e9s 100 hold sz\u00e1nt\u00f3t, 190 hold legel\u0151t a falu lakosainak adott ki \u00e1rend\u00e1ba, a fennmaradt 117 holdat saj\u00e1t r\u00e9sz\u00fckre tartotta meg (1921\u2013). A f\u00f6ldoszt\u00e1s alkalm\u00e1val birtokaib\u00f3l kisaj\u00e1t\u00edtottak 250 holdat: sz\u00e1nt\u00f3t, kasz\u00e1l\u00f3t, legel\u0151t \u00e9s erd\u0151t (1922), majd egy [&hellip;]<\/p>\n","protected":false},"featured_media":0,"comment_status":"open","ping_status":"closed","template":"","meta":[],"product_brand":[],"product_cat":[137],"product_tag":[],"class_list":{"0":"post-20405","1":"product","2":"type-product","3":"status-publish","5":"product_cat-maros-megyei-eletrajzi-lexikon","7":"first","8":"instock","9":"shipping-taxable","10":"product-type-simple"},"_links":{"self":[{"href":"https:\/\/uj.adatbank.ro\/lexikon\/wp-json\/wp\/v2\/product\/20405","targetHints":{"allow":["GET"]}}],"collection":[{"href":"https:\/\/uj.adatbank.ro\/lexikon\/wp-json\/wp\/v2\/product"}],"about":[{"href":"https:\/\/uj.adatbank.ro\/lexikon\/wp-json\/wp\/v2\/types\/product"}],"replies":[{"embeddable":true,"href":"https:\/\/uj.adatbank.ro\/lexikon\/wp-json\/wp\/v2\/comments?post=20405"}],"wp:attachment":[{"href":"https:\/\/uj.adatbank.ro\/lexikon\/wp-json\/wp\/v2\/media?parent=20405"}],"wp:term":[{"taxonomy":"product_brand","embeddable":true,"href":"https:\/\/uj.adatbank.ro\/lexikon\/wp-json\/wp\/v2\/product_brand?post=20405"},{"taxonomy":"product_cat","embeddable":true,"href":"https:\/\/uj.adatbank.ro\/lexikon\/wp-json\/wp\/v2\/product_cat?post=20405"},{"taxonomy":"product_tag","embeddable":true,"href":"https:\/\/uj.adatbank.ro\/lexikon\/wp-json\/wp\/v2\/product_tag?post=20405"}],"curies":[{"name":"wp","href":"https:\/\/api.w.org\/{rel}","templated":true}]}}