{"id":20407,"date":"2025-07-22T18:47:51","date_gmt":"2025-07-22T16:47:51","guid":{"rendered":"https:\/\/uj.adatbank.ro\/lexikon\/termek\/simon-ferenc-3\/"},"modified":"2025-07-22T18:47:51","modified_gmt":"2025-07-22T16:47:51","slug":"simon-ferenc-3","status":"publish","type":"product","link":"https:\/\/uj.adatbank.ro\/lexikon\/termek\/simon-ferenc-3\/","title":{"rendered":"SIMON Ferenc"},"content":{"rendered":"<p>? \u2020 1908?: v\u00e1llalkoz\u00f3. \u2013 Feles\u00e9ge: Buchert Luiza (1869? \u2013 Mv., 1912. szept. 18.). Gyermekeik: S. Ferenc, Hug\u00f3, Erzs\u00e9bet, Ern\u0151 \u00e9s L\u00e1szl\u00f3. \u2013 Val\u00f3sz\u00edn\u0171 \u0151 az a mester, aki a Bern\u00e1dy Gy\u00f6rgy kos\u00e1rdombi vill\u00e1j\u00e1ban a k\u0151- \u00e9s betonmunk\u00e1kat k\u00e9sz\u00edtette (1900). <br \/><strong>Irod.:<\/strong> Bern\u00e1dy; Gy\u00e1szjelent\u0151.<\/br><\/p>\n","protected":false},"excerpt":{"rendered":"<p>? \u2020 1908?: v\u00e1llalkoz\u00f3. \u2013 Feles\u00e9ge: Buchert Luiza (1869? \u2013 Mv., 1912. szept. 18.). Gyermekeik: S. Ferenc, Hug\u00f3, Erzs\u00e9bet, Ern\u0151 \u00e9s L\u00e1szl\u00f3. \u2013 Val\u00f3sz\u00edn\u0171 \u0151 az a mester, aki a Bern\u00e1dy Gy\u00f6rgy kos\u00e1rdombi vill\u00e1j\u00e1ban a k\u0151- \u00e9s betonmunk\u00e1kat k\u00e9sz\u00edtette (1900). Irod.: Bern\u00e1dy; Gy\u00e1szjelent\u0151.<\/p>\n","protected":false},"featured_media":0,"comment_status":"open","ping_status":"closed","template":"","meta":[],"product_brand":[],"product_cat":[137],"product_tag":[],"class_list":{"0":"post-20407","1":"product","2":"type-product","3":"status-publish","5":"product_cat-maros-megyei-eletrajzi-lexikon","7":"first","8":"instock","9":"shipping-taxable","10":"product-type-simple"},"_links":{"self":[{"href":"https:\/\/uj.adatbank.ro\/lexikon\/wp-json\/wp\/v2\/product\/20407","targetHints":{"allow":["GET"]}}],"collection":[{"href":"https:\/\/uj.adatbank.ro\/lexikon\/wp-json\/wp\/v2\/product"}],"about":[{"href":"https:\/\/uj.adatbank.ro\/lexikon\/wp-json\/wp\/v2\/types\/product"}],"replies":[{"embeddable":true,"href":"https:\/\/uj.adatbank.ro\/lexikon\/wp-json\/wp\/v2\/comments?post=20407"}],"wp:attachment":[{"href":"https:\/\/uj.adatbank.ro\/lexikon\/wp-json\/wp\/v2\/media?parent=20407"}],"wp:term":[{"taxonomy":"product_brand","embeddable":true,"href":"https:\/\/uj.adatbank.ro\/lexikon\/wp-json\/wp\/v2\/product_brand?post=20407"},{"taxonomy":"product_cat","embeddable":true,"href":"https:\/\/uj.adatbank.ro\/lexikon\/wp-json\/wp\/v2\/product_cat?post=20407"},{"taxonomy":"product_tag","embeddable":true,"href":"https:\/\/uj.adatbank.ro\/lexikon\/wp-json\/wp\/v2\/product_tag?post=20407"}],"curies":[{"name":"wp","href":"https:\/\/api.w.org\/{rel}","templated":true}]}}