{"id":2041,"date":"2025-06-28T12:01:58","date_gmt":"2025-06-28T10:01:58","guid":{"rendered":"https:\/\/uj.adatbank.ro\/lexikon\/termek\/balintitt-ferenc-tovisi-br\/"},"modified":"2025-06-28T12:01:58","modified_gmt":"2025-06-28T10:01:58","slug":"balintitt-ferenc-tovisi-br","status":"publish","type":"product","link":"https:\/\/uj.adatbank.ro\/lexikon\/termek\/balintitt-ferenc-tovisi-br\/","title":{"rendered":"B\u00c1LINTITT Ferenc, t\u00f6visi br."},"content":{"rendered":"<p>? \u2020\u00a0? : f\u0151nemes, kir. t\u00e1blai \u00fcln\u00f6k. \u2013 Csejden \u00e9s T\u00f3falv\u00e1n voltak birtokai \u00e9s jobb\u00e1gyai, az \u00farb\u00e9ri \u00f6ssze\u00edr\u00e1skor (1785, 1820). Mv.-en lakott, v\u00e1s\u00e1rhelyi polg\u00e1ri esk\u00fct tett (1802) \u00e9s v\u00e1rosi tulajdonnal rendelkezett, ami ut\u00e1n ad\u00f3t fizetett. V\u00e1rhegyi kast\u00e9ly\u00e1ban ferences papot tartott (1792\u201398). <br \/><strong>Irod.:<\/strong> Csejd \u2013T\u00f3falva; Gy\u00f6rgy: A ferencrendiek; P\u00e1l-Antal 2006; P\u00e1l-Antal 2009<\/br><\/p>\n","protected":false},"excerpt":{"rendered":"<p>? \u2020\u00a0? : f\u0151nemes, kir. t\u00e1blai \u00fcln\u00f6k. \u2013 Csejden \u00e9s T\u00f3falv\u00e1n voltak birtokai \u00e9s jobb\u00e1gyai, az \u00farb\u00e9ri \u00f6ssze\u00edr\u00e1skor (1785, 1820). Mv.-en lakott, v\u00e1s\u00e1rhelyi polg\u00e1ri esk\u00fct tett (1802) \u00e9s v\u00e1rosi tulajdonnal rendelkezett, ami ut\u00e1n ad\u00f3t fizetett. V\u00e1rhegyi kast\u00e9ly\u00e1ban ferences papot tartott (1792\u201398). Irod.: Csejd \u2013T\u00f3falva; Gy\u00f6rgy: A ferencrendiek; P\u00e1l-Antal 2006; P\u00e1l-Antal 2009<\/p>\n","protected":false},"featured_media":0,"comment_status":"open","ping_status":"closed","template":"","meta":[],"product_brand":[],"product_cat":[137],"product_tag":[],"class_list":{"0":"post-2041","1":"product","2":"type-product","3":"status-publish","5":"product_cat-maros-megyei-eletrajzi-lexikon","7":"first","8":"instock","9":"shipping-taxable","10":"product-type-simple"},"_links":{"self":[{"href":"https:\/\/uj.adatbank.ro\/lexikon\/wp-json\/wp\/v2\/product\/2041","targetHints":{"allow":["GET"]}}],"collection":[{"href":"https:\/\/uj.adatbank.ro\/lexikon\/wp-json\/wp\/v2\/product"}],"about":[{"href":"https:\/\/uj.adatbank.ro\/lexikon\/wp-json\/wp\/v2\/types\/product"}],"replies":[{"embeddable":true,"href":"https:\/\/uj.adatbank.ro\/lexikon\/wp-json\/wp\/v2\/comments?post=2041"}],"wp:attachment":[{"href":"https:\/\/uj.adatbank.ro\/lexikon\/wp-json\/wp\/v2\/media?parent=2041"}],"wp:term":[{"taxonomy":"product_brand","embeddable":true,"href":"https:\/\/uj.adatbank.ro\/lexikon\/wp-json\/wp\/v2\/product_brand?post=2041"},{"taxonomy":"product_cat","embeddable":true,"href":"https:\/\/uj.adatbank.ro\/lexikon\/wp-json\/wp\/v2\/product_cat?post=2041"},{"taxonomy":"product_tag","embeddable":true,"href":"https:\/\/uj.adatbank.ro\/lexikon\/wp-json\/wp\/v2\/product_tag?post=2041"}],"curies":[{"name":"wp","href":"https:\/\/api.w.org\/{rel}","templated":true}]}}