{"id":20410,"date":"2025-07-22T18:47:55","date_gmt":"2025-07-22T16:47:55","guid":{"rendered":"https:\/\/uj.adatbank.ro\/lexikon\/termek\/simon-ferenc-%c2%a7\/"},"modified":"2025-07-22T18:47:55","modified_gmt":"2025-07-22T16:47:55","slug":"simon-ferenc-%c2%a7","status":"publish","type":"product","link":"https:\/\/uj.adatbank.ro\/lexikon\/termek\/simon-ferenc-%c2%a7\/","title":{"rendered":"SIMON Ferenc, \u00a7"},"content":{"rendered":"<p>Mv., 1927. jan. 8., \u2020 Mv., 2005. jan. 12.: sportol\u00f3, v\u00edzilabd\u00e1z\u00f3, \u00fasz\u00f3. \u2013 A mv.-i MSE gyermekk\u00e9nt kezdett sportolni (1932\u2013), egyik edz\u0151je Rajki B\u00e9la, aki k\u00e9s\u0151bb a m. \u00fasz\u00f3v\u00e1logatott edz\u0151je volt. M\u00e1r 17 \u00e9vesen a v\u00e1ros v\u00edzilabda csapat\u00e1nak tagjak\u00e9nt beker\u00fclt az orsz\u00e1gos v\u00e1logatottba. CFR SE, a Dermagant \u00e9s a mv.-i SK-ban; a buk.-i Dinam\u00f3ban (1945\u201351) sportolt. T\u00f6bbsz\u00f6r\u00f6s orsz\u00e1gos bajnok sz\u00e1zm\u00e9teres h\u00e1t\u00fasz\u00e1sban; 241-szeres v\u00e1logatott v\u00edzilabd\u00e1z\u00f3 (1947\u201362), a rom\u00e1n v\u00e1logatott kapit\u00e1nya is volt; a vil\u00e1gv\u00e1logatott tagja (1952, 1956, 1960), \u00e9rdemes sportmester (1956\u2013) \u2013 de, mert nem akad\u00e1lyozta meg n\u00e9gy t\u00e1rsuk disszid\u00e1l\u00e1s\u00e1t, ezt a c\u00edmet csak k\u00e9s\u0151bb kapta meg (1969) \u2013 majd edz\u0151 lett (1962\u2013). R\u00e9szt vett h\u00e1rom olimpi\u00e1n: Helsinkiben (1952), Melbourne-ben (1956) \u00e9s R\u00f3m\u00e1ban (1960). Mv. d\u00edszpolg\u00e1ra (2002); a Nemzetk\u00f6zi Olimpiai Bizotts\u00e1g kit\u00fcntetettje, az MVSZ aranydiplom\u00e1j\u00e1nak birtokosa, a v\u00e1rtemplom presbitere. <br \/><strong>Irod.:<\/strong> C.l. (2004. jan. 27.); Czimbalmos Ferenc-Attila: Egykor 4000 jegyet is eladtunk egy v\u00edzilabda-m\u00e9rk\u0151z\u00e9sen (N\u00fa., 2003. febr. 3.); KKACs; N\u00fa. (2002. j\u00fan. 5.); Kl\u00f3sz\u2013Tolok\u00e1n; RMKK; S. F. V\u00edzilabd\u00e1z\u00f3 (N\u00fa., 2000. aug. 14.); Szucher Ervin: El\u00faszott a v\u00edz szerelmese (Kr\u00f3nika, 2005. jan. 14\u201316.; \u00daj Kezdet, 3. sz., 2005. m\u00e1rc.); Kl\u00f3sz\u2013Tolok\u00e1n.<\/br><\/p>\n","protected":false},"excerpt":{"rendered":"<p>Mv., 1927. jan. 8., \u2020 Mv., 2005. jan. 12.: sportol\u00f3, v\u00edzilabd\u00e1z\u00f3, \u00fasz\u00f3. \u2013 A mv.-i MSE gyermekk\u00e9nt kezdett sportolni (1932\u2013), egyik edz\u0151je Rajki B\u00e9la, aki k\u00e9s\u0151bb a m. \u00fasz\u00f3v\u00e1logatott edz\u0151je volt. M\u00e1r 17 \u00e9vesen a v\u00e1ros v\u00edzilabda csapat\u00e1nak tagjak\u00e9nt beker\u00fclt az orsz\u00e1gos v\u00e1logatottba. CFR SE, a Dermagant \u00e9s a mv.-i SK-ban; a buk.-i Dinam\u00f3ban (1945\u201351) [&hellip;]<\/p>\n","protected":false},"featured_media":0,"comment_status":"open","ping_status":"closed","template":"","meta":[],"product_brand":[],"product_cat":[137],"product_tag":[],"class_list":{"0":"post-20410","1":"product","2":"type-product","3":"status-publish","5":"product_cat-maros-megyei-eletrajzi-lexikon","7":"first","8":"instock","9":"shipping-taxable","10":"product-type-simple"},"_links":{"self":[{"href":"https:\/\/uj.adatbank.ro\/lexikon\/wp-json\/wp\/v2\/product\/20410","targetHints":{"allow":["GET"]}}],"collection":[{"href":"https:\/\/uj.adatbank.ro\/lexikon\/wp-json\/wp\/v2\/product"}],"about":[{"href":"https:\/\/uj.adatbank.ro\/lexikon\/wp-json\/wp\/v2\/types\/product"}],"replies":[{"embeddable":true,"href":"https:\/\/uj.adatbank.ro\/lexikon\/wp-json\/wp\/v2\/comments?post=20410"}],"wp:attachment":[{"href":"https:\/\/uj.adatbank.ro\/lexikon\/wp-json\/wp\/v2\/media?parent=20410"}],"wp:term":[{"taxonomy":"product_brand","embeddable":true,"href":"https:\/\/uj.adatbank.ro\/lexikon\/wp-json\/wp\/v2\/product_brand?post=20410"},{"taxonomy":"product_cat","embeddable":true,"href":"https:\/\/uj.adatbank.ro\/lexikon\/wp-json\/wp\/v2\/product_cat?post=20410"},{"taxonomy":"product_tag","embeddable":true,"href":"https:\/\/uj.adatbank.ro\/lexikon\/wp-json\/wp\/v2\/product_tag?post=20410"}],"curies":[{"name":"wp","href":"https:\/\/api.w.org\/{rel}","templated":true}]}}