{"id":20412,"date":"2025-07-22T18:48:00","date_gmt":"2025-07-22T16:48:00","guid":{"rendered":"https:\/\/uj.adatbank.ro\/lexikon\/termek\/simon-gabor-2\/"},"modified":"2025-07-22T18:48:00","modified_gmt":"2025-07-22T16:48:00","slug":"simon-gabor-2","status":"publish","type":"product","link":"https:\/\/uj.adatbank.ro\/lexikon\/termek\/simon-gabor-2\/","title":{"rendered":"SIMON G\u00e1bor"},"content":{"rendered":"<p>Bede, 1878., \u2020?: ref. lelkip\u00e1sztor. \u2013 Tanulm\u00e1nyait Nagyenyeden, Mv.-en \u00e9s Debrecenben v\u00e9gezte, papp\u00e1 szentelt\u00e9k (1903). P\u00e1lyafut\u00e1s\u00e1t Selly\u00e9n kezdte (1904), onnan Abaf\u00e1j\u00e1ra, majd Sz\u00e9kelytomp\u00e1ra ker\u00fclt (1925\u2013). A szoci\u00e1lis egyes\u00fcletek ir\u00e1ny\u00edt\u00f3ja, a Munkak\u00f6z\u00f6ss\u00e9g eln\u00f6ke, minden kultur\u00e1lis \u00e9s szoci\u00e1lis egyes\u00fclet t\u00e1mogat\u00f3ja volt. Beszolg\u00e1l\u00f3 adminisztr\u00e1tor Tomp\u00e1r\u00f3l Sz\u00e9kelyb\u0151be (1951\u201355). <br \/><strong>Irod.:<\/strong> Ref. egyetemes n\u00e9vt\u00e1r, Sz\u00e9kelyf\u00f6ld \u00ed. k.<\/br><\/p>\n","protected":false},"excerpt":{"rendered":"<p>Bede, 1878., \u2020?: ref. lelkip\u00e1sztor. \u2013 Tanulm\u00e1nyait Nagyenyeden, Mv.-en \u00e9s Debrecenben v\u00e9gezte, papp\u00e1 szentelt\u00e9k (1903). P\u00e1lyafut\u00e1s\u00e1t Selly\u00e9n kezdte (1904), onnan Abaf\u00e1j\u00e1ra, majd Sz\u00e9kelytomp\u00e1ra ker\u00fclt (1925\u2013). A szoci\u00e1lis egyes\u00fcletek ir\u00e1ny\u00edt\u00f3ja, a Munkak\u00f6z\u00f6ss\u00e9g eln\u00f6ke, minden kultur\u00e1lis \u00e9s szoci\u00e1lis egyes\u00fclet t\u00e1mogat\u00f3ja volt. Beszolg\u00e1l\u00f3 adminisztr\u00e1tor Tomp\u00e1r\u00f3l Sz\u00e9kelyb\u0151be (1951\u201355). Irod.: Ref. egyetemes n\u00e9vt\u00e1r, Sz\u00e9kelyf\u00f6ld \u00ed. k.<\/p>\n","protected":false},"featured_media":0,"comment_status":"open","ping_status":"closed","template":"","meta":[],"product_brand":[],"product_cat":[137],"product_tag":[],"class_list":{"0":"post-20412","1":"product","2":"type-product","3":"status-publish","5":"product_cat-maros-megyei-eletrajzi-lexikon","7":"first","8":"instock","9":"shipping-taxable","10":"product-type-simple"},"_links":{"self":[{"href":"https:\/\/uj.adatbank.ro\/lexikon\/wp-json\/wp\/v2\/product\/20412","targetHints":{"allow":["GET"]}}],"collection":[{"href":"https:\/\/uj.adatbank.ro\/lexikon\/wp-json\/wp\/v2\/product"}],"about":[{"href":"https:\/\/uj.adatbank.ro\/lexikon\/wp-json\/wp\/v2\/types\/product"}],"replies":[{"embeddable":true,"href":"https:\/\/uj.adatbank.ro\/lexikon\/wp-json\/wp\/v2\/comments?post=20412"}],"wp:attachment":[{"href":"https:\/\/uj.adatbank.ro\/lexikon\/wp-json\/wp\/v2\/media?parent=20412"}],"wp:term":[{"taxonomy":"product_brand","embeddable":true,"href":"https:\/\/uj.adatbank.ro\/lexikon\/wp-json\/wp\/v2\/product_brand?post=20412"},{"taxonomy":"product_cat","embeddable":true,"href":"https:\/\/uj.adatbank.ro\/lexikon\/wp-json\/wp\/v2\/product_cat?post=20412"},{"taxonomy":"product_tag","embeddable":true,"href":"https:\/\/uj.adatbank.ro\/lexikon\/wp-json\/wp\/v2\/product_tag?post=20412"}],"curies":[{"name":"wp","href":"https:\/\/api.w.org\/{rel}","templated":true}]}}