{"id":20418,"date":"2025-07-22T18:48:14","date_gmt":"2025-07-22T16:48:14","guid":{"rendered":"https:\/\/uj.adatbank.ro\/lexikon\/termek\/simon-gyorgy-4\/"},"modified":"2025-07-22T18:48:14","modified_gmt":"2025-07-22T16:48:14","slug":"simon-gyorgy-4","status":"publish","type":"product","link":"https:\/\/uj.adatbank.ro\/lexikon\/termek\/simon-gyorgy-4\/","title":{"rendered":"SIMON Gy\u00f6rgy"},"content":{"rendered":"<p>Szenth\u00e1roms\u00e1g, 1908. m\u00e1j. 6., \u2020?: juh\u00e1sz. \u2013 Letart\u00f3ztat\u00e1sakor (1957. j\u00fan.12.) a mez\u0151paniti kollekt\u00edv gazdas\u00e1g juh\u00e1sza volt. Azzal a v\u00e1ddal \u00e1ll\u00edtott\u00e1k b\u00edr\u00f3s\u00e1g el\u00e9, hogy megpr\u00f3b\u00e1lta megm\u00e9rgezni a re\u00e1 b\u00edzott juhokat. <br \/><strong>Irod.:<\/strong> 1956 Erd\u00e9lyben.<\/br><\/p>\n","protected":false},"excerpt":{"rendered":"<p>Szenth\u00e1roms\u00e1g, 1908. m\u00e1j. 6., \u2020?: juh\u00e1sz. \u2013 Letart\u00f3ztat\u00e1sakor (1957. j\u00fan.12.) a mez\u0151paniti kollekt\u00edv gazdas\u00e1g juh\u00e1sza volt. Azzal a v\u00e1ddal \u00e1ll\u00edtott\u00e1k b\u00edr\u00f3s\u00e1g el\u00e9, hogy megpr\u00f3b\u00e1lta megm\u00e9rgezni a re\u00e1 b\u00edzott juhokat. Irod.: 1956 Erd\u00e9lyben.<\/p>\n","protected":false},"featured_media":0,"comment_status":"open","ping_status":"closed","template":"","meta":[],"product_brand":[],"product_cat":[137],"product_tag":[],"class_list":{"0":"post-20418","1":"product","2":"type-product","3":"status-publish","5":"product_cat-maros-megyei-eletrajzi-lexikon","7":"first","8":"instock","9":"shipping-taxable","10":"product-type-simple"},"_links":{"self":[{"href":"https:\/\/uj.adatbank.ro\/lexikon\/wp-json\/wp\/v2\/product\/20418","targetHints":{"allow":["GET"]}}],"collection":[{"href":"https:\/\/uj.adatbank.ro\/lexikon\/wp-json\/wp\/v2\/product"}],"about":[{"href":"https:\/\/uj.adatbank.ro\/lexikon\/wp-json\/wp\/v2\/types\/product"}],"replies":[{"embeddable":true,"href":"https:\/\/uj.adatbank.ro\/lexikon\/wp-json\/wp\/v2\/comments?post=20418"}],"wp:attachment":[{"href":"https:\/\/uj.adatbank.ro\/lexikon\/wp-json\/wp\/v2\/media?parent=20418"}],"wp:term":[{"taxonomy":"product_brand","embeddable":true,"href":"https:\/\/uj.adatbank.ro\/lexikon\/wp-json\/wp\/v2\/product_brand?post=20418"},{"taxonomy":"product_cat","embeddable":true,"href":"https:\/\/uj.adatbank.ro\/lexikon\/wp-json\/wp\/v2\/product_cat?post=20418"},{"taxonomy":"product_tag","embeddable":true,"href":"https:\/\/uj.adatbank.ro\/lexikon\/wp-json\/wp\/v2\/product_tag?post=20418"}],"curies":[{"name":"wp","href":"https:\/\/api.w.org\/{rel}","templated":true}]}}