{"id":20419,"date":"2025-07-22T18:48:15","date_gmt":"2025-07-22T16:48:15","guid":{"rendered":"https:\/\/uj.adatbank.ro\/lexikon\/termek\/simon-gyorgy-b\/"},"modified":"2025-07-22T18:48:15","modified_gmt":"2025-07-22T16:48:15","slug":"simon-gyorgy-b","status":"publish","type":"product","link":"https:\/\/uj.adatbank.ro\/lexikon\/termek\/simon-gyorgy-b\/","title":{"rendered":"SIMON Gy\u00f6rgy, B."},"content":{"rendered":"<p>B\u00faz\u00e1sbeseny\u0151, 1957. j\u00fal. 25., \u2020? 2008: tan\u00e1r, k\u00f6lt\u0151. \u2013 Szil\u00e1gysomly\u00f3n \u00e9lt, Szil\u00e1gybagoson tan\u00e1r. Verseit, helyt\u00f6rt\u00e9neti \u00edr\u00e1sait k\u00f6z\u00f6lte a Hepehupa c. m\u0171vel\u0151d\u00e9si foly\u00f3irat, amelynek szervez\u0151-szerkeszt\u0151-terjeszt\u0151je volt. <br \/><strong>Irod.:<\/strong> B\u00f6l\u00f6ni Domokos: Egy elt\u00e1vozott bar\u00e1t eml\u00e9k\u00e9re (M\u00fazsa, 831. sz., 2008. \u00e1pr. 12.).<\/br><\/p>\n","protected":false},"excerpt":{"rendered":"<p>B\u00faz\u00e1sbeseny\u0151, 1957. j\u00fal. 25., \u2020? 2008: tan\u00e1r, k\u00f6lt\u0151. \u2013 Szil\u00e1gysomly\u00f3n \u00e9lt, Szil\u00e1gybagoson tan\u00e1r. Verseit, helyt\u00f6rt\u00e9neti \u00edr\u00e1sait k\u00f6z\u00f6lte a Hepehupa c. m\u0171vel\u0151d\u00e9si foly\u00f3irat, amelynek szervez\u0151-szerkeszt\u0151-terjeszt\u0151je volt. Irod.: B\u00f6l\u00f6ni Domokos: Egy elt\u00e1vozott bar\u00e1t eml\u00e9k\u00e9re (M\u00fazsa, 831. sz., 2008. \u00e1pr. 12.).<\/p>\n","protected":false},"featured_media":0,"comment_status":"open","ping_status":"closed","template":"","meta":[],"product_brand":[],"product_cat":[137],"product_tag":[],"class_list":{"0":"post-20419","1":"product","2":"type-product","3":"status-publish","5":"product_cat-maros-megyei-eletrajzi-lexikon","7":"first","8":"instock","9":"shipping-taxable","10":"product-type-simple"},"_links":{"self":[{"href":"https:\/\/uj.adatbank.ro\/lexikon\/wp-json\/wp\/v2\/product\/20419","targetHints":{"allow":["GET"]}}],"collection":[{"href":"https:\/\/uj.adatbank.ro\/lexikon\/wp-json\/wp\/v2\/product"}],"about":[{"href":"https:\/\/uj.adatbank.ro\/lexikon\/wp-json\/wp\/v2\/types\/product"}],"replies":[{"embeddable":true,"href":"https:\/\/uj.adatbank.ro\/lexikon\/wp-json\/wp\/v2\/comments?post=20419"}],"wp:attachment":[{"href":"https:\/\/uj.adatbank.ro\/lexikon\/wp-json\/wp\/v2\/media?parent=20419"}],"wp:term":[{"taxonomy":"product_brand","embeddable":true,"href":"https:\/\/uj.adatbank.ro\/lexikon\/wp-json\/wp\/v2\/product_brand?post=20419"},{"taxonomy":"product_cat","embeddable":true,"href":"https:\/\/uj.adatbank.ro\/lexikon\/wp-json\/wp\/v2\/product_cat?post=20419"},{"taxonomy":"product_tag","embeddable":true,"href":"https:\/\/uj.adatbank.ro\/lexikon\/wp-json\/wp\/v2\/product_tag?post=20419"}],"curies":[{"name":"wp","href":"https:\/\/api.w.org\/{rel}","templated":true}]}}