{"id":2042,"date":"2025-06-28T12:02:00","date_gmt":"2025-06-28T10:02:00","guid":{"rendered":"https:\/\/uj.adatbank.ro\/lexikon\/termek\/balintitt-gyorgy\/"},"modified":"2025-06-28T12:02:00","modified_gmt":"2025-06-28T10:02:00","slug":"balintitt-gyorgy","status":"publish","type":"product","link":"https:\/\/uj.adatbank.ro\/lexikon\/termek\/balintitt-gyorgy\/","title":{"rendered":"B\u00c1LINTITT Gy\u00f6rgy"},"content":{"rendered":"<p>? \u2020\u00a0? : f\u00f6ldbirtokos. \u2013 B. Zsigmond \u00e9s Henter \u00c9va fia. Testv\u00e9re: Ferenc. Feles\u00e9ge: Petki M\u00e1ria (\u2020\u00a01835). Fi\u00fak: J\u00f3zsef. \u2013 T\u00f3falvi birtokos, n\u0151s\u00fcl\u00e9s\u00e9vel jelent\u0151s birtokhoz jutott Csejd \u00e9s Nagyernye ter\u00fclet\u00e9n. A nagyernyei kast\u00e9lyt val\u00f3sz\u00edn\u0171 \u0151 kezdte \u00e9p\u00edteni, k\u00e9s\u0151 barokk st\u00edlusban (18. sz.). <br \/><strong>Irod.:<\/strong> Bicsok\u2013Orb\u00e1n; Csejd \u2013T\u00f3falva<\/br><\/p>\n","protected":false},"excerpt":{"rendered":"<p>? \u2020\u00a0? : f\u00f6ldbirtokos. \u2013 B. Zsigmond \u00e9s Henter \u00c9va fia. Testv\u00e9re: Ferenc. Feles\u00e9ge: Petki M\u00e1ria (\u2020\u00a01835). Fi\u00fak: J\u00f3zsef. \u2013 T\u00f3falvi birtokos, n\u0151s\u00fcl\u00e9s\u00e9vel jelent\u0151s birtokhoz jutott Csejd \u00e9s Nagyernye ter\u00fclet\u00e9n. A nagyernyei kast\u00e9lyt val\u00f3sz\u00edn\u0171 \u0151 kezdte \u00e9p\u00edteni, k\u00e9s\u0151 barokk st\u00edlusban (18. sz.). Irod.: Bicsok\u2013Orb\u00e1n; Csejd \u2013T\u00f3falva<\/p>\n","protected":false},"featured_media":0,"comment_status":"open","ping_status":"closed","template":"","meta":[],"product_brand":[],"product_cat":[137],"product_tag":[],"class_list":{"0":"post-2042","1":"product","2":"type-product","3":"status-publish","5":"product_cat-maros-megyei-eletrajzi-lexikon","7":"first","8":"instock","9":"shipping-taxable","10":"product-type-simple"},"_links":{"self":[{"href":"https:\/\/uj.adatbank.ro\/lexikon\/wp-json\/wp\/v2\/product\/2042","targetHints":{"allow":["GET"]}}],"collection":[{"href":"https:\/\/uj.adatbank.ro\/lexikon\/wp-json\/wp\/v2\/product"}],"about":[{"href":"https:\/\/uj.adatbank.ro\/lexikon\/wp-json\/wp\/v2\/types\/product"}],"replies":[{"embeddable":true,"href":"https:\/\/uj.adatbank.ro\/lexikon\/wp-json\/wp\/v2\/comments?post=2042"}],"wp:attachment":[{"href":"https:\/\/uj.adatbank.ro\/lexikon\/wp-json\/wp\/v2\/media?parent=2042"}],"wp:term":[{"taxonomy":"product_brand","embeddable":true,"href":"https:\/\/uj.adatbank.ro\/lexikon\/wp-json\/wp\/v2\/product_brand?post=2042"},{"taxonomy":"product_cat","embeddable":true,"href":"https:\/\/uj.adatbank.ro\/lexikon\/wp-json\/wp\/v2\/product_cat?post=2042"},{"taxonomy":"product_tag","embeddable":true,"href":"https:\/\/uj.adatbank.ro\/lexikon\/wp-json\/wp\/v2\/product_tag?post=2042"}],"curies":[{"name":"wp","href":"https:\/\/api.w.org\/{rel}","templated":true}]}}