{"id":20420,"date":"2025-07-22T18:48:17","date_gmt":"2025-07-22T16:48:17","guid":{"rendered":"https:\/\/uj.adatbank.ro\/lexikon\/termek\/simon-gyula\/"},"modified":"2025-07-22T18:48:17","modified_gmt":"2025-07-22T16:48:17","slug":"simon-gyula","status":"publish","type":"product","link":"https:\/\/uj.adatbank.ro\/lexikon\/termek\/simon-gyula\/","title":{"rendered":"SIMON Gyula"},"content":{"rendered":"<p>Segesv\u00e1r, 1899. dec. 27., \u2020 Bp., 1982. okt. 4.: jog\u00e1sz. A bp.-i egy.-en jogtud., doktori oklevelet szerzett (1923), Bp.-en egys\u00e9ges b\u00edr\u00f3i-\u00fcgyv\u00e9di vizsg\u00e1t tett (1928). Bp.-en a Belv\u00e1rosi Takar\u00e9kp\u00e9nzt\u00e1r Rt.-n\u00e9l tisztvisel\u0151 (1921\u2013), c\u00e9gvezet\u0151 (1935\u2013), a Neh\u00e9zipari K\u00f6zpontban p\u00e9nz\u00fcgyi tan\u00e1csad\u00f3 (1947\u2013), az \u00c1ll. Bankok K\u00f6zponti Irod\u00e1j\u00e1nak munkat\u00e1rsa (1948\u2013), a M. Nemzeti Bank \u00fcgy\u00e9sze, majd jogtan\u00e1csosa (1948\u2013). Bp.-en gyakorl\u00f3 \u00fcgyv\u00e9d (1957\u2013), egy nemzetk\u00f6zi vonatkoz\u00e1s\u00fa \u00fcgyekkel foglalkoz\u00f3 \u00fcgyv\u00e9di munkak\u00f6z\u00f6ss\u00e9g vezet\u0151je (1958\u2013), emellett a bp.-i brit nagyk\u00f6vets\u00e9g jogtan\u00e1csosa (1961\u2013). F\u0151k\u00e9nt a nemzetk\u00f6zi mag\u00e1njog k\u00e9rd\u00e9seivel \u00e9s a nemzetk\u00f6zi gazdas\u00e1g egyes k\u00e9rd\u00e9seivel foglalkozott. A Diplom\u00e1ciai \u00e9s nemzetk\u00f6zi jogi lexikon \u00e9s a Jogi Lexikon munkat\u00e1rsa. A M. Jog\u00e1sz Sz\u00f6v. Hat\u00e1rid\u0151 Napl\u00f3j\u00e1nak szerk. (1963-t\u00f3l). \u2013 <strong><strong>F. m.<\/strong><\/strong>: A meghitelez\u00e9s n\u00e9h\u00e1ny alapvet\u0151 k\u00e9rd\u00e9se (Bp., 1957); Devizajog. Meznerics Iv\u00e1nnal, Hidas J\u00e1nossal (Bp., 1959); A nemzetk\u00f6zi kereskedelmi v\u00e1lasztott-b\u00edr\u00e1skod\u00e1s alapvet\u0151 k\u00e9rd\u00e9sei Magyarorsz\u00e1gon (Bp., 1962); Az ipari t\u00f6rv\u00e9ny alkalmaz\u00e1sai (Bp., 1963). \u2013 A M. Jog\u00e1sz Sz\u00f6v. vezet\u0151s\u00e9gi tagja (1948-t\u00f3l), v\u00e1llalati jogtan\u00e1csosi tagozat\u00e1nak egyik alap\u00edt\u00f3ja, nemzetk\u00f6zi mag\u00e1njogi szakoszt\u00e1ly\u00e1nak aleln\u00f6ke, nemzetk\u00f6zi jogi szakoszt\u00e1ly\u00e1nak vezet\u0151s\u00e9gi tagja. <br \/><strong>Irod.:<\/strong> \u00daM\u00c9L.<\/br><\/p>\n","protected":false},"excerpt":{"rendered":"<p>Segesv\u00e1r, 1899. dec. 27., \u2020 Bp., 1982. okt. 4.: jog\u00e1sz. A bp.-i egy.-en jogtud., doktori oklevelet szerzett (1923), Bp.-en egys\u00e9ges b\u00edr\u00f3i-\u00fcgyv\u00e9di vizsg\u00e1t tett (1928). Bp.-en a Belv\u00e1rosi Takar\u00e9kp\u00e9nzt\u00e1r Rt.-n\u00e9l tisztvisel\u0151 (1921\u2013), c\u00e9gvezet\u0151 (1935\u2013), a Neh\u00e9zipari K\u00f6zpontban p\u00e9nz\u00fcgyi tan\u00e1csad\u00f3 (1947\u2013), az \u00c1ll. Bankok K\u00f6zponti Irod\u00e1j\u00e1nak munkat\u00e1rsa (1948\u2013), a M. Nemzeti Bank \u00fcgy\u00e9sze, majd jogtan\u00e1csosa (1948\u2013). Bp.-en [&hellip;]<\/p>\n","protected":false},"featured_media":0,"comment_status":"open","ping_status":"closed","template":"","meta":[],"product_brand":[],"product_cat":[137],"product_tag":[],"class_list":{"0":"post-20420","1":"product","2":"type-product","3":"status-publish","5":"product_cat-maros-megyei-eletrajzi-lexikon","7":"first","8":"instock","9":"shipping-taxable","10":"product-type-simple"},"_links":{"self":[{"href":"https:\/\/uj.adatbank.ro\/lexikon\/wp-json\/wp\/v2\/product\/20420","targetHints":{"allow":["GET"]}}],"collection":[{"href":"https:\/\/uj.adatbank.ro\/lexikon\/wp-json\/wp\/v2\/product"}],"about":[{"href":"https:\/\/uj.adatbank.ro\/lexikon\/wp-json\/wp\/v2\/types\/product"}],"replies":[{"embeddable":true,"href":"https:\/\/uj.adatbank.ro\/lexikon\/wp-json\/wp\/v2\/comments?post=20420"}],"wp:attachment":[{"href":"https:\/\/uj.adatbank.ro\/lexikon\/wp-json\/wp\/v2\/media?parent=20420"}],"wp:term":[{"taxonomy":"product_brand","embeddable":true,"href":"https:\/\/uj.adatbank.ro\/lexikon\/wp-json\/wp\/v2\/product_brand?post=20420"},{"taxonomy":"product_cat","embeddable":true,"href":"https:\/\/uj.adatbank.ro\/lexikon\/wp-json\/wp\/v2\/product_cat?post=20420"},{"taxonomy":"product_tag","embeddable":true,"href":"https:\/\/uj.adatbank.ro\/lexikon\/wp-json\/wp\/v2\/product_tag?post=20420"}],"curies":[{"name":"wp","href":"https:\/\/api.w.org\/{rel}","templated":true}]}}