{"id":20421,"date":"2025-07-22T18:48:20","date_gmt":"2025-07-22T16:48:20","guid":{"rendered":"https:\/\/uj.adatbank.ro\/lexikon\/termek\/simon-gyula-2\/"},"modified":"2025-07-22T18:48:20","modified_gmt":"2025-07-22T16:48:20","slug":"simon-gyula-2","status":"publish","type":"product","link":"https:\/\/uj.adatbank.ro\/lexikon\/termek\/simon-gyula-2\/","title":{"rendered":"SIMON Gyula"},"content":{"rendered":"<p>Maross\u00e1rpatak, 1930. m\u00e1j. 18., \u2020?: g\u00e9plakatos. \u2013 Letart\u00f3ztatt\u00e1k (1960. szept. 29.) \u00e9s szubverz\u00edv szervezet l\u00e9trehoz\u00e1s\u00e1ra val\u00f3 bujtogat\u00e1s v\u00e1dj\u00e1val \u00e1ll\u00edtott\u00e1k b\u00edr\u00f3s\u00e1g el\u00e9. 15 \u00e9vre \u00edt\u00e9lt\u00e9k. Meghalt. \u2013 Irod: 1956 Erd\u00e9lyben.<\/br><\/p>\n","protected":false},"excerpt":{"rendered":"<p>Maross\u00e1rpatak, 1930. m\u00e1j. 18., \u2020?: g\u00e9plakatos. \u2013 Letart\u00f3ztatt\u00e1k (1960. szept. 29.) \u00e9s szubverz\u00edv szervezet l\u00e9trehoz\u00e1s\u00e1ra val\u00f3 bujtogat\u00e1s v\u00e1dj\u00e1val \u00e1ll\u00edtott\u00e1k b\u00edr\u00f3s\u00e1g el\u00e9. 15 \u00e9vre \u00edt\u00e9lt\u00e9k. Meghalt. \u2013 Irod: 1956 Erd\u00e9lyben.<\/p>\n","protected":false},"featured_media":0,"comment_status":"open","ping_status":"closed","template":"","meta":[],"product_brand":[],"product_cat":[137],"product_tag":[],"class_list":{"0":"post-20421","1":"product","2":"type-product","3":"status-publish","5":"product_cat-maros-megyei-eletrajzi-lexikon","7":"first","8":"instock","9":"shipping-taxable","10":"product-type-simple"},"_links":{"self":[{"href":"https:\/\/uj.adatbank.ro\/lexikon\/wp-json\/wp\/v2\/product\/20421","targetHints":{"allow":["GET"]}}],"collection":[{"href":"https:\/\/uj.adatbank.ro\/lexikon\/wp-json\/wp\/v2\/product"}],"about":[{"href":"https:\/\/uj.adatbank.ro\/lexikon\/wp-json\/wp\/v2\/types\/product"}],"replies":[{"embeddable":true,"href":"https:\/\/uj.adatbank.ro\/lexikon\/wp-json\/wp\/v2\/comments?post=20421"}],"wp:attachment":[{"href":"https:\/\/uj.adatbank.ro\/lexikon\/wp-json\/wp\/v2\/media?parent=20421"}],"wp:term":[{"taxonomy":"product_brand","embeddable":true,"href":"https:\/\/uj.adatbank.ro\/lexikon\/wp-json\/wp\/v2\/product_brand?post=20421"},{"taxonomy":"product_cat","embeddable":true,"href":"https:\/\/uj.adatbank.ro\/lexikon\/wp-json\/wp\/v2\/product_cat?post=20421"},{"taxonomy":"product_tag","embeddable":true,"href":"https:\/\/uj.adatbank.ro\/lexikon\/wp-json\/wp\/v2\/product_tag?post=20421"}],"curies":[{"name":"wp","href":"https:\/\/api.w.org\/{rel}","templated":true}]}}