{"id":20422,"date":"2025-07-22T18:48:22","date_gmt":"2025-07-22T16:48:22","guid":{"rendered":"https:\/\/uj.adatbank.ro\/lexikon\/termek\/simon-herman-jecheszkiel-%c2%a7\/"},"modified":"2025-07-22T18:48:22","modified_gmt":"2025-07-22T16:48:22","slug":"simon-herman-jecheszkiel-%c2%a7","status":"publish","type":"product","link":"https:\/\/uj.adatbank.ro\/lexikon\/termek\/simon-herman-jecheszkiel-%c2%a7\/","title":{"rendered":"SIMON Herman Jecheszki\u00e9l, \u00a7"},"content":{"rendered":"<p>? \u2020?: tan\u00e1r, rabbi. \u2013 A II. vh. el\u0151tt h\u00e9ber nyelvtan\u00e1r \u00e9s a judaisztika tudom\u00e1nyok el\u0151ad\u00f3ja volt Mv.-en. Egyike azoknak, akik megmenek\u00fcltek \u00e9s visszat\u00e9rtek a munkat\u00e1borokb\u00f3l, munkaszolg\u00e1latok pokl\u00e1b\u00f3l (1944. nov.). Mv. rabbija (1945\u201348). Az elpusztult mv.-i hitk\u00f6zs\u00e9g \u00fajj\u00e1szervez\u0151je. \u00c1ltala ism\u00e9t fel\u00fajult a zsid\u00f3 nemzeti mozgalom eg\u00e9szen a feloszlat\u00e1si d\u00f6nt\u00e9sig. Mv.-en megsz\u0171nt a nemzeti mozgalom aktiv\u00e1l\u00e1sa miut\u00e1n elt\u00e1vozott Izraelbe. <br \/><strong>Irod.:<\/strong> Mv. zsid\u00f3s\u00e1ga.<\/br><\/p>\n","protected":false},"excerpt":{"rendered":"<p>? \u2020?: tan\u00e1r, rabbi. \u2013 A II. vh. el\u0151tt h\u00e9ber nyelvtan\u00e1r \u00e9s a judaisztika tudom\u00e1nyok el\u0151ad\u00f3ja volt Mv.-en. Egyike azoknak, akik megmenek\u00fcltek \u00e9s visszat\u00e9rtek a munkat\u00e1borokb\u00f3l, munkaszolg\u00e1latok pokl\u00e1b\u00f3l (1944. nov.). Mv. rabbija (1945\u201348). Az elpusztult mv.-i hitk\u00f6zs\u00e9g \u00fajj\u00e1szervez\u0151je. \u00c1ltala ism\u00e9t fel\u00fajult a zsid\u00f3 nemzeti mozgalom eg\u00e9szen a feloszlat\u00e1si d\u00f6nt\u00e9sig. Mv.-en megsz\u0171nt a nemzeti mozgalom aktiv\u00e1l\u00e1sa [&hellip;]<\/p>\n","protected":false},"featured_media":0,"comment_status":"open","ping_status":"closed","template":"","meta":[],"product_brand":[],"product_cat":[137],"product_tag":[],"class_list":{"0":"post-20422","1":"product","2":"type-product","3":"status-publish","5":"product_cat-maros-megyei-eletrajzi-lexikon","7":"first","8":"instock","9":"shipping-taxable","10":"product-type-simple"},"_links":{"self":[{"href":"https:\/\/uj.adatbank.ro\/lexikon\/wp-json\/wp\/v2\/product\/20422","targetHints":{"allow":["GET"]}}],"collection":[{"href":"https:\/\/uj.adatbank.ro\/lexikon\/wp-json\/wp\/v2\/product"}],"about":[{"href":"https:\/\/uj.adatbank.ro\/lexikon\/wp-json\/wp\/v2\/types\/product"}],"replies":[{"embeddable":true,"href":"https:\/\/uj.adatbank.ro\/lexikon\/wp-json\/wp\/v2\/comments?post=20422"}],"wp:attachment":[{"href":"https:\/\/uj.adatbank.ro\/lexikon\/wp-json\/wp\/v2\/media?parent=20422"}],"wp:term":[{"taxonomy":"product_brand","embeddable":true,"href":"https:\/\/uj.adatbank.ro\/lexikon\/wp-json\/wp\/v2\/product_brand?post=20422"},{"taxonomy":"product_cat","embeddable":true,"href":"https:\/\/uj.adatbank.ro\/lexikon\/wp-json\/wp\/v2\/product_cat?post=20422"},{"taxonomy":"product_tag","embeddable":true,"href":"https:\/\/uj.adatbank.ro\/lexikon\/wp-json\/wp\/v2\/product_tag?post=20422"}],"curies":[{"name":"wp","href":"https:\/\/api.w.org\/{rel}","templated":true}]}}