{"id":20423,"date":"2025-07-22T18:48:23","date_gmt":"2025-07-22T16:48:23","guid":{"rendered":"https:\/\/uj.adatbank.ro\/lexikon\/termek\/simon-ioan\/"},"modified":"2025-07-22T18:48:23","modified_gmt":"2025-07-22T16:48:23","slug":"simon-ioan","status":"publish","type":"product","link":"https:\/\/uj.adatbank.ro\/lexikon\/termek\/simon-ioan\/","title":{"rendered":"SIMON, Ioan"},"content":{"rendered":"<p>? \u2020?: tan\u00edt\u00f3. \u2013 A f\u00e1b\u00f3l \u00e9p\u00fclt els\u0151 rom\u00e1n tannyelv\u0171 mez\u0151szokoli iskol\u00e1ban tan\u00edtott (81 tanul\u00f3t), d\u00e9lel\u0151tt \u2013 d\u00e9lut\u00e1n (1872\u201376). A k\u00e9t kistermes \u00e9p\u00fcletet k\u00e9s\u0151bb lebontott\u00e1k \u00e9s \u00faj t\u00e9glaiskol\u00e1t \u00e9p\u00edtettek, amelyben egy nagy terem \u00e9s tan\u00edt\u00f3i lak\u00e1s is volt (1910). <br \/><strong>Irod.:<\/strong> Socolul de C\u00e2mpie.<\/br><\/p>\n","protected":false},"excerpt":{"rendered":"<p>? \u2020?: tan\u00edt\u00f3. \u2013 A f\u00e1b\u00f3l \u00e9p\u00fclt els\u0151 rom\u00e1n tannyelv\u0171 mez\u0151szokoli iskol\u00e1ban tan\u00edtott (81 tanul\u00f3t), d\u00e9lel\u0151tt \u2013 d\u00e9lut\u00e1n (1872\u201376). A k\u00e9t kistermes \u00e9p\u00fcletet k\u00e9s\u0151bb lebontott\u00e1k \u00e9s \u00faj t\u00e9glaiskol\u00e1t \u00e9p\u00edtettek, amelyben egy nagy terem \u00e9s tan\u00edt\u00f3i lak\u00e1s is volt (1910). Irod.: Socolul de C\u00e2mpie.<\/p>\n","protected":false},"featured_media":0,"comment_status":"open","ping_status":"closed","template":"","meta":[],"product_brand":[],"product_cat":[137],"product_tag":[],"class_list":{"0":"post-20423","1":"product","2":"type-product","3":"status-publish","5":"product_cat-maros-megyei-eletrajzi-lexikon","7":"first","8":"instock","9":"shipping-taxable","10":"product-type-simple"},"_links":{"self":[{"href":"https:\/\/uj.adatbank.ro\/lexikon\/wp-json\/wp\/v2\/product\/20423","targetHints":{"allow":["GET"]}}],"collection":[{"href":"https:\/\/uj.adatbank.ro\/lexikon\/wp-json\/wp\/v2\/product"}],"about":[{"href":"https:\/\/uj.adatbank.ro\/lexikon\/wp-json\/wp\/v2\/types\/product"}],"replies":[{"embeddable":true,"href":"https:\/\/uj.adatbank.ro\/lexikon\/wp-json\/wp\/v2\/comments?post=20423"}],"wp:attachment":[{"href":"https:\/\/uj.adatbank.ro\/lexikon\/wp-json\/wp\/v2\/media?parent=20423"}],"wp:term":[{"taxonomy":"product_brand","embeddable":true,"href":"https:\/\/uj.adatbank.ro\/lexikon\/wp-json\/wp\/v2\/product_brand?post=20423"},{"taxonomy":"product_cat","embeddable":true,"href":"https:\/\/uj.adatbank.ro\/lexikon\/wp-json\/wp\/v2\/product_cat?post=20423"},{"taxonomy":"product_tag","embeddable":true,"href":"https:\/\/uj.adatbank.ro\/lexikon\/wp-json\/wp\/v2\/product_tag?post=20423"}],"curies":[{"name":"wp","href":"https:\/\/api.w.org\/{rel}","templated":true}]}}