{"id":20424,"date":"2025-07-22T18:48:25","date_gmt":"2025-07-22T16:48:25","guid":{"rendered":"https:\/\/uj.adatbank.ro\/lexikon\/termek\/simon-isidore-%c2%a7\/"},"modified":"2025-07-22T18:48:25","modified_gmt":"2025-07-22T16:48:25","slug":"simon-isidore-%c2%a7","status":"publish","type":"product","link":"https:\/\/uj.adatbank.ro\/lexikon\/termek\/simon-isidore-%c2%a7\/","title":{"rendered":"SIMON Isidore, \u00a7"},"content":{"rendered":"<p>Bala, 1906. nov. 5., \u2020 P\u00e1rizs, 1985. szept. 17.: orvos, dr., neuropszichi\u00e1ter, antropol\u00f3gus, orvost\u00f6rt\u00e9n\u00e9sz. \u2013 Franciao.-ban \u00e9lt \u00e9s tev\u00e9kenykedett. Orvostudom\u00e1nyi t\u00f6rt\u00e9n\u00e9sz-kutat\u00f3. Szerkesztette a Revue d\u2019Histoire de la M\u00e9dicine H\u00e9braique-ot. <br \/><strong>Irod.:<\/strong> MMK; Mv. zsid\u00f3s\u00e1ga.<\/br><\/p>\n","protected":false},"excerpt":{"rendered":"<p>Bala, 1906. nov. 5., \u2020 P\u00e1rizs, 1985. szept. 17.: orvos, dr., neuropszichi\u00e1ter, antropol\u00f3gus, orvost\u00f6rt\u00e9n\u00e9sz. \u2013 Franciao.-ban \u00e9lt \u00e9s tev\u00e9kenykedett. Orvostudom\u00e1nyi t\u00f6rt\u00e9n\u00e9sz-kutat\u00f3. Szerkesztette a Revue d\u2019Histoire de la M\u00e9dicine H\u00e9braique-ot. Irod.: MMK; Mv. zsid\u00f3s\u00e1ga.<\/p>\n","protected":false},"featured_media":0,"comment_status":"open","ping_status":"closed","template":"","meta":[],"product_brand":[],"product_cat":[137],"product_tag":[],"class_list":{"0":"post-20424","1":"product","2":"type-product","3":"status-publish","5":"product_cat-maros-megyei-eletrajzi-lexikon","7":"first","8":"instock","9":"shipping-taxable","10":"product-type-simple"},"_links":{"self":[{"href":"https:\/\/uj.adatbank.ro\/lexikon\/wp-json\/wp\/v2\/product\/20424","targetHints":{"allow":["GET"]}}],"collection":[{"href":"https:\/\/uj.adatbank.ro\/lexikon\/wp-json\/wp\/v2\/product"}],"about":[{"href":"https:\/\/uj.adatbank.ro\/lexikon\/wp-json\/wp\/v2\/types\/product"}],"replies":[{"embeddable":true,"href":"https:\/\/uj.adatbank.ro\/lexikon\/wp-json\/wp\/v2\/comments?post=20424"}],"wp:attachment":[{"href":"https:\/\/uj.adatbank.ro\/lexikon\/wp-json\/wp\/v2\/media?parent=20424"}],"wp:term":[{"taxonomy":"product_brand","embeddable":true,"href":"https:\/\/uj.adatbank.ro\/lexikon\/wp-json\/wp\/v2\/product_brand?post=20424"},{"taxonomy":"product_cat","embeddable":true,"href":"https:\/\/uj.adatbank.ro\/lexikon\/wp-json\/wp\/v2\/product_cat?post=20424"},{"taxonomy":"product_tag","embeddable":true,"href":"https:\/\/uj.adatbank.ro\/lexikon\/wp-json\/wp\/v2\/product_tag?post=20424"}],"curies":[{"name":"wp","href":"https:\/\/api.w.org\/{rel}","templated":true}]}}