{"id":20425,"date":"2025-07-22T18:48:27","date_gmt":"2025-07-22T16:48:27","guid":{"rendered":"https:\/\/uj.adatbank.ro\/lexikon\/termek\/simon-istvan\/"},"modified":"2025-07-22T18:48:27","modified_gmt":"2025-07-22T16:48:27","slug":"simon-istvan","status":"publish","type":"product","link":"https:\/\/uj.adatbank.ro\/lexikon\/termek\/simon-istvan\/","title":{"rendered":"SIMON Istv\u00e1n"},"content":{"rendered":"<p>Maross\u00e1rpatak, 1900., \u2020?: gazd\u00e1lkod\u00f3. \u2013 A csal\u00e1di f\u00f6ld\u00f6n tanult gazd\u00e1lkodni, majd \u00f6n\u00e1ll\u00f3 lett (1924) Maross\u00e1rpatakon. Az els\u0151 vh.-ban a 62. k. gy. e.-ben harcolt. A MP tagja, a ref. egyh\u00e1z presbitere, a Hitelsz\u00f6vetkezet fel\u00fcgy. biz. eln\u00f6ke \u00e9s p\u00e9nzt\u00e1rosa volt. \u2013 A rom\u00e1n csend\u0151r\u00f6k elhurcolt\u00e1k \u00e9s megk\u00ednozt\u00e1k. <br \/><strong>Irod.:<\/strong> Sz\u00e9kelyf\u00f6ld \u00ed. k.<\/br><\/p>\n","protected":false},"excerpt":{"rendered":"<p>Maross\u00e1rpatak, 1900., \u2020?: gazd\u00e1lkod\u00f3. \u2013 A csal\u00e1di f\u00f6ld\u00f6n tanult gazd\u00e1lkodni, majd \u00f6n\u00e1ll\u00f3 lett (1924) Maross\u00e1rpatakon. Az els\u0151 vh.-ban a 62. k. gy. e.-ben harcolt. A MP tagja, a ref. egyh\u00e1z presbitere, a Hitelsz\u00f6vetkezet fel\u00fcgy. biz. eln\u00f6ke \u00e9s p\u00e9nzt\u00e1rosa volt. \u2013 A rom\u00e1n csend\u0151r\u00f6k elhurcolt\u00e1k \u00e9s megk\u00ednozt\u00e1k. Irod.: Sz\u00e9kelyf\u00f6ld \u00ed. k.<\/p>\n","protected":false},"featured_media":0,"comment_status":"open","ping_status":"closed","template":"","meta":[],"product_brand":[],"product_cat":[137],"product_tag":[],"class_list":{"0":"post-20425","1":"product","2":"type-product","3":"status-publish","5":"product_cat-maros-megyei-eletrajzi-lexikon","7":"first","8":"instock","9":"shipping-taxable","10":"product-type-simple"},"_links":{"self":[{"href":"https:\/\/uj.adatbank.ro\/lexikon\/wp-json\/wp\/v2\/product\/20425","targetHints":{"allow":["GET"]}}],"collection":[{"href":"https:\/\/uj.adatbank.ro\/lexikon\/wp-json\/wp\/v2\/product"}],"about":[{"href":"https:\/\/uj.adatbank.ro\/lexikon\/wp-json\/wp\/v2\/types\/product"}],"replies":[{"embeddable":true,"href":"https:\/\/uj.adatbank.ro\/lexikon\/wp-json\/wp\/v2\/comments?post=20425"}],"wp:attachment":[{"href":"https:\/\/uj.adatbank.ro\/lexikon\/wp-json\/wp\/v2\/media?parent=20425"}],"wp:term":[{"taxonomy":"product_brand","embeddable":true,"href":"https:\/\/uj.adatbank.ro\/lexikon\/wp-json\/wp\/v2\/product_brand?post=20425"},{"taxonomy":"product_cat","embeddable":true,"href":"https:\/\/uj.adatbank.ro\/lexikon\/wp-json\/wp\/v2\/product_cat?post=20425"},{"taxonomy":"product_tag","embeddable":true,"href":"https:\/\/uj.adatbank.ro\/lexikon\/wp-json\/wp\/v2\/product_tag?post=20425"}],"curies":[{"name":"wp","href":"https:\/\/api.w.org\/{rel}","templated":true}]}}