{"id":20426,"date":"2025-07-22T18:48:30","date_gmt":"2025-07-22T16:48:30","guid":{"rendered":"https:\/\/uj.adatbank.ro\/lexikon\/termek\/simon-istvan-2\/"},"modified":"2025-07-22T18:48:30","modified_gmt":"2025-07-22T16:48:30","slug":"simon-istvan-2","status":"publish","type":"product","link":"https:\/\/uj.adatbank.ro\/lexikon\/termek\/simon-istvan-2\/","title":{"rendered":"SIMON Istv\u00e1n"},"content":{"rendered":"<p>Bp., 1913. j\u00fan. 22.?, \u2020?: r. k. pap, vall\u00e1stan\u00e1r. \u2013 A gimn.-ot \u00e9s teol\u00f3giai tanulm\u00e1nyait Gyulafeh\u00e9rv\u00e1ron v\u00e9gezte. Papp\u00e1 szentelte (1936. \u00e1pr. 11.). Gyergy\u00f3szentmikl\u00f3son, majd a Mv.-i M. Kir. \u00c1llami Tan\u00edt\u00f3k\u00e9pz\u0151 Int\u00e9zet \u00e9s L\u00edc.-ban hittant tan\u00edtott (1943\u201344). Felf\u00fcggesztett\u00e9k (1944). <br \/><strong>Irod.:<\/strong> Ferenczi S\u00e1ndor 2009; Szab\u00f3 K. Attila.<\/br><\/p>\n","protected":false},"excerpt":{"rendered":"<p>Bp., 1913. j\u00fan. 22.?, \u2020?: r. k. pap, vall\u00e1stan\u00e1r. \u2013 A gimn.-ot \u00e9s teol\u00f3giai tanulm\u00e1nyait Gyulafeh\u00e9rv\u00e1ron v\u00e9gezte. Papp\u00e1 szentelte (1936. \u00e1pr. 11.). Gyergy\u00f3szentmikl\u00f3son, majd a Mv.-i M. Kir. \u00c1llami Tan\u00edt\u00f3k\u00e9pz\u0151 Int\u00e9zet \u00e9s L\u00edc.-ban hittant tan\u00edtott (1943\u201344). Felf\u00fcggesztett\u00e9k (1944). Irod.: Ferenczi S\u00e1ndor 2009; Szab\u00f3 K. Attila.<\/p>\n","protected":false},"featured_media":0,"comment_status":"open","ping_status":"closed","template":"","meta":[],"product_brand":[],"product_cat":[137],"product_tag":[],"class_list":{"0":"post-20426","1":"product","2":"type-product","3":"status-publish","5":"product_cat-maros-megyei-eletrajzi-lexikon","7":"first","8":"instock","9":"shipping-taxable","10":"product-type-simple"},"_links":{"self":[{"href":"https:\/\/uj.adatbank.ro\/lexikon\/wp-json\/wp\/v2\/product\/20426","targetHints":{"allow":["GET"]}}],"collection":[{"href":"https:\/\/uj.adatbank.ro\/lexikon\/wp-json\/wp\/v2\/product"}],"about":[{"href":"https:\/\/uj.adatbank.ro\/lexikon\/wp-json\/wp\/v2\/types\/product"}],"replies":[{"embeddable":true,"href":"https:\/\/uj.adatbank.ro\/lexikon\/wp-json\/wp\/v2\/comments?post=20426"}],"wp:attachment":[{"href":"https:\/\/uj.adatbank.ro\/lexikon\/wp-json\/wp\/v2\/media?parent=20426"}],"wp:term":[{"taxonomy":"product_brand","embeddable":true,"href":"https:\/\/uj.adatbank.ro\/lexikon\/wp-json\/wp\/v2\/product_brand?post=20426"},{"taxonomy":"product_cat","embeddable":true,"href":"https:\/\/uj.adatbank.ro\/lexikon\/wp-json\/wp\/v2\/product_cat?post=20426"},{"taxonomy":"product_tag","embeddable":true,"href":"https:\/\/uj.adatbank.ro\/lexikon\/wp-json\/wp\/v2\/product_tag?post=20426"}],"curies":[{"name":"wp","href":"https:\/\/api.w.org\/{rel}","templated":true}]}}