{"id":20428,"date":"2025-07-22T18:48:35","date_gmt":"2025-07-22T16:48:35","guid":{"rendered":"https:\/\/uj.adatbank.ro\/lexikon\/termek\/simon-istvan-kissolymosi-simon-istvan\/"},"modified":"2025-07-22T18:48:35","modified_gmt":"2025-07-22T16:48:35","slug":"simon-istvan-kissolymosi-simon-istvan","status":"publish","type":"product","link":"https:\/\/uj.adatbank.ro\/lexikon\/termek\/simon-istvan-kissolymosi-simon-istvan\/","title":{"rendered":"SIMON Istv\u00e1n, Kissolymosi Simon Istv\u00e1n"},"content":{"rendered":"<p>1752? \u2020 1829. m\u00e1rc. 17.: r. k. pap. \u2013 Tanult Kv.-on \u00e9s Gyulafeh\u00e9rv\u00e1ron (1778\u201380), papp\u00e1 szentelt\u00e9k (1781. szept. 22.). Mv.-en tan\u00e1r (1782\u201387). Val\u00f3sz\u00edn\u0171, hogy Abosfalv\u00e1n volt pl\u00e9b\u00e1nos (1783\u201387). Pl\u00e9b\u00e1nos Magyarszarvaskenden (1787), Sz\u00e9kelyb\u0151ben (1793), Jegeny\u00e9n (1796), Top\u00e1nfalv\u00e1n (1818), nyugd\u00edjas (1825). <br \/><strong>Irod.:<\/strong> Ferenczi S\u00e1ndor 2009.<\/br><\/p>\n","protected":false},"excerpt":{"rendered":"<p>1752? \u2020 1829. m\u00e1rc. 17.: r. k. pap. \u2013 Tanult Kv.-on \u00e9s Gyulafeh\u00e9rv\u00e1ron (1778\u201380), papp\u00e1 szentelt\u00e9k (1781. szept. 22.). Mv.-en tan\u00e1r (1782\u201387). Val\u00f3sz\u00edn\u0171, hogy Abosfalv\u00e1n volt pl\u00e9b\u00e1nos (1783\u201387). Pl\u00e9b\u00e1nos Magyarszarvaskenden (1787), Sz\u00e9kelyb\u0151ben (1793), Jegeny\u00e9n (1796), Top\u00e1nfalv\u00e1n (1818), nyugd\u00edjas (1825). Irod.: Ferenczi S\u00e1ndor 2009.<\/p>\n","protected":false},"featured_media":0,"comment_status":"open","ping_status":"closed","template":"","meta":[],"product_brand":[],"product_cat":[137],"product_tag":[],"class_list":{"0":"post-20428","1":"product","2":"type-product","3":"status-publish","5":"product_cat-maros-megyei-eletrajzi-lexikon","7":"first","8":"instock","9":"shipping-taxable","10":"product-type-simple"},"_links":{"self":[{"href":"https:\/\/uj.adatbank.ro\/lexikon\/wp-json\/wp\/v2\/product\/20428","targetHints":{"allow":["GET"]}}],"collection":[{"href":"https:\/\/uj.adatbank.ro\/lexikon\/wp-json\/wp\/v2\/product"}],"about":[{"href":"https:\/\/uj.adatbank.ro\/lexikon\/wp-json\/wp\/v2\/types\/product"}],"replies":[{"embeddable":true,"href":"https:\/\/uj.adatbank.ro\/lexikon\/wp-json\/wp\/v2\/comments?post=20428"}],"wp:attachment":[{"href":"https:\/\/uj.adatbank.ro\/lexikon\/wp-json\/wp\/v2\/media?parent=20428"}],"wp:term":[{"taxonomy":"product_brand","embeddable":true,"href":"https:\/\/uj.adatbank.ro\/lexikon\/wp-json\/wp\/v2\/product_brand?post=20428"},{"taxonomy":"product_cat","embeddable":true,"href":"https:\/\/uj.adatbank.ro\/lexikon\/wp-json\/wp\/v2\/product_cat?post=20428"},{"taxonomy":"product_tag","embeddable":true,"href":"https:\/\/uj.adatbank.ro\/lexikon\/wp-json\/wp\/v2\/product_tag?post=20428"}],"curies":[{"name":"wp","href":"https:\/\/api.w.org\/{rel}","templated":true}]}}