{"id":20429,"date":"2025-07-22T18:48:37","date_gmt":"2025-07-22T16:48:37","guid":{"rendered":"https:\/\/uj.adatbank.ro\/lexikon\/termek\/simon-ivan\/"},"modified":"2025-07-22T18:48:37","modified_gmt":"2025-07-22T16:48:37","slug":"simon-ivan","status":"publish","type":"product","link":"https:\/\/uj.adatbank.ro\/lexikon\/termek\/simon-ivan\/","title":{"rendered":"SIMON Iv\u00e1n"},"content":{"rendered":"<p>? \u2020?: birtokos, gyergy\u00f3szentmikl\u00f3si sz\u00e1rmaz\u00e1s\u00fa, S. Endre kat. lelk\u00e9sz-tan\u00e1r testv\u00e9r\u00f6ccse; Iskol\u00e1it Mv., Segesv\u00e1rt, Gyulafeh\u00e9rv\u00e1rt \u00e9s Kv.-t j\u00e1rta. T\u00f6bb k\u00f6ltem\u00e9nyt \u00edrt, melyekb\u0151l a budapesti Polg\u00e1r (1875. 22. sz.) b\u0151 mutatv\u00e1nyt k\u00f6z\u00f6lt. <br \/><strong>Irod.:<\/strong> Szinnyei.<\/br><\/p>\n","protected":false},"excerpt":{"rendered":"<p>? \u2020?: birtokos, gyergy\u00f3szentmikl\u00f3si sz\u00e1rmaz\u00e1s\u00fa, S. Endre kat. lelk\u00e9sz-tan\u00e1r testv\u00e9r\u00f6ccse; Iskol\u00e1it Mv., Segesv\u00e1rt, Gyulafeh\u00e9rv\u00e1rt \u00e9s Kv.-t j\u00e1rta. T\u00f6bb k\u00f6ltem\u00e9nyt \u00edrt, melyekb\u0151l a budapesti Polg\u00e1r (1875. 22. sz.) b\u0151 mutatv\u00e1nyt k\u00f6z\u00f6lt. Irod.: Szinnyei.<\/p>\n","protected":false},"featured_media":0,"comment_status":"open","ping_status":"closed","template":"","meta":[],"product_brand":[],"product_cat":[137],"product_tag":[],"class_list":{"0":"post-20429","1":"product","2":"type-product","3":"status-publish","5":"product_cat-maros-megyei-eletrajzi-lexikon","7":"first","8":"instock","9":"shipping-taxable","10":"product-type-simple"},"_links":{"self":[{"href":"https:\/\/uj.adatbank.ro\/lexikon\/wp-json\/wp\/v2\/product\/20429","targetHints":{"allow":["GET"]}}],"collection":[{"href":"https:\/\/uj.adatbank.ro\/lexikon\/wp-json\/wp\/v2\/product"}],"about":[{"href":"https:\/\/uj.adatbank.ro\/lexikon\/wp-json\/wp\/v2\/types\/product"}],"replies":[{"embeddable":true,"href":"https:\/\/uj.adatbank.ro\/lexikon\/wp-json\/wp\/v2\/comments?post=20429"}],"wp:attachment":[{"href":"https:\/\/uj.adatbank.ro\/lexikon\/wp-json\/wp\/v2\/media?parent=20429"}],"wp:term":[{"taxonomy":"product_brand","embeddable":true,"href":"https:\/\/uj.adatbank.ro\/lexikon\/wp-json\/wp\/v2\/product_brand?post=20429"},{"taxonomy":"product_cat","embeddable":true,"href":"https:\/\/uj.adatbank.ro\/lexikon\/wp-json\/wp\/v2\/product_cat?post=20429"},{"taxonomy":"product_tag","embeddable":true,"href":"https:\/\/uj.adatbank.ro\/lexikon\/wp-json\/wp\/v2\/product_tag?post=20429"}],"curies":[{"name":"wp","href":"https:\/\/api.w.org\/{rel}","templated":true}]}}